{"id":11155,"date":"2023-10-27T14:22:03","date_gmt":"2023-10-27T13:22:03","guid":{"rendered":"https:\/\/iot.lostnfound.com\/?page_id=11155"},"modified":"2023-11-01T23:55:44","modified_gmt":"2023-11-01T22:55:44","slug":"addsecure-solar-unit","status":"publish","type":"page","link":"https:\/\/iot.lostnfound.com\/fr\/produit\/addsecure-solar-unit\/","title":{"rendered":"ADDSECURE SolarTracker"},"content":{"rendered":"<p>L&rsquo;AddSecure SolarTracker est un appareil de localisation compact et performant, facile \u00e0 installer. Il est id\u00e9al pour le suivi et la surveillance d&rsquo;objets mobiles tels que des conteneurs, des remorques et des caisses mobiles. Les donn\u00e9es de localisation sont envoy\u00e9es lors d&rsquo;\u00e9v\u00e9nements importants comme le d\u00e9but, la dur\u00e9e ou la fin d&rsquo;un mouvement et, gr\u00e2ce \u00e0 l&rsquo;\u00e9l\u00e9ment solaire, il est particuli\u00e8rement adapt\u00e9 aux longues missions de plusieurs mois.<\/p>\n","protected":false},"excerpt":{"rendered":"<p>L&rsquo;AddSecure SolarTracker est un appareil de localisation compact et performant, facile \u00e0 installer. Il est id\u00e9al pour le suivi et la surveillance d&rsquo;objets mobiles tels que des conteneurs, des remorques et des caisses mobiles. Les donn\u00e9es de localisation sont envoy\u00e9es lors d&rsquo;\u00e9v\u00e9nements importants comme le d\u00e9but, la dur\u00e9e ou la fin d&rsquo;un mouvement et, gr\u00e2ce [&hellip;]<\/p>\n","protected":false},"author":3,"featured_media":11158,"parent":8680,"menu_order":0,"comment_status":"closed","ping_status":"closed","template":"single-template-product.php","meta":{"_acf_changed":false,"inline_featured_image":false,"footnotes":""},"class_list":["post-11155","page","type-page","status-publish","has-post-thumbnail","hentry"],"acf":[],"yoast_head":"<!-- This site is optimized with the Yoast SEO plugin v26.1.1 - https:\/\/yoast.com\/wordpress\/plugins\/seo\/ -->\n<title>ADDSECURE SolarTracker - LOSTnFOUND<\/title>\n<meta name=\"robots\" content=\"index, follow, max-snippet:-1, max-image-preview:large, max-video-preview:-1\" \/>\n<link rel=\"canonical\" href=\"https:\/\/iot.lostnfound.com\/fr\/produit\/addsecure-solar-unit\/\" \/>\n<meta name=\"twitter:label1\" content=\"Dur\u00e9e de lecture estim\u00e9e\" \/>\n\t<meta name=\"twitter:data1\" content=\"1 minute\" \/>\n<script type=\"application\/ld+json\" class=\"yoast-schema-graph\">{\"@context\":\"https:\/\/schema.org\",\"@graph\":[{\"@type\":\"WebPage\",\"@id\":\"https:\/\/iot.lostnfound.com\/fr\/produit\/addsecure-solar-unit\/\",\"url\":\"https:\/\/iot.lostnfound.com\/fr\/produit\/addsecure-solar-unit\/\",\"name\":\"ADDSECURE SolarTracker - LOSTnFOUND\",\"isPartOf\":{\"@id\":\"https:\/\/iot.lostnfound.com\/#website\"},\"primaryImageOfPage\":{\"@id\":\"https:\/\/iot.lostnfound.com\/fr\/produit\/addsecure-solar-unit\/#primaryimage\"},\"image\":{\"@id\":\"https:\/\/iot.lostnfound.com\/fr\/produit\/addsecure-solar-unit\/#primaryimage\"},\"thumbnailUrl\":\"https:\/\/iot.lostnfound.com\/wp-content\/uploads\/Addseure-Solar-Unit.png\",\"datePublished\":\"2023-10-27T13:22:03+00:00\",\"dateModified\":\"2023-11-01T22:55:44+00:00\",\"breadcrumb\":{\"@id\":\"https:\/\/iot.lostnfound.com\/fr\/produit\/addsecure-solar-unit\/#breadcrumb\"},\"inLanguage\":\"fr-FR\",\"potentialAction\":[{\"@type\":\"ReadAction\",\"target\":[\"https:\/\/iot.lostnfound.com\/fr\/produit\/addsecure-solar-unit\/\"]}]},{\"@type\":\"ImageObject\",\"inLanguage\":\"fr-FR\",\"@id\":\"https:\/\/iot.lostnfound.com\/fr\/produit\/addsecure-solar-unit\/#primaryimage\",\"url\":\"https:\/\/iot.lostnfound.com\/wp-content\/uploads\/Addseure-Solar-Unit.png\",\"contentUrl\":\"https:\/\/iot.lostnfound.com\/wp-content\/uploads\/Addseure-Solar-Unit.png\",\"width\":444,\"height\":931},{\"@type\":\"BreadcrumbList\",\"@id\":\"https:\/\/iot.lostnfound.com\/fr\/produit\/addsecure-solar-unit\/#breadcrumb\",\"itemListElement\":[{\"@type\":\"ListItem\",\"position\":1,\"name\":\"Home\",\"item\":\"https:\/\/iot.lostnfound.com\/fr\/\"},{\"@type\":\"ListItem\",\"position\":2,\"name\":\"Produit\",\"item\":\"https:\/\/iot.lostnfound.com\/fr\/produit\/\"},{\"@type\":\"ListItem\",\"position\":3,\"name\":\"ADDSECURE SolarTracker\"}]},{\"@type\":\"WebSite\",\"@id\":\"https:\/\/iot.lostnfound.com\/#website\",\"url\":\"https:\/\/iot.lostnfound.com\/\",\"name\":\"LOSTnFOUND\",\"description\":\"Telematic f\u00fcr das Internet der Dinge\",\"potentialAction\":[{\"@type\":\"SearchAction\",\"target\":{\"@type\":\"EntryPoint\",\"urlTemplate\":\"https:\/\/iot.lostnfound.com\/?s={search_term_string}\"},\"query-input\":{\"@type\":\"PropertyValueSpecification\",\"valueRequired\":true,\"valueName\":\"search_term_string\"}}],\"inLanguage\":\"fr-FR\"}]}<\/script>\n<!-- \/ Yoast SEO plugin. -->","yoast_head_json":{"title":"ADDSECURE SolarTracker - LOSTnFOUND","robots":{"index":"index","follow":"follow","max-snippet":"max-snippet:-1","max-image-preview":"max-image-preview:large","max-video-preview":"max-video-preview:-1"},"canonical":"https:\/\/iot.lostnfound.com\/fr\/produit\/addsecure-solar-unit\/","twitter_misc":{"Dur\u00e9e de lecture estim\u00e9e":"1 minute"},"schema":{"@context":"https:\/\/schema.org","@graph":[{"@type":"WebPage","@id":"https:\/\/iot.lostnfound.com\/fr\/produit\/addsecure-solar-unit\/","url":"https:\/\/iot.lostnfound.com\/fr\/produit\/addsecure-solar-unit\/","name":"ADDSECURE SolarTracker - LOSTnFOUND","isPartOf":{"@id":"https:\/\/iot.lostnfound.com\/#website"},"primaryImageOfPage":{"@id":"https:\/\/iot.lostnfound.com\/fr\/produit\/addsecure-solar-unit\/#primaryimage"},"image":{"@id":"https:\/\/iot.lostnfound.com\/fr\/produit\/addsecure-solar-unit\/#primaryimage"},"thumbnailUrl":"https:\/\/iot.lostnfound.com\/wp-content\/uploads\/Addseure-Solar-Unit.png","datePublished":"2023-10-27T13:22:03+00:00","dateModified":"2023-11-01T22:55:44+00:00","breadcrumb":{"@id":"https:\/\/iot.lostnfound.com\/fr\/produit\/addsecure-solar-unit\/#breadcrumb"},"inLanguage":"fr-FR","potentialAction":[{"@type":"ReadAction","target":["https:\/\/iot.lostnfound.com\/fr\/produit\/addsecure-solar-unit\/"]}]},{"@type":"ImageObject","inLanguage":"fr-FR","@id":"https:\/\/iot.lostnfound.com\/fr\/produit\/addsecure-solar-unit\/#primaryimage","url":"https:\/\/iot.lostnfound.com\/wp-content\/uploads\/Addseure-Solar-Unit.png","contentUrl":"https:\/\/iot.lostnfound.com\/wp-content\/uploads\/Addseure-Solar-Unit.png","width":444,"height":931},{"@type":"BreadcrumbList","@id":"https:\/\/iot.lostnfound.com\/fr\/produit\/addsecure-solar-unit\/#breadcrumb","itemListElement":[{"@type":"ListItem","position":1,"name":"Home","item":"https:\/\/iot.lostnfound.com\/fr\/"},{"@type":"ListItem","position":2,"name":"Produit","item":"https:\/\/iot.lostnfound.com\/fr\/produit\/"},{"@type":"ListItem","position":3,"name":"ADDSECURE SolarTracker"}]},{"@type":"WebSite","@id":"https:\/\/iot.lostnfound.com\/#website","url":"https:\/\/iot.lostnfound.com\/","name":"LOSTnFOUND","description":"Telematic f\u00fcr das Internet der Dinge","potentialAction":[{"@type":"SearchAction","target":{"@type":"EntryPoint","urlTemplate":"https:\/\/iot.lostnfound.com\/?s={search_term_string}"},"query-input":{"@type":"PropertyValueSpecification","valueRequired":true,"valueName":"search_term_string"}}],"inLanguage":"fr-FR"}]}},"_links":{"self":[{"href":"https:\/\/iot.lostnfound.com\/fr\/wp-json\/wp\/v2\/pages\/11155","targetHints":{"allow":["GET"]}}],"collection":[{"href":"https:\/\/iot.lostnfound.com\/fr\/wp-json\/wp\/v2\/pages"}],"about":[{"href":"https:\/\/iot.lostnfound.com\/fr\/wp-json\/wp\/v2\/types\/page"}],"author":[{"embeddable":true,"href":"https:\/\/iot.lostnfound.com\/fr\/wp-json\/wp\/v2\/users\/3"}],"replies":[{"embeddable":true,"href":"https:\/\/iot.lostnfound.com\/fr\/wp-json\/wp\/v2\/comments?post=11155"}],"version-history":[{"count":2,"href":"https:\/\/iot.lostnfound.com\/fr\/wp-json\/wp\/v2\/pages\/11155\/revisions"}],"predecessor-version":[{"id":11175,"href":"https:\/\/iot.lostnfound.com\/fr\/wp-json\/wp\/v2\/pages\/11155\/revisions\/11175"}],"up":[{"embeddable":true,"href":"https:\/\/iot.lostnfound.com\/fr\/wp-json\/wp\/v2\/pages\/8680"}],"wp:featuredmedia":[{"embeddable":true,"href":"https:\/\/iot.lostnfound.com\/fr\/wp-json\/wp\/v2\/media\/11158"}],"wp:attachment":[{"href":"https:\/\/iot.lostnfound.com\/fr\/wp-json\/wp\/v2\/media?parent=11155"}],"curies":[{"name":"wp","href":"https:\/\/api.w.org\/{rel}","templated":true}]}}