{"id":1166,"date":"2018-03-15T13:54:30","date_gmt":"2018-03-15T12:54:30","guid":{"rendered":"http:\/\/fleet.tech\/preview\/?page_id=1166"},"modified":"2019-04-05T15:58:41","modified_gmt":"2019-04-05T14:58:41","slug":"portrait-de-lentreprise","status":"publish","type":"page","link":"https:\/\/iot.lostnfound.com\/fr\/portrait-de-lentreprise\/","title":{"rendered":"Portrait de l\u2019entreprise"},"content":{"rendered":"<div id=\"pl-1166\"  class=\"panel-layout\" ><div id=\"pg-1166-0\"  class=\"panel-grid panel-no-style\" ><div id=\"pgc-1166-0-0\"  class=\"panel-grid-cell\" ><div id=\"panel-1166-0-0-0\" class=\"so-panel widget widget_sow-editor panel-first-child panel-last-child\" data-index=\"0\" ><div\n\t\t\t\n\t\t\tclass=\"so-widget-sow-editor so-widget-sow-editor-base\"\n\t\t\t\n\t\t>\n<div class=\"siteorigin-widget-tinymce textwidget\">\n\t<h1>Portrait de l\u2019entreprise<\/h1>\n<\/div>\n<\/div><\/div><\/div><\/div><div id=\"pg-1166-1\"  class=\"panel-grid panel-no-style\" ><div id=\"pgc-1166-1-0\"  class=\"panel-grid-cell\" ><div id=\"panel-1166-1-0-0\" class=\"so-panel widget widget_sow-editor panel-first-child panel-last-child\" data-index=\"1\" ><div\n\t\t\t\n\t\t\tclass=\"so-widget-sow-editor so-widget-sow-editor-base\"\n\t\t\t\n\t\t>\n<div class=\"siteorigin-widget-tinymce textwidget\">\n\t<p>D\u00e9j\u00e0 aujourd'hui, nous utilisons des aides num\u00e9riques comme le smartphone pour nous informer en priv\u00e9, mais aussi en affaires. Depuis la cr\u00e9ation de l'entreprise en 2009, le terme \"t\u00e9l\u00e9matique\" s'est impos\u00e9 avec la \"mise en r\u00e9seau des v\u00e9hicules\" et les services cr\u00e9\u00e9s dans cet environnement : aujourd'hui, la t\u00e9l\u00e9matique fait autant partie du monde des v\u00e9hicules commerciaux que l'Internet des smartphones. Avec nos deux groupes de produits LOSTnFOUND\u00ae et fleet.tech\u00ae, nous sommes en mesure de d\u00e9velopper de nouvelles solutions et fonctions avec nos clients et de participer activement \u00e0 ce processus. <\/p>\n<p>Avec nos produits, la num\u00e9risation et la mise en r\u00e9seau des supports d'information directs et p\u00e9riph\u00e9riques deviennent plus faciles et plus rentables. Il en est r\u00e9sult\u00e9 un portefeuille de produits consid\u00e9rable qui est aujourd'hui utilis\u00e9 quotidiennement par des milliers de clients issus d'un large \u00e9ventail d'industries et de tailles d'entreprises dans plus de 20 pays. Mais les appareils mobiles et les capteurs, l'Internet des objets (IoT) et l'intelligence artificielle transformeront le monde beaucoup plus radicalement \u00e0 l'avenir que nous ne le savons aujourd'hui. Ces technologies modifient consid\u00e9rablement la fa\u00e7on dont nous pr\u00e9voyons travailler avec nos coll\u00e8gues et nos partenaires commerciaux et modifient fondamentalement notre fa\u00e7on de faire des affaires. Les ingr\u00e9dients sous-jacents \u00e0 cette technologie - la convergence de la connectivit\u00e9, l'automatisation et l'efficacit\u00e9 des processus correspondants et l'architecture syst\u00e8me ouverte et coh\u00e9rente - ont toujours \u00e9t\u00e9 \u00e0 la base de notre ADN de service. <\/p>\n<p>Nous sommes impatients d'innover avec nos clients et de r\u00e9aliser des projets passionnants !<\/p>\n<\/div>\n<\/div><\/div><\/div><div id=\"pgc-1166-1-1\"  class=\"panel-grid-cell\" ><div id=\"panel-1166-1-1-0\" class=\"so-panel widget widget_sow-editor panel-first-child panel-last-child\" data-index=\"2\" ><div class=\"wow slideInRight panel-widget-style panel-widget-style-for-1166-1-1-0\" data-wow-offset=\"10\" data-wow-iteration=\"1\" ><div\n\t\t\t\n\t\t\tclass=\"so-widget-sow-editor so-widget-sow-editor-base\"\n\t\t\t\n\t\t>\n<div class=\"siteorigin-widget-tinymce textwidget\">\n\t<p><img loading=\"lazy\" decoding=\"async\" class=\"alignnone size-full wp-image-9443\" src=\"https:\/\/iot.lostnfound.com\/wp-content\/uploads\/Siegel_Toplist_2019_300dpi_4c.png\" alt=\"\" width=\"400\" height=\"400\" srcset=\"https:\/\/iot.lostnfound.com\/wp-content\/uploads\/Siegel_Toplist_2019_300dpi_4c.png 400w, https:\/\/iot.lostnfound.com\/wp-content\/uploads\/Siegel_Toplist_2019_300dpi_4c-120x120.png 120w, https:\/\/iot.lostnfound.com\/wp-content\/uploads\/Siegel_Toplist_2019_300dpi_4c-320x320.png 320w, https:\/\/iot.lostnfound.com\/wp-content\/uploads\/Siegel_Toplist_2019_300dpi_4c-100x100.png 100w\" sizes=\"auto, (max-width: 400px) 100vw, 400px\" \/><\/p>\n<p><img loading=\"lazy\" decoding=\"async\" class=\"alignnone size-thumbnail wp-image-436\" src=\"https:\/\/iot.lostnfound.com\/wp-content\/uploads\/20170630_germanbrandawrd-400x265.png\" alt=\"German Brand Award 2017\" width=\"400\" height=\"265\" \/><\/p>\n<\/div>\n<\/div><\/div><\/div><\/div><\/div><div id=\"pg-1166-2\"  class=\"panel-grid panel-has-style\" ><div class=\"siteorigin-panels-stretch panel-row-style panel-row-style-for-1166-2\" data-stretch-type=\"full-stretched\" ><div id=\"pgc-1166-2-0\"  class=\"panel-grid-cell\" ><div id=\"panel-1166-2-0-0\" class=\"so-panel widget widget_sow-editor panel-first-child panel-last-child\" data-index=\"3\" ><div\n\t\t\t\n\t\t\tclass=\"so-widget-sow-editor so-widget-sow-editor-base\"\n\t\t\t\n\t\t>\n<div class=\"siteorigin-widget-tinymce textwidget\">\n\t\n  <div id=\"cta\" class=\"bg-green\">\n    <div class=\"uk-container uk-container-center\">\n      <div class=\"uk-grid uk-grid-large uk-flex uk-flex-middle uk-margin-small-top uk-margin-small-bottom\">\n        <div class=\"uk-width-small-1-1 uk-width-medium-1-1 uk-width-large-6-10\">\n          <p class=\"uk-h4\">Obtenez votre offre individuelle maintenant!<\/p>\n        <\/div>\n        <div class=\"uk-width-small-1-1 uk-width-medium-1-1 uk-width-large-4-10 uk-text-right\">\n          <a href=\"https:\/\/iot.lostnfound.com\/fr\/un-apercu-des-solutionfinders\/\" class=\"uk-button\">\u00c0 seulement 2 pas \u00e0 l'offre<\/a>\n        <\/div>\n      <\/div>\n    <\/div>\n  <\/div>\n\n  \n<\/div>\n<\/div><\/div><\/div><\/div><\/div><\/div>","protected":false},"excerpt":{"rendered":"<p>Portrait de l\u2019entreprise D\u00e9j\u00e0 aujourd&rsquo;hui, nous utilisons des aides num\u00e9riques comme le smartphone pour nous informer en priv\u00e9, mais aussi en affaires. Depuis la cr\u00e9ation de l&rsquo;entreprise en 2009, le terme \u00ab\u00a0t\u00e9l\u00e9matique\u00a0\u00bb s&rsquo;est impos\u00e9 avec la \u00ab\u00a0mise en r\u00e9seau des v\u00e9hicules\u00a0\u00bb et les services cr\u00e9\u00e9s dans cet environnement : aujourd&rsquo;hui, la t\u00e9l\u00e9matique fait autant partie [&hellip;]<\/p>\n","protected":false},"author":3,"featured_media":8596,"parent":0,"menu_order":0,"comment_status":"closed","ping_status":"closed","template":"","meta":{"_acf_changed":false,"inline_featured_image":false,"footnotes":""},"class_list":["post-1166","page","type-page","status-publish","has-post-thumbnail","hentry"],"acf":[],"yoast_head":"<!-- This site is optimized with the Yoast SEO plugin v26.1.1 - https:\/\/yoast.com\/wordpress\/plugins\/seo\/ -->\n<title>Portrait de l\u2019entreprise - LOSTnFOUND<\/title>\n<meta name=\"robots\" content=\"index, follow, max-snippet:-1, max-image-preview:large, max-video-preview:-1\" \/>\n<link rel=\"canonical\" href=\"https:\/\/iot.lostnfound.com\/fr\/portrait-de-lentreprise\/\" \/>\n<meta name=\"twitter:label1\" content=\"Dur\u00e9e de lecture estim\u00e9e\" \/>\n\t<meta name=\"twitter:data1\" content=\"1 minute\" \/>\n<script type=\"application\/ld+json\" class=\"yoast-schema-graph\">{\"@context\":\"https:\/\/schema.org\",\"@graph\":[{\"@type\":\"WebPage\",\"@id\":\"https:\/\/iot.lostnfound.com\/fr\/portrait-de-lentreprise\/\",\"url\":\"https:\/\/iot.lostnfound.com\/fr\/portrait-de-lentreprise\/\",\"name\":\"Portrait de l\u2019entreprise - LOSTnFOUND\",\"isPartOf\":{\"@id\":\"https:\/\/iot.lostnfound.com\/#website\"},\"primaryImageOfPage\":{\"@id\":\"https:\/\/iot.lostnfound.com\/fr\/portrait-de-lentreprise\/#primaryimage\"},\"image\":{\"@id\":\"https:\/\/iot.lostnfound.com\/fr\/portrait-de-lentreprise\/#primaryimage\"},\"thumbnailUrl\":\"https:\/\/iot.lostnfound.com\/wp-content\/uploads\/ueber_uns.jpg\",\"datePublished\":\"2018-03-15T12:54:30+00:00\",\"dateModified\":\"2019-04-05T14:58:41+00:00\",\"breadcrumb\":{\"@id\":\"https:\/\/iot.lostnfound.com\/fr\/portrait-de-lentreprise\/#breadcrumb\"},\"inLanguage\":\"fr-FR\",\"potentialAction\":[{\"@type\":\"ReadAction\",\"target\":[\"https:\/\/iot.lostnfound.com\/fr\/portrait-de-lentreprise\/\"]}]},{\"@type\":\"ImageObject\",\"inLanguage\":\"fr-FR\",\"@id\":\"https:\/\/iot.lostnfound.com\/fr\/portrait-de-lentreprise\/#primaryimage\",\"url\":\"https:\/\/iot.lostnfound.com\/wp-content\/uploads\/ueber_uns.jpg\",\"contentUrl\":\"https:\/\/iot.lostnfound.com\/wp-content\/uploads\/ueber_uns.jpg\",\"width\":1920,\"height\":700,\"caption\":\"\u00dcber uns\"},{\"@type\":\"BreadcrumbList\",\"@id\":\"https:\/\/iot.lostnfound.com\/fr\/portrait-de-lentreprise\/#breadcrumb\",\"itemListElement\":[{\"@type\":\"ListItem\",\"position\":1,\"name\":\"Home\",\"item\":\"https:\/\/iot.lostnfound.com\/fr\/\"},{\"@type\":\"ListItem\",\"position\":2,\"name\":\"Portrait de l\u2019entreprise\"}]},{\"@type\":\"WebSite\",\"@id\":\"https:\/\/iot.lostnfound.com\/#website\",\"url\":\"https:\/\/iot.lostnfound.com\/\",\"name\":\"LOSTnFOUND\",\"description\":\"Telematic f\u00fcr das Internet der Dinge\",\"potentialAction\":[{\"@type\":\"SearchAction\",\"target\":{\"@type\":\"EntryPoint\",\"urlTemplate\":\"https:\/\/iot.lostnfound.com\/?s={search_term_string}\"},\"query-input\":{\"@type\":\"PropertyValueSpecification\",\"valueRequired\":true,\"valueName\":\"search_term_string\"}}],\"inLanguage\":\"fr-FR\"}]}<\/script>\n<!-- \/ Yoast SEO plugin. -->","yoast_head_json":{"title":"Portrait de l\u2019entreprise - LOSTnFOUND","robots":{"index":"index","follow":"follow","max-snippet":"max-snippet:-1","max-image-preview":"max-image-preview:large","max-video-preview":"max-video-preview:-1"},"canonical":"https:\/\/iot.lostnfound.com\/fr\/portrait-de-lentreprise\/","twitter_misc":{"Dur\u00e9e de lecture estim\u00e9e":"1 minute"},"schema":{"@context":"https:\/\/schema.org","@graph":[{"@type":"WebPage","@id":"https:\/\/iot.lostnfound.com\/fr\/portrait-de-lentreprise\/","url":"https:\/\/iot.lostnfound.com\/fr\/portrait-de-lentreprise\/","name":"Portrait de l\u2019entreprise - LOSTnFOUND","isPartOf":{"@id":"https:\/\/iot.lostnfound.com\/#website"},"primaryImageOfPage":{"@id":"https:\/\/iot.lostnfound.com\/fr\/portrait-de-lentreprise\/#primaryimage"},"image":{"@id":"https:\/\/iot.lostnfound.com\/fr\/portrait-de-lentreprise\/#primaryimage"},"thumbnailUrl":"https:\/\/iot.lostnfound.com\/wp-content\/uploads\/ueber_uns.jpg","datePublished":"2018-03-15T12:54:30+00:00","dateModified":"2019-04-05T14:58:41+00:00","breadcrumb":{"@id":"https:\/\/iot.lostnfound.com\/fr\/portrait-de-lentreprise\/#breadcrumb"},"inLanguage":"fr-FR","potentialAction":[{"@type":"ReadAction","target":["https:\/\/iot.lostnfound.com\/fr\/portrait-de-lentreprise\/"]}]},{"@type":"ImageObject","inLanguage":"fr-FR","@id":"https:\/\/iot.lostnfound.com\/fr\/portrait-de-lentreprise\/#primaryimage","url":"https:\/\/iot.lostnfound.com\/wp-content\/uploads\/ueber_uns.jpg","contentUrl":"https:\/\/iot.lostnfound.com\/wp-content\/uploads\/ueber_uns.jpg","width":1920,"height":700,"caption":"\u00dcber uns"},{"@type":"BreadcrumbList","@id":"https:\/\/iot.lostnfound.com\/fr\/portrait-de-lentreprise\/#breadcrumb","itemListElement":[{"@type":"ListItem","position":1,"name":"Home","item":"https:\/\/iot.lostnfound.com\/fr\/"},{"@type":"ListItem","position":2,"name":"Portrait de l\u2019entreprise"}]},{"@type":"WebSite","@id":"https:\/\/iot.lostnfound.com\/#website","url":"https:\/\/iot.lostnfound.com\/","name":"LOSTnFOUND","description":"Telematic f\u00fcr das Internet der Dinge","potentialAction":[{"@type":"SearchAction","target":{"@type":"EntryPoint","urlTemplate":"https:\/\/iot.lostnfound.com\/?s={search_term_string}"},"query-input":{"@type":"PropertyValueSpecification","valueRequired":true,"valueName":"search_term_string"}}],"inLanguage":"fr-FR"}]}},"_links":{"self":[{"href":"https:\/\/iot.lostnfound.com\/fr\/wp-json\/wp\/v2\/pages\/1166","targetHints":{"allow":["GET"]}}],"collection":[{"href":"https:\/\/iot.lostnfound.com\/fr\/wp-json\/wp\/v2\/pages"}],"about":[{"href":"https:\/\/iot.lostnfound.com\/fr\/wp-json\/wp\/v2\/types\/page"}],"author":[{"embeddable":true,"href":"https:\/\/iot.lostnfound.com\/fr\/wp-json\/wp\/v2\/users\/3"}],"replies":[{"embeddable":true,"href":"https:\/\/iot.lostnfound.com\/fr\/wp-json\/wp\/v2\/comments?post=1166"}],"version-history":[{"count":5,"href":"https:\/\/iot.lostnfound.com\/fr\/wp-json\/wp\/v2\/pages\/1166\/revisions"}],"predecessor-version":[{"id":9462,"href":"https:\/\/iot.lostnfound.com\/fr\/wp-json\/wp\/v2\/pages\/1166\/revisions\/9462"}],"wp:featuredmedia":[{"embeddable":true,"href":"https:\/\/iot.lostnfound.com\/fr\/wp-json\/wp\/v2\/media\/8596"}],"wp:attachment":[{"href":"https:\/\/iot.lostnfound.com\/fr\/wp-json\/wp\/v2\/media?parent=1166"}],"curies":[{"name":"wp","href":"https:\/\/api.w.org\/{rel}","templated":true}]}}