{"id":1223,"date":"2018-03-06T12:59:50","date_gmt":"2018-03-06T11:59:50","guid":{"rendered":"http:\/\/fleet.tech\/preview\/imprint\/"},"modified":"2019-07-19T10:33:18","modified_gmt":"2019-07-19T09:33:18","slug":"mentions-legales","status":"publish","type":"page","link":"https:\/\/iot.lostnfound.com\/fr\/mentions-legales\/","title":{"rendered":"Mentions\u00a0l\u00e9gales"},"content":{"rendered":"<div id=\"pl-1223\"  class=\"panel-layout\" ><div id=\"pg-1223-0\"  class=\"panel-grid panel-no-style\" ><div id=\"pgc-1223-0-0\"  class=\"panel-grid-cell\" ><div id=\"panel-1223-0-0-0\" class=\"so-panel widget widget_sow-editor panel-first-child panel-last-child\" data-index=\"0\" ><div\n\t\t\t\n\t\t\tclass=\"so-widget-sow-editor so-widget-sow-editor-base\"\n\t\t\t\n\t\t>\n<div class=\"siteorigin-widget-tinymce textwidget\">\n\t<h2>Mentions l\u00e9gales<br \/>\n<\/h2>\n<div>\n<p>\u00a0<\/p>\n<\/div>\n<\/div>\n<\/div><\/div><\/div><\/div><div id=\"pg-1223-1\"  class=\"panel-grid panel-has-style\" ><div class=\"no-margin panel-row-style panel-row-style-for-1223-1\" ><div id=\"pgc-1223-1-0\"  class=\"panel-grid-cell\" ><div id=\"panel-1223-1-0-0\" class=\"so-panel widget widget_sow-editor panel-first-child panel-last-child\" data-index=\"1\" ><div\n\t\t\t\n\t\t\tclass=\"so-widget-sow-editor so-widget-sow-editor-base\"\n\t\t\t\n\t\t>\n<div class=\"siteorigin-widget-tinymce textwidget\">\n\t<p><strong>LOSTnFOUND AG<\/strong><br \/>\nSoodstrasse 59<br \/>\nCH-8134 Adliswil<br \/>\nSWITZERLAND<\/p>\n<\/div>\n<\/div><\/div><\/div><div id=\"pgc-1223-1-1\"  class=\"panel-grid-cell\" ><div id=\"panel-1223-1-1-0\" class=\"so-panel widget widget_sow-editor panel-first-child panel-last-child\" data-index=\"2\" ><div\n\t\t\t\n\t\t\tclass=\"so-widget-sow-editor so-widget-sow-editor-base\"\n\t\t\t\n\t\t>\n<div class=\"siteorigin-widget-tinymce textwidget\">\n\t<p><strong>Tel:<\/strong> +41 (0) 44 500 40 95<br \/>\n<strong>Fax:<\/strong> +41 (0) 44 500 40 98<\/p>\n<\/div>\n<\/div><\/div><\/div><div id=\"pgc-1223-1-2\"  class=\"panel-grid-cell\" ><div id=\"panel-1223-1-2-0\" class=\"so-panel widget widget_sow-editor panel-first-child panel-last-child\" data-index=\"3\" ><div\n\t\t\t\n\t\t\tclass=\"so-widget-sow-editor so-widget-sow-editor-base\"\n\t\t\t\n\t\t>\n<div class=\"siteorigin-widget-tinymce textwidget\">\n\t<p><strong>Directeur :<\/strong> Daniel Thommen<br \/>\n<strong>Pr\u00e9sident du conseil d\u2019administration :<\/strong> Daniel Thommen<br \/>\n<strong>Office du registre de commerce\u00a0: <\/strong>Canton de Zurich<br \/>\n<strong>Num\u00e9ro d\u2019identification fiscale\u00a0:<\/strong> CH-733 956<br \/>\n<strong>Trade registration number:<\/strong> CH-130.4.014.673-0<\/p>\n<\/div>\n<\/div><\/div><\/div><\/div><\/div><div id=\"pg-1223-2\"  class=\"panel-grid panel-no-style\" ><div id=\"pgc-1223-2-0\"  class=\"panel-grid-cell\" ><div id=\"panel-1223-2-0-0\" class=\"so-panel widget widget_sow-editor panel-first-child panel-last-child\" data-index=\"4\" ><div\n\t\t\t\n\t\t\tclass=\"so-widget-sow-editor so-widget-sow-editor-base\"\n\t\t\t\n\t\t>\n<div class=\"siteorigin-widget-tinymce textwidget\">\n\t<p><strong>Elles sont \u00e9galement valables sur les r\u00e9seaux sociaux\u00a0:<\/strong><br \/>\nFacebook: <a href=\"https:\/\/www.facebook.com\/LOSTnFOUND.AG\" rel=\"noopener\" target=\"_blank\">https:\/\/www.facebook.com\/LOSTnFOUND.AG<\/a><br \/>\nInstagram: <a href=\"https:\/\/www.instagram.com\/lostnfound_group\/\" rel=\"noopener\" target=\"_blank\">https:\/\/www.instagram.com\/lostnfound_group\/<\/a><br \/>\nTwitter: <a href=\"https:\/\/twitter.com\/lostnfoundag\" rel=\"noopener\" target=\"_blank\">https:\/\/twitter.com\/lostnfoundag<\/a><br \/>\nYoutube: <a href=\"https:\/\/www.youtube.com\/channel\/UCcue20rY9RYCGBuZVMpOSkg\" rel=\"noopener\" target=\"_blank\">https:\/\/www.youtube.com\/channel\/UCcue20rY9RYCGBuZVMpOSkg <\/a><br \/>\nGoogle+: <a href=\"https:\/\/plus.google.com\/112200824340051464077\" rel=\"noopener\" target=\"_blank\">https:\/\/plus.google.com\/112200824340051464077 <\/a><\/p>\n<p><strong>Autorit\u00e9(s) de surveillance\u00a0:<\/strong><br \/>\nPr\u00e9pos\u00e9 \u00e0 la protection des donn\u00e9es du canton de Zurich, Suisse (www.datenschutz.ch)<\/p>\n<p><strong>Responsable du contenu r\u00e9dactionnel d\u2019apr\u00e8s le \u00a7 55 alin\u00e9a 2 du trait\u00e9 allemand relatif \u00e0 la radio diffusion (RStV)\u00a0:<\/strong><br \/>\nMarkus Ledermann (voir adresse ci-dessus)<\/p>\n<p><strong>Plaintes \/ r\u00e9solution extrajudiciaire des litiges pour les consommateurs\u00a0:<\/strong><br \/>\nLOSTnFOUND SA prendra part aux proc\u00e9dures de r\u00e9solution extrajudiciaire des litiges conform\u00e9ment \u00e0 la loi allemande sur la r\u00e9solution des litiges relatifs \u00e0 la consommation (VSBG).<\/p>\n<p><strong>Conform\u00e9ment au \u00a7 36 de la VSBG, vous trouverez ci-apr\u00e8s l\u2019adresse de notre bureau de conciliation\u00a0:<\/strong><br \/>\nVereinigung Schweizerischer Unternehmen in Deutschland (Association des entreprises suisses en Allemagne)<br \/>\nHirzbodenweg 95<br \/>\n4052 Basel (Suisse)<\/p>\n<p><strong>Cr\u00e9dit photographique\u00a0:<\/strong><br \/>\nhttps:\/\/www.fotolia.com<br \/>\nhttps:\/\/www.istockphoto.com<br \/>\nLOSTnFOUND AG<\/p>\n<p><strong>Conception et r\u00e9alisation technique\u00a0:<\/strong><\/p>\n<div class=\"BorlabsCookie _brlbs-cb-default\">\n<div class=\"_brlbs-content-blocker\">\n<div class=\"_brlbs-default\">\n<p>Click on the button to load the content from www.firmennest.de.<\/p>\n<p><a class=\"_brlbs-btn\" href=\"#\" data-borlabs-cookie-unblock role=\"button\">Load content<\/a><\/p>\n<\/p><\/div>\n<\/p><\/div>\n<div class=\"borlabs-hide\" data-borlabs-cookie-type=\"content-blocker\" data-borlabs-cookie-id=\"default\"><script type=\"text\/template\">PGJsb2NrcXVvdGUgY2xhc3M9IndwLWVtYmVkZGVkLWNvbnRlbnQiIGRhdGEtc2VjcmV0PSJ0MlVDTXBYWDJrIj48YSBocmVmPSJodHRwczovL3d3dy5maXJtZW5uZXN0LmRlLyI+w5xiZXJibGljazwvYT48L2Jsb2NrcXVvdGU+PGlmcmFtZSBjbGFzcz0id3AtZW1iZWRkZWQtY29udGVudCIgc2FuZGJveD0iYWxsb3ctc2NyaXB0cyIgc2VjdXJpdHk9InJlc3RyaWN0ZWQiIHN0eWxlPSJwb3NpdGlvbjogYWJzb2x1dGU7IHZpc2liaWxpdHk6IGhpZGRlbjsiIHRpdGxlPSImIzgyMjI7w5xiZXJibGljayYjODIyMDsgJiM4MjEyOyBmaXJtZW5uZXN0IiBzcmM9Imh0dHBzOi8vd3d3LmZpcm1lbm5lc3QuZGUvZW1iZWQvIz9zZWNyZXQ9UjVMYXRONjlociM\/c2VjcmV0PXQyVUNNcFhYMmsiIGRhdGEtc2VjcmV0PSJ0MlVDTXBYWDJrIiB3aWR0aD0iNTAwIiBoZWlnaHQ9IjI4MiIgZnJhbWVib3JkZXI9IjAiIG1hcmdpbndpZHRoPSIwIiBtYXJnaW5oZWlnaHQ9IjAiIHNjcm9sbGluZz0ibm8iPjwvaWZyYW1lPg==<\/script><\/div>\n<\/div>\n<p>LOSTnFOUND AG<\/p>\n<p>Optimisation pour les moteurs de recherche\u00a0:<br \/>\nLOSTnFOUND AG<\/p>\n<\/div>\n<\/div><\/div><\/div><\/div><\/div>","protected":false},"excerpt":{"rendered":"<p>Mentions l\u00e9gales \u00a0 LOSTnFOUND AG Soodstrasse 59 CH-8134 Adliswil SWITZERLAND Tel: +41 (0) 44 500 40 95 Fax: +41 (0) 44 500 40 98 Directeur : Daniel Thommen Pr\u00e9sident du conseil d\u2019administration : Daniel Thommen Office du registre de commerce\u00a0: Canton de Zurich Num\u00e9ro d\u2019identification fiscale\u00a0: CH-733 956 Trade registration number: CH-130.4.014.673-0<\/p>\n","protected":false},"author":3,"featured_media":8596,"parent":0,"menu_order":0,"comment_status":"closed","ping_status":"closed","template":"","meta":{"_acf_changed":false,"inline_featured_image":false,"footnotes":""},"class_list":["post-1223","page","type-page","status-publish","has-post-thumbnail","hentry"],"acf":[],"yoast_head":"<!-- This site is optimized with the Yoast SEO plugin v26.1.1 - https:\/\/yoast.com\/wordpress\/plugins\/seo\/ -->\n<title>Mentions\u00a0l\u00e9gales - LOSTnFOUND<\/title>\n<meta name=\"robots\" content=\"index, follow, max-snippet:-1, max-image-preview:large, max-video-preview:-1\" \/>\n<link rel=\"canonical\" href=\"https:\/\/iot.lostnfound.com\/fr\/mentions-legales\/\" \/>\n<meta name=\"twitter:label1\" content=\"Dur\u00e9e de lecture estim\u00e9e\" \/>\n\t<meta name=\"twitter:data1\" content=\"1 minute\" \/>\n<script type=\"application\/ld+json\" class=\"yoast-schema-graph\">{\"@context\":\"https:\/\/schema.org\",\"@graph\":[{\"@type\":\"WebPage\",\"@id\":\"https:\/\/iot.lostnfound.com\/fr\/mentions-legales\/\",\"url\":\"https:\/\/iot.lostnfound.com\/fr\/mentions-legales\/\",\"name\":\"Mentions\u00a0l\u00e9gales - LOSTnFOUND\",\"isPartOf\":{\"@id\":\"https:\/\/iot.lostnfound.com\/#website\"},\"primaryImageOfPage\":{\"@id\":\"https:\/\/iot.lostnfound.com\/fr\/mentions-legales\/#primaryimage\"},\"image\":{\"@id\":\"https:\/\/iot.lostnfound.com\/fr\/mentions-legales\/#primaryimage\"},\"thumbnailUrl\":\"https:\/\/iot.lostnfound.com\/wp-content\/uploads\/ueber_uns.jpg\",\"datePublished\":\"2018-03-06T11:59:50+00:00\",\"dateModified\":\"2019-07-19T09:33:18+00:00\",\"breadcrumb\":{\"@id\":\"https:\/\/iot.lostnfound.com\/fr\/mentions-legales\/#breadcrumb\"},\"inLanguage\":\"fr-FR\",\"potentialAction\":[{\"@type\":\"ReadAction\",\"target\":[\"https:\/\/iot.lostnfound.com\/fr\/mentions-legales\/\"]}]},{\"@type\":\"ImageObject\",\"inLanguage\":\"fr-FR\",\"@id\":\"https:\/\/iot.lostnfound.com\/fr\/mentions-legales\/#primaryimage\",\"url\":\"https:\/\/iot.lostnfound.com\/wp-content\/uploads\/ueber_uns.jpg\",\"contentUrl\":\"https:\/\/iot.lostnfound.com\/wp-content\/uploads\/ueber_uns.jpg\",\"width\":1920,\"height\":700,\"caption\":\"\u00dcber uns\"},{\"@type\":\"BreadcrumbList\",\"@id\":\"https:\/\/iot.lostnfound.com\/fr\/mentions-legales\/#breadcrumb\",\"itemListElement\":[{\"@type\":\"ListItem\",\"position\":1,\"name\":\"Home\",\"item\":\"https:\/\/iot.lostnfound.com\/fr\/\"},{\"@type\":\"ListItem\",\"position\":2,\"name\":\"Mentions\u00a0l\u00e9gales\"}]},{\"@type\":\"WebSite\",\"@id\":\"https:\/\/iot.lostnfound.com\/#website\",\"url\":\"https:\/\/iot.lostnfound.com\/\",\"name\":\"LOSTnFOUND\",\"description\":\"Telematic f\u00fcr das Internet der Dinge\",\"potentialAction\":[{\"@type\":\"SearchAction\",\"target\":{\"@type\":\"EntryPoint\",\"urlTemplate\":\"https:\/\/iot.lostnfound.com\/?s={search_term_string}\"},\"query-input\":{\"@type\":\"PropertyValueSpecification\",\"valueRequired\":true,\"valueName\":\"search_term_string\"}}],\"inLanguage\":\"fr-FR\"}]}<\/script>\n<!-- \/ Yoast SEO plugin. -->","yoast_head_json":{"title":"Mentions\u00a0l\u00e9gales - LOSTnFOUND","robots":{"index":"index","follow":"follow","max-snippet":"max-snippet:-1","max-image-preview":"max-image-preview:large","max-video-preview":"max-video-preview:-1"},"canonical":"https:\/\/iot.lostnfound.com\/fr\/mentions-legales\/","twitter_misc":{"Dur\u00e9e de lecture estim\u00e9e":"1 minute"},"schema":{"@context":"https:\/\/schema.org","@graph":[{"@type":"WebPage","@id":"https:\/\/iot.lostnfound.com\/fr\/mentions-legales\/","url":"https:\/\/iot.lostnfound.com\/fr\/mentions-legales\/","name":"Mentions\u00a0l\u00e9gales - LOSTnFOUND","isPartOf":{"@id":"https:\/\/iot.lostnfound.com\/#website"},"primaryImageOfPage":{"@id":"https:\/\/iot.lostnfound.com\/fr\/mentions-legales\/#primaryimage"},"image":{"@id":"https:\/\/iot.lostnfound.com\/fr\/mentions-legales\/#primaryimage"},"thumbnailUrl":"https:\/\/iot.lostnfound.com\/wp-content\/uploads\/ueber_uns.jpg","datePublished":"2018-03-06T11:59:50+00:00","dateModified":"2019-07-19T09:33:18+00:00","breadcrumb":{"@id":"https:\/\/iot.lostnfound.com\/fr\/mentions-legales\/#breadcrumb"},"inLanguage":"fr-FR","potentialAction":[{"@type":"ReadAction","target":["https:\/\/iot.lostnfound.com\/fr\/mentions-legales\/"]}]},{"@type":"ImageObject","inLanguage":"fr-FR","@id":"https:\/\/iot.lostnfound.com\/fr\/mentions-legales\/#primaryimage","url":"https:\/\/iot.lostnfound.com\/wp-content\/uploads\/ueber_uns.jpg","contentUrl":"https:\/\/iot.lostnfound.com\/wp-content\/uploads\/ueber_uns.jpg","width":1920,"height":700,"caption":"\u00dcber uns"},{"@type":"BreadcrumbList","@id":"https:\/\/iot.lostnfound.com\/fr\/mentions-legales\/#breadcrumb","itemListElement":[{"@type":"ListItem","position":1,"name":"Home","item":"https:\/\/iot.lostnfound.com\/fr\/"},{"@type":"ListItem","position":2,"name":"Mentions\u00a0l\u00e9gales"}]},{"@type":"WebSite","@id":"https:\/\/iot.lostnfound.com\/#website","url":"https:\/\/iot.lostnfound.com\/","name":"LOSTnFOUND","description":"Telematic f\u00fcr das Internet der Dinge","potentialAction":[{"@type":"SearchAction","target":{"@type":"EntryPoint","urlTemplate":"https:\/\/iot.lostnfound.com\/?s={search_term_string}"},"query-input":{"@type":"PropertyValueSpecification","valueRequired":true,"valueName":"search_term_string"}}],"inLanguage":"fr-FR"}]}},"_links":{"self":[{"href":"https:\/\/iot.lostnfound.com\/fr\/wp-json\/wp\/v2\/pages\/1223","targetHints":{"allow":["GET"]}}],"collection":[{"href":"https:\/\/iot.lostnfound.com\/fr\/wp-json\/wp\/v2\/pages"}],"about":[{"href":"https:\/\/iot.lostnfound.com\/fr\/wp-json\/wp\/v2\/types\/page"}],"author":[{"embeddable":true,"href":"https:\/\/iot.lostnfound.com\/fr\/wp-json\/wp\/v2\/users\/3"}],"replies":[{"embeddable":true,"href":"https:\/\/iot.lostnfound.com\/fr\/wp-json\/wp\/v2\/comments?post=1223"}],"version-history":[{"count":18,"href":"https:\/\/iot.lostnfound.com\/fr\/wp-json\/wp\/v2\/pages\/1223\/revisions"}],"predecessor-version":[{"id":9931,"href":"https:\/\/iot.lostnfound.com\/fr\/wp-json\/wp\/v2\/pages\/1223\/revisions\/9931"}],"wp:featuredmedia":[{"embeddable":true,"href":"https:\/\/iot.lostnfound.com\/fr\/wp-json\/wp\/v2\/media\/8596"}],"wp:attachment":[{"href":"https:\/\/iot.lostnfound.com\/fr\/wp-json\/wp\/v2\/media?parent=1223"}],"curies":[{"name":"wp","href":"https:\/\/api.w.org\/{rel}","templated":true}]}}