{"id":5785,"date":"2018-09-12T14:36:36","date_gmt":"2018-09-12T13:36:36","guid":{"rendered":"http:\/\/fleet.tech\/preview\/verantwortung\/"},"modified":"2019-04-04T13:15:33","modified_gmt":"2019-04-04T12:15:33","slug":"responsabilite","status":"publish","type":"page","link":"https:\/\/iot.lostnfound.com\/fr\/responsabilite\/","title":{"rendered":"Responsabilit\u00e9"},"content":{"rendered":"<div id=\"pl-5785\"  class=\"panel-layout\" ><div id=\"pg-5785-0\"  class=\"panel-grid panel-no-style\" ><div id=\"pgc-5785-0-0\"  class=\"panel-grid-cell\" ><div id=\"panel-5785-0-0-0\" class=\"so-panel widget widget_lsow-testimonials-slider panel-first-child panel-last-child\" data-index=\"0\" ><div\n\t\t\t\n\t\t\tclass=\"so-widget-lsow-testimonials-slider so-widget-lsow-testimonials-slider-default-d75171398898-5785\"\n\t\t\t\n\t\t>\n<div class=\"lsow-testimonials-slider lsow-flexslider lsow-container\" data-settings='{&quot;slide_animation&quot;:&quot;slide&quot;,&quot;direction&quot;:&quot;horizontal&quot;,&quot;slideshow_speed&quot;:5000,&quot;animation_speed&quot;:600,&quot;control_nav&quot;:false,&quot;direction_nav&quot;:true,&quot;pause_on_hover&quot;:true,&quot;pause_on_action&quot;:true}'><div class=\"lsow-slides\"><div class=\"lsow-slide lsow-testimonial-wrapper\"><div class=\"lsow-testimonial\"><div class=\"lsow-testimonial-text\"><i class=\"lsow-icon-quote\"><\/i>Nous sommes convaincus que des produits innovants et des services d'accompagnement associ\u00e9s \u00e0 l'innovation des proc\u00e9d\u00e9s offrent un avantage concurrentiel durable. C'est pourquoi nous investissons durablement dans de nouvelles id\u00e9es et de nouveaux produits.<\/div><div class=\"lsow-testimonial-user\"><div class=\"lsow-image-wrapper\"><\/div><!-- .lsow-image-wrapper --><div class=\"lsow-text\"><h3 class=\"lsow-author-name\">Daniel Thommen<\/h3><div class=\"lsow-author-credentials\">Fondateur et Directeur G\u00e9n\u00e9ral Groupe LOSTnFOUND<\/div><\/div><\/div><!-- .lsow-testimonial-user --><\/div><!-- .lsow-testimonial --><\/div><!-- .lsow-testimonial-wrapper.lsow-slide --><\/div><!-- .lsow-slides --><\/div><!-- .lsow-testimonials-slider --><\/div><\/div><\/div><\/div><div id=\"pg-5785-1\"  class=\"panel-grid panel-no-style\" ><div id=\"pgc-5785-1-0\"  class=\"panel-grid-cell\" ><div id=\"panel-5785-1-0-0\" class=\"so-panel widget widget_sow-editor panel-first-child panel-last-child\" data-index=\"1\" ><div\n\t\t\t\n\t\t\tclass=\"so-widget-sow-editor so-widget-sow-editor-base\"\n\t\t\t\n\t\t>\n<div class=\"siteorigin-widget-tinymce textwidget\">\n\t<p>&nbsp;<\/p>\n<h1>Responsabilit\u00e9<\/h1>\n<p>Depuis de nombreuses ann\u00e9es, nous sommes confront\u00e9s aux d\u00e9fis du transport de marchandises et de la circulation mondiale des marchandises. Chaque jour, nous ressentons les effets de la circulation croissante des marchandises sur l'environnement, l'\u00e9conomie et l'infrastructure. Nous sommes convaincus que ces d\u00e9fis ne peuvent \u00eatre relev\u00e9s que par des approches novatrices. Nos solutions sont toujours bas\u00e9es sur nos principes et valeurs d'entreprise, qui se caract\u00e9risent par une responsabilit\u00e9 \u00e9conomique, sociale et \u00e9cologique.<\/p>\n<p><strong>Nos centres de donn\u00e9es<\/strong>, qui sont exploit\u00e9s sur des sites ind\u00e9pendants en Suisse et en Allemagne, ainsi qu'un r\u00e9seau multiredondant constituent l'\u00e9pine dorsale technologique de notre infrastructure. Le refroidissement des serveurs est l'un des composants les plus importants d'un centre de donn\u00e9es. Le type de syst\u00e8me de refroidissement d\u00e9termine une part importante des besoins \u00e9nerg\u00e9tiques totaux ainsi que la densit\u00e9 \u00e9nerg\u00e9tique possible et donc le degr\u00e9 d'utilisation d'un centre de donn\u00e9es. Nos centres de donn\u00e9es sont construits avec une conception d'all\u00e9e froide, avec laquelle le groupe LOSTnFOUND contribue \u00e0 l'utilisation efficace de l'\u00e9nergie. En outre, les emplacements des serveurs sont exploit\u00e9s de mani\u00e8re 100% climatiquement neutre. L'h\u00e9bergement climatiquement neutre est r\u00e9alis\u00e9 par nous selon le principe myclimate \"\u00e9viter - r\u00e9duire - compenser\" par l'achat de certificats de r\u00e9duction des \u00e9missions de haute qualit\u00e9 \u00e9cologique. En achetant ces certificats, nous nous assurons que l'\u00e9nergie sans \u00e9mission est inject\u00e9e dans le r\u00e9seau \u00e9lectrique \u00e0 hauteur des \u00e9missions de CO2 que nous produisons. L'\u00e9vitement de la production d'\u00e9lectricit\u00e9 conventionnelle suppl\u00e9mentaire, pollu\u00e9e par les \u00e9missions de CO2, contribue activement \u00e0 la protection de l'environnement gr\u00e2ce \u00e0 la neutralit\u00e9 climatique de nos services !<\/p>\n<p><strong>Il va sans dire que notre flotte de v\u00e9hicules<\/strong> est \u00e9quip\u00e9e de nos technologies et est activement soutenue. Nous avons identifi\u00e9 les \u00e9missions li\u00e9es \u00e0 la circulation et la s\u00e9curit\u00e9 routi\u00e8re comme nos priorit\u00e9s actuelles. La n\u00e9cessit\u00e9 d'agir est d'autant plus justifi\u00e9e que les \u00e9missions provenant des transports, qui contribuent \u00e0 la charge globale, n'ont pas diminu\u00e9 ces derni\u00e8res ann\u00e9es, mais ont au contraire l\u00e9g\u00e8rement augment\u00e9. Nous sommes convaincus que les processus de changement exigent une compr\u00e9hension des d\u00e9fis. Et pour comprendre le contenu des faits, il faut de la transparence ! <\/p>\n<\/div>\n<\/div><\/div><\/div><\/div><\/div>","protected":false},"excerpt":{"rendered":"<p>&nbsp; Responsabilit\u00e9 Depuis de nombreuses ann\u00e9es, nous sommes confront\u00e9s aux d\u00e9fis du transport de marchandises et de la circulation mondiale des marchandises. Chaque jour, nous ressentons les effets de la circulation croissante des marchandises sur l&rsquo;environnement, l&rsquo;\u00e9conomie et l&rsquo;infrastructure. Nous sommes convaincus que ces d\u00e9fis ne peuvent \u00eatre relev\u00e9s que par des approches novatrices. Nos [&hellip;]<\/p>\n","protected":false},"author":3,"featured_media":8596,"parent":0,"menu_order":0,"comment_status":"closed","ping_status":"closed","template":"","meta":{"_acf_changed":false,"inline_featured_image":false,"footnotes":""},"class_list":["post-5785","page","type-page","status-publish","has-post-thumbnail","hentry"],"acf":[],"yoast_head":"<!-- This site is optimized with the Yoast SEO plugin v26.1.1 - https:\/\/yoast.com\/wordpress\/plugins\/seo\/ -->\n<title>Responsabilit\u00e9 - LOSTnFOUND<\/title>\n<meta name=\"robots\" content=\"index, follow, max-snippet:-1, max-image-preview:large, max-video-preview:-1\" \/>\n<link rel=\"canonical\" href=\"https:\/\/iot.lostnfound.com\/fr\/responsabilite\/\" \/>\n<meta name=\"twitter:label1\" content=\"Dur\u00e9e de lecture estim\u00e9e\" \/>\n\t<meta name=\"twitter:data1\" content=\"2 minutes\" \/>\n<script type=\"application\/ld+json\" class=\"yoast-schema-graph\">{\"@context\":\"https:\/\/schema.org\",\"@graph\":[{\"@type\":\"WebPage\",\"@id\":\"https:\/\/iot.lostnfound.com\/fr\/responsabilite\/\",\"url\":\"https:\/\/iot.lostnfound.com\/fr\/responsabilite\/\",\"name\":\"Responsabilit\u00e9 - LOSTnFOUND\",\"isPartOf\":{\"@id\":\"https:\/\/iot.lostnfound.com\/#website\"},\"primaryImageOfPage\":{\"@id\":\"https:\/\/iot.lostnfound.com\/fr\/responsabilite\/#primaryimage\"},\"image\":{\"@id\":\"https:\/\/iot.lostnfound.com\/fr\/responsabilite\/#primaryimage\"},\"thumbnailUrl\":\"https:\/\/iot.lostnfound.com\/wp-content\/uploads\/ueber_uns.jpg\",\"datePublished\":\"2018-09-12T13:36:36+00:00\",\"dateModified\":\"2019-04-04T12:15:33+00:00\",\"breadcrumb\":{\"@id\":\"https:\/\/iot.lostnfound.com\/fr\/responsabilite\/#breadcrumb\"},\"inLanguage\":\"fr-FR\",\"potentialAction\":[{\"@type\":\"ReadAction\",\"target\":[\"https:\/\/iot.lostnfound.com\/fr\/responsabilite\/\"]}]},{\"@type\":\"ImageObject\",\"inLanguage\":\"fr-FR\",\"@id\":\"https:\/\/iot.lostnfound.com\/fr\/responsabilite\/#primaryimage\",\"url\":\"https:\/\/iot.lostnfound.com\/wp-content\/uploads\/ueber_uns.jpg\",\"contentUrl\":\"https:\/\/iot.lostnfound.com\/wp-content\/uploads\/ueber_uns.jpg\",\"width\":1920,\"height\":700,\"caption\":\"\u00dcber uns\"},{\"@type\":\"BreadcrumbList\",\"@id\":\"https:\/\/iot.lostnfound.com\/fr\/responsabilite\/#breadcrumb\",\"itemListElement\":[{\"@type\":\"ListItem\",\"position\":1,\"name\":\"Home\",\"item\":\"https:\/\/iot.lostnfound.com\/fr\/\"},{\"@type\":\"ListItem\",\"position\":2,\"name\":\"Responsabilit\u00e9\"}]},{\"@type\":\"WebSite\",\"@id\":\"https:\/\/iot.lostnfound.com\/#website\",\"url\":\"https:\/\/iot.lostnfound.com\/\",\"name\":\"LOSTnFOUND\",\"description\":\"Telematic f\u00fcr das Internet der Dinge\",\"potentialAction\":[{\"@type\":\"SearchAction\",\"target\":{\"@type\":\"EntryPoint\",\"urlTemplate\":\"https:\/\/iot.lostnfound.com\/?s={search_term_string}\"},\"query-input\":{\"@type\":\"PropertyValueSpecification\",\"valueRequired\":true,\"valueName\":\"search_term_string\"}}],\"inLanguage\":\"fr-FR\"}]}<\/script>\n<!-- \/ Yoast SEO plugin. -->","yoast_head_json":{"title":"Responsabilit\u00e9 - LOSTnFOUND","robots":{"index":"index","follow":"follow","max-snippet":"max-snippet:-1","max-image-preview":"max-image-preview:large","max-video-preview":"max-video-preview:-1"},"canonical":"https:\/\/iot.lostnfound.com\/fr\/responsabilite\/","twitter_misc":{"Dur\u00e9e de lecture estim\u00e9e":"2 minutes"},"schema":{"@context":"https:\/\/schema.org","@graph":[{"@type":"WebPage","@id":"https:\/\/iot.lostnfound.com\/fr\/responsabilite\/","url":"https:\/\/iot.lostnfound.com\/fr\/responsabilite\/","name":"Responsabilit\u00e9 - LOSTnFOUND","isPartOf":{"@id":"https:\/\/iot.lostnfound.com\/#website"},"primaryImageOfPage":{"@id":"https:\/\/iot.lostnfound.com\/fr\/responsabilite\/#primaryimage"},"image":{"@id":"https:\/\/iot.lostnfound.com\/fr\/responsabilite\/#primaryimage"},"thumbnailUrl":"https:\/\/iot.lostnfound.com\/wp-content\/uploads\/ueber_uns.jpg","datePublished":"2018-09-12T13:36:36+00:00","dateModified":"2019-04-04T12:15:33+00:00","breadcrumb":{"@id":"https:\/\/iot.lostnfound.com\/fr\/responsabilite\/#breadcrumb"},"inLanguage":"fr-FR","potentialAction":[{"@type":"ReadAction","target":["https:\/\/iot.lostnfound.com\/fr\/responsabilite\/"]}]},{"@type":"ImageObject","inLanguage":"fr-FR","@id":"https:\/\/iot.lostnfound.com\/fr\/responsabilite\/#primaryimage","url":"https:\/\/iot.lostnfound.com\/wp-content\/uploads\/ueber_uns.jpg","contentUrl":"https:\/\/iot.lostnfound.com\/wp-content\/uploads\/ueber_uns.jpg","width":1920,"height":700,"caption":"\u00dcber uns"},{"@type":"BreadcrumbList","@id":"https:\/\/iot.lostnfound.com\/fr\/responsabilite\/#breadcrumb","itemListElement":[{"@type":"ListItem","position":1,"name":"Home","item":"https:\/\/iot.lostnfound.com\/fr\/"},{"@type":"ListItem","position":2,"name":"Responsabilit\u00e9"}]},{"@type":"WebSite","@id":"https:\/\/iot.lostnfound.com\/#website","url":"https:\/\/iot.lostnfound.com\/","name":"LOSTnFOUND","description":"Telematic f\u00fcr das Internet der Dinge","potentialAction":[{"@type":"SearchAction","target":{"@type":"EntryPoint","urlTemplate":"https:\/\/iot.lostnfound.com\/?s={search_term_string}"},"query-input":{"@type":"PropertyValueSpecification","valueRequired":true,"valueName":"search_term_string"}}],"inLanguage":"fr-FR"}]}},"_links":{"self":[{"href":"https:\/\/iot.lostnfound.com\/fr\/wp-json\/wp\/v2\/pages\/5785","targetHints":{"allow":["GET"]}}],"collection":[{"href":"https:\/\/iot.lostnfound.com\/fr\/wp-json\/wp\/v2\/pages"}],"about":[{"href":"https:\/\/iot.lostnfound.com\/fr\/wp-json\/wp\/v2\/types\/page"}],"author":[{"embeddable":true,"href":"https:\/\/iot.lostnfound.com\/fr\/wp-json\/wp\/v2\/users\/3"}],"replies":[{"embeddable":true,"href":"https:\/\/iot.lostnfound.com\/fr\/wp-json\/wp\/v2\/comments?post=5785"}],"version-history":[{"count":11,"href":"https:\/\/iot.lostnfound.com\/fr\/wp-json\/wp\/v2\/pages\/5785\/revisions"}],"predecessor-version":[{"id":9238,"href":"https:\/\/iot.lostnfound.com\/fr\/wp-json\/wp\/v2\/pages\/5785\/revisions\/9238"}],"wp:featuredmedia":[{"embeddable":true,"href":"https:\/\/iot.lostnfound.com\/fr\/wp-json\/wp\/v2\/media\/8596"}],"wp:attachment":[{"href":"https:\/\/iot.lostnfound.com\/fr\/wp-json\/wp\/v2\/media?parent=5785"}],"curies":[{"name":"wp","href":"https:\/\/api.w.org\/{rel}","templated":true}]}}