{"id":8735,"date":"2019-03-27T19:01:04","date_gmt":"2019-03-27T18:01:04","guid":{"rendered":"http:\/\/lostnfound.firmennest.com\/produit\/lnf-nimbo-ii\/"},"modified":"2019-04-02T14:31:00","modified_gmt":"2019-04-02T13:31:00","slug":"lnf-nimbo-ii","status":"publish","type":"page","link":"https:\/\/iot.lostnfound.com\/fr\/produit\/lnf-nimbo-ii\/","title":{"rendered":"LOSTnFOUND\u00ae NIMBO II"},"content":{"rendered":"<p>Le NIMBO II est id\u00e9al pour le suivi transparent des exp\u00e9ditions ou des Conteneurss tout au long de la cha\u00eene d&rsquo;approvisionnement dans le monde entier. C&rsquo;est particuli\u00e8rement vrai pour les produits co\u00fbteux ou p\u00e9rissables.  Il offre une efficacit\u00e9 sans pr\u00e9c\u00e9dent dans la gestion de la cha\u00eene d&rsquo;approvisionnement et de l&rsquo;entrep\u00f4t d&rsquo;une mani\u00e8re compacte et rentable ! Le capteur de lumi\u00e8re en option fournit des informations suppl\u00e9mentaires pour savoir si un colis a d\u00e9j\u00e0 \u00e9t\u00e9 ouvert ou s&rsquo;il ne l&rsquo;est pas encore. <\/p>\n","protected":false},"excerpt":{"rendered":"<p>Le NIMBO II est id\u00e9al pour le suivi transparent des exp\u00e9ditions ou des Conteneurss tout au long de la cha\u00eene d&rsquo;approvisionnement dans le monde entier. C&rsquo;est particuli\u00e8rement vrai pour les produits co\u00fbteux ou p\u00e9rissables. Il offre une efficacit\u00e9 sans pr\u00e9c\u00e9dent dans la gestion de la cha\u00eene d&rsquo;approvisionnement et de l&rsquo;entrep\u00f4t d&rsquo;une mani\u00e8re compacte et rentable [&hellip;]<\/p>\n","protected":false},"author":4,"featured_media":8109,"parent":8680,"menu_order":0,"comment_status":"closed","ping_status":"closed","template":"single-template-product.php","meta":{"_acf_changed":false,"inline_featured_image":false,"footnotes":""},"class_list":["post-8735","page","type-page","status-publish","has-post-thumbnail","hentry"],"acf":[],"yoast_head":"<!-- This site is optimized with the Yoast SEO plugin v26.1.1 - https:\/\/yoast.com\/wordpress\/plugins\/seo\/ -->\n<title>LOSTnFOUND\u00ae NIMBO II - LOSTnFOUND<\/title>\n<meta name=\"robots\" content=\"index, follow, max-snippet:-1, max-image-preview:large, max-video-preview:-1\" \/>\n<link rel=\"canonical\" href=\"https:\/\/iot.lostnfound.com\/fr\/produit\/lnf-nimbo-ii\/\" \/>\n<script type=\"application\/ld+json\" class=\"yoast-schema-graph\">{\"@context\":\"https:\/\/schema.org\",\"@graph\":[{\"@type\":\"WebPage\",\"@id\":\"https:\/\/iot.lostnfound.com\/fr\/produit\/lnf-nimbo-ii\/\",\"url\":\"https:\/\/iot.lostnfound.com\/fr\/produit\/lnf-nimbo-ii\/\",\"name\":\"LOSTnFOUND\u00ae NIMBO II - LOSTnFOUND\",\"isPartOf\":{\"@id\":\"https:\/\/iot.lostnfound.com\/#website\"},\"primaryImageOfPage\":{\"@id\":\"https:\/\/iot.lostnfound.com\/fr\/produit\/lnf-nimbo-ii\/#primaryimage\"},\"image\":{\"@id\":\"https:\/\/iot.lostnfound.com\/fr\/produit\/lnf-nimbo-ii\/#primaryimage\"},\"thumbnailUrl\":\"https:\/\/iot.lostnfound.com\/wp-content\/uploads\/NIMBO_II_small.png\",\"datePublished\":\"2019-03-27T18:01:04+00:00\",\"dateModified\":\"2019-04-02T13:31:00+00:00\",\"breadcrumb\":{\"@id\":\"https:\/\/iot.lostnfound.com\/fr\/produit\/lnf-nimbo-ii\/#breadcrumb\"},\"inLanguage\":\"fr-FR\",\"potentialAction\":[{\"@type\":\"ReadAction\",\"target\":[\"https:\/\/iot.lostnfound.com\/fr\/produit\/lnf-nimbo-ii\/\"]}]},{\"@type\":\"ImageObject\",\"inLanguage\":\"fr-FR\",\"@id\":\"https:\/\/iot.lostnfound.com\/fr\/produit\/lnf-nimbo-ii\/#primaryimage\",\"url\":\"https:\/\/iot.lostnfound.com\/wp-content\/uploads\/NIMBO_II_small.png\",\"contentUrl\":\"https:\/\/iot.lostnfound.com\/wp-content\/uploads\/NIMBO_II_small.png\",\"width\":193,\"height\":300,\"caption\":\"Nimbo II\"},{\"@type\":\"BreadcrumbList\",\"@id\":\"https:\/\/iot.lostnfound.com\/fr\/produit\/lnf-nimbo-ii\/#breadcrumb\",\"itemListElement\":[{\"@type\":\"ListItem\",\"position\":1,\"name\":\"Home\",\"item\":\"https:\/\/iot.lostnfound.com\/fr\/\"},{\"@type\":\"ListItem\",\"position\":2,\"name\":\"Produit\",\"item\":\"https:\/\/iot.lostnfound.com\/fr\/produit\/\"},{\"@type\":\"ListItem\",\"position\":3,\"name\":\"LOSTnFOUND\u00ae NIMBO II\"}]},{\"@type\":\"WebSite\",\"@id\":\"https:\/\/iot.lostnfound.com\/#website\",\"url\":\"https:\/\/iot.lostnfound.com\/\",\"name\":\"LOSTnFOUND\",\"description\":\"Telematic f\u00fcr das Internet der Dinge\",\"potentialAction\":[{\"@type\":\"SearchAction\",\"target\":{\"@type\":\"EntryPoint\",\"urlTemplate\":\"https:\/\/iot.lostnfound.com\/?s={search_term_string}\"},\"query-input\":{\"@type\":\"PropertyValueSpecification\",\"valueRequired\":true,\"valueName\":\"search_term_string\"}}],\"inLanguage\":\"fr-FR\"}]}<\/script>\n<!-- \/ Yoast SEO plugin. -->","yoast_head_json":{"title":"LOSTnFOUND\u00ae NIMBO II - LOSTnFOUND","robots":{"index":"index","follow":"follow","max-snippet":"max-snippet:-1","max-image-preview":"max-image-preview:large","max-video-preview":"max-video-preview:-1"},"canonical":"https:\/\/iot.lostnfound.com\/fr\/produit\/lnf-nimbo-ii\/","schema":{"@context":"https:\/\/schema.org","@graph":[{"@type":"WebPage","@id":"https:\/\/iot.lostnfound.com\/fr\/produit\/lnf-nimbo-ii\/","url":"https:\/\/iot.lostnfound.com\/fr\/produit\/lnf-nimbo-ii\/","name":"LOSTnFOUND\u00ae NIMBO II - LOSTnFOUND","isPartOf":{"@id":"https:\/\/iot.lostnfound.com\/#website"},"primaryImageOfPage":{"@id":"https:\/\/iot.lostnfound.com\/fr\/produit\/lnf-nimbo-ii\/#primaryimage"},"image":{"@id":"https:\/\/iot.lostnfound.com\/fr\/produit\/lnf-nimbo-ii\/#primaryimage"},"thumbnailUrl":"https:\/\/iot.lostnfound.com\/wp-content\/uploads\/NIMBO_II_small.png","datePublished":"2019-03-27T18:01:04+00:00","dateModified":"2019-04-02T13:31:00+00:00","breadcrumb":{"@id":"https:\/\/iot.lostnfound.com\/fr\/produit\/lnf-nimbo-ii\/#breadcrumb"},"inLanguage":"fr-FR","potentialAction":[{"@type":"ReadAction","target":["https:\/\/iot.lostnfound.com\/fr\/produit\/lnf-nimbo-ii\/"]}]},{"@type":"ImageObject","inLanguage":"fr-FR","@id":"https:\/\/iot.lostnfound.com\/fr\/produit\/lnf-nimbo-ii\/#primaryimage","url":"https:\/\/iot.lostnfound.com\/wp-content\/uploads\/NIMBO_II_small.png","contentUrl":"https:\/\/iot.lostnfound.com\/wp-content\/uploads\/NIMBO_II_small.png","width":193,"height":300,"caption":"Nimbo II"},{"@type":"BreadcrumbList","@id":"https:\/\/iot.lostnfound.com\/fr\/produit\/lnf-nimbo-ii\/#breadcrumb","itemListElement":[{"@type":"ListItem","position":1,"name":"Home","item":"https:\/\/iot.lostnfound.com\/fr\/"},{"@type":"ListItem","position":2,"name":"Produit","item":"https:\/\/iot.lostnfound.com\/fr\/produit\/"},{"@type":"ListItem","position":3,"name":"LOSTnFOUND\u00ae NIMBO II"}]},{"@type":"WebSite","@id":"https:\/\/iot.lostnfound.com\/#website","url":"https:\/\/iot.lostnfound.com\/","name":"LOSTnFOUND","description":"Telematic f\u00fcr das Internet der Dinge","potentialAction":[{"@type":"SearchAction","target":{"@type":"EntryPoint","urlTemplate":"https:\/\/iot.lostnfound.com\/?s={search_term_string}"},"query-input":{"@type":"PropertyValueSpecification","valueRequired":true,"valueName":"search_term_string"}}],"inLanguage":"fr-FR"}]}},"_links":{"self":[{"href":"https:\/\/iot.lostnfound.com\/fr\/wp-json\/wp\/v2\/pages\/8735","targetHints":{"allow":["GET"]}}],"collection":[{"href":"https:\/\/iot.lostnfound.com\/fr\/wp-json\/wp\/v2\/pages"}],"about":[{"href":"https:\/\/iot.lostnfound.com\/fr\/wp-json\/wp\/v2\/types\/page"}],"author":[{"embeddable":true,"href":"https:\/\/iot.lostnfound.com\/fr\/wp-json\/wp\/v2\/users\/4"}],"replies":[{"embeddable":true,"href":"https:\/\/iot.lostnfound.com\/fr\/wp-json\/wp\/v2\/comments?post=8735"}],"version-history":[{"count":1,"href":"https:\/\/iot.lostnfound.com\/fr\/wp-json\/wp\/v2\/pages\/8735\/revisions"}],"predecessor-version":[{"id":8737,"href":"https:\/\/iot.lostnfound.com\/fr\/wp-json\/wp\/v2\/pages\/8735\/revisions\/8737"}],"up":[{"embeddable":true,"href":"https:\/\/iot.lostnfound.com\/fr\/wp-json\/wp\/v2\/pages\/8680"}],"wp:featuredmedia":[{"embeddable":true,"href":"https:\/\/iot.lostnfound.com\/fr\/wp-json\/wp\/v2\/media\/8109"}],"wp:attachment":[{"href":"https:\/\/iot.lostnfound.com\/fr\/wp-json\/wp\/v2\/media?parent=8735"}],"curies":[{"name":"wp","href":"https:\/\/api.w.org\/{rel}","templated":true}]}}