{"id":8740,"date":"2019-03-28T12:02:50","date_gmt":"2019-03-28T11:02:50","guid":{"rendered":"http:\/\/lostnfound.firmennest.com\/produit\/lnf-nimbo-ii-palettenfuss\/"},"modified":"2019-04-02T14:41:46","modified_gmt":"2019-04-02T13:41:46","slug":"lnf-nimbo-ii-pied-de-palette","status":"publish","type":"page","link":"https:\/\/iot.lostnfound.com\/fr\/produit\/lnf-nimbo-ii-pied-de-palette\/","title":{"rendered":"LOSTnFOUND\u00ae NIMBO II &#038; pied de palette"},"content":{"rendered":"<p>Le NIMBO II est id\u00e9al pour le suivi transparent des palettes tout au long de la cha\u00eene d&rsquo;approvisionnement dans le monde entier. Avec son support unique, le NIMBO II est facile \u00e0 utiliser comme pied de palette, offrant une protection compl\u00e8te pour les exp\u00e9ditions de grande valeur.  Il offre une efficacit\u00e9 sans pr\u00e9c\u00e9dent dans la gestion de la cha\u00eene d&rsquo;approvisionnement et de l&rsquo;entrep\u00f4t d&rsquo;une mani\u00e8re compacte et rentable ! <\/p>\n","protected":false},"excerpt":{"rendered":"<p>Le NIMBO II est id\u00e9al pour le suivi transparent des palettes tout au long de la cha\u00eene d&rsquo;approvisionnement dans le monde entier. Avec son support unique, le NIMBO II est facile \u00e0 utiliser comme pied de palette, offrant une protection compl\u00e8te pour les exp\u00e9ditions de grande valeur. Il offre une efficacit\u00e9 sans pr\u00e9c\u00e9dent dans la [&hellip;]<\/p>\n","protected":false},"author":4,"featured_media":8535,"parent":8680,"menu_order":0,"comment_status":"closed","ping_status":"closed","template":"single-template-product.php","meta":{"_acf_changed":false,"inline_featured_image":false,"footnotes":""},"class_list":["post-8740","page","type-page","status-publish","has-post-thumbnail","hentry"],"acf":[],"yoast_head":"<!-- This site is optimized with the Yoast SEO plugin v26.1.1 - https:\/\/yoast.com\/wordpress\/plugins\/seo\/ -->\n<title>LOSTnFOUND\u00ae NIMBO II &amp; pied de palette - LOSTnFOUND<\/title>\n<meta name=\"robots\" content=\"index, follow, max-snippet:-1, max-image-preview:large, max-video-preview:-1\" \/>\n<link rel=\"canonical\" href=\"https:\/\/iot.lostnfound.com\/fr\/produit\/lnf-nimbo-ii-pied-de-palette\/\" \/>\n<script type=\"application\/ld+json\" class=\"yoast-schema-graph\">{\"@context\":\"https:\/\/schema.org\",\"@graph\":[{\"@type\":\"WebPage\",\"@id\":\"https:\/\/iot.lostnfound.com\/fr\/produit\/lnf-nimbo-ii-pied-de-palette\/\",\"url\":\"https:\/\/iot.lostnfound.com\/fr\/produit\/lnf-nimbo-ii-pied-de-palette\/\",\"name\":\"LOSTnFOUND\u00ae NIMBO II & pied de palette - LOSTnFOUND\",\"isPartOf\":{\"@id\":\"https:\/\/iot.lostnfound.com\/#website\"},\"primaryImageOfPage\":{\"@id\":\"https:\/\/iot.lostnfound.com\/fr\/produit\/lnf-nimbo-ii-pied-de-palette\/#primaryimage\"},\"image\":{\"@id\":\"https:\/\/iot.lostnfound.com\/fr\/produit\/lnf-nimbo-ii-pied-de-palette\/#primaryimage\"},\"thumbnailUrl\":\"https:\/\/iot.lostnfound.com\/wp-content\/uploads\/NIMBOII_housing2.png\",\"datePublished\":\"2019-03-28T11:02:50+00:00\",\"dateModified\":\"2019-04-02T13:41:46+00:00\",\"breadcrumb\":{\"@id\":\"https:\/\/iot.lostnfound.com\/fr\/produit\/lnf-nimbo-ii-pied-de-palette\/#breadcrumb\"},\"inLanguage\":\"fr-FR\",\"potentialAction\":[{\"@type\":\"ReadAction\",\"target\":[\"https:\/\/iot.lostnfound.com\/fr\/produit\/lnf-nimbo-ii-pied-de-palette\/\"]}]},{\"@type\":\"ImageObject\",\"inLanguage\":\"fr-FR\",\"@id\":\"https:\/\/iot.lostnfound.com\/fr\/produit\/lnf-nimbo-ii-pied-de-palette\/#primaryimage\",\"url\":\"https:\/\/iot.lostnfound.com\/wp-content\/uploads\/NIMBOII_housing2.png\",\"contentUrl\":\"https:\/\/iot.lostnfound.com\/wp-content\/uploads\/NIMBOII_housing2.png\",\"width\":600,\"height\":326,\"caption\":\"NIMBOII Housing2\"},{\"@type\":\"BreadcrumbList\",\"@id\":\"https:\/\/iot.lostnfound.com\/fr\/produit\/lnf-nimbo-ii-pied-de-palette\/#breadcrumb\",\"itemListElement\":[{\"@type\":\"ListItem\",\"position\":1,\"name\":\"Home\",\"item\":\"https:\/\/iot.lostnfound.com\/fr\/\"},{\"@type\":\"ListItem\",\"position\":2,\"name\":\"Produit\",\"item\":\"https:\/\/iot.lostnfound.com\/fr\/produit\/\"},{\"@type\":\"ListItem\",\"position\":3,\"name\":\"LOSTnFOUND\u00ae NIMBO II &#038; pied de palette\"}]},{\"@type\":\"WebSite\",\"@id\":\"https:\/\/iot.lostnfound.com\/#website\",\"url\":\"https:\/\/iot.lostnfound.com\/\",\"name\":\"LOSTnFOUND\",\"description\":\"Telematic f\u00fcr das Internet der Dinge\",\"potentialAction\":[{\"@type\":\"SearchAction\",\"target\":{\"@type\":\"EntryPoint\",\"urlTemplate\":\"https:\/\/iot.lostnfound.com\/?s={search_term_string}\"},\"query-input\":{\"@type\":\"PropertyValueSpecification\",\"valueRequired\":true,\"valueName\":\"search_term_string\"}}],\"inLanguage\":\"fr-FR\"}]}<\/script>\n<!-- \/ Yoast SEO plugin. -->","yoast_head_json":{"title":"LOSTnFOUND\u00ae NIMBO II & pied de palette - LOSTnFOUND","robots":{"index":"index","follow":"follow","max-snippet":"max-snippet:-1","max-image-preview":"max-image-preview:large","max-video-preview":"max-video-preview:-1"},"canonical":"https:\/\/iot.lostnfound.com\/fr\/produit\/lnf-nimbo-ii-pied-de-palette\/","schema":{"@context":"https:\/\/schema.org","@graph":[{"@type":"WebPage","@id":"https:\/\/iot.lostnfound.com\/fr\/produit\/lnf-nimbo-ii-pied-de-palette\/","url":"https:\/\/iot.lostnfound.com\/fr\/produit\/lnf-nimbo-ii-pied-de-palette\/","name":"LOSTnFOUND\u00ae NIMBO II & pied de palette - LOSTnFOUND","isPartOf":{"@id":"https:\/\/iot.lostnfound.com\/#website"},"primaryImageOfPage":{"@id":"https:\/\/iot.lostnfound.com\/fr\/produit\/lnf-nimbo-ii-pied-de-palette\/#primaryimage"},"image":{"@id":"https:\/\/iot.lostnfound.com\/fr\/produit\/lnf-nimbo-ii-pied-de-palette\/#primaryimage"},"thumbnailUrl":"https:\/\/iot.lostnfound.com\/wp-content\/uploads\/NIMBOII_housing2.png","datePublished":"2019-03-28T11:02:50+00:00","dateModified":"2019-04-02T13:41:46+00:00","breadcrumb":{"@id":"https:\/\/iot.lostnfound.com\/fr\/produit\/lnf-nimbo-ii-pied-de-palette\/#breadcrumb"},"inLanguage":"fr-FR","potentialAction":[{"@type":"ReadAction","target":["https:\/\/iot.lostnfound.com\/fr\/produit\/lnf-nimbo-ii-pied-de-palette\/"]}]},{"@type":"ImageObject","inLanguage":"fr-FR","@id":"https:\/\/iot.lostnfound.com\/fr\/produit\/lnf-nimbo-ii-pied-de-palette\/#primaryimage","url":"https:\/\/iot.lostnfound.com\/wp-content\/uploads\/NIMBOII_housing2.png","contentUrl":"https:\/\/iot.lostnfound.com\/wp-content\/uploads\/NIMBOII_housing2.png","width":600,"height":326,"caption":"NIMBOII Housing2"},{"@type":"BreadcrumbList","@id":"https:\/\/iot.lostnfound.com\/fr\/produit\/lnf-nimbo-ii-pied-de-palette\/#breadcrumb","itemListElement":[{"@type":"ListItem","position":1,"name":"Home","item":"https:\/\/iot.lostnfound.com\/fr\/"},{"@type":"ListItem","position":2,"name":"Produit","item":"https:\/\/iot.lostnfound.com\/fr\/produit\/"},{"@type":"ListItem","position":3,"name":"LOSTnFOUND\u00ae NIMBO II &#038; pied de palette"}]},{"@type":"WebSite","@id":"https:\/\/iot.lostnfound.com\/#website","url":"https:\/\/iot.lostnfound.com\/","name":"LOSTnFOUND","description":"Telematic f\u00fcr das Internet der Dinge","potentialAction":[{"@type":"SearchAction","target":{"@type":"EntryPoint","urlTemplate":"https:\/\/iot.lostnfound.com\/?s={search_term_string}"},"query-input":{"@type":"PropertyValueSpecification","valueRequired":true,"valueName":"search_term_string"}}],"inLanguage":"fr-FR"}]}},"_links":{"self":[{"href":"https:\/\/iot.lostnfound.com\/fr\/wp-json\/wp\/v2\/pages\/8740","targetHints":{"allow":["GET"]}}],"collection":[{"href":"https:\/\/iot.lostnfound.com\/fr\/wp-json\/wp\/v2\/pages"}],"about":[{"href":"https:\/\/iot.lostnfound.com\/fr\/wp-json\/wp\/v2\/types\/page"}],"author":[{"embeddable":true,"href":"https:\/\/iot.lostnfound.com\/fr\/wp-json\/wp\/v2\/users\/4"}],"replies":[{"embeddable":true,"href":"https:\/\/iot.lostnfound.com\/fr\/wp-json\/wp\/v2\/comments?post=8740"}],"version-history":[{"count":1,"href":"https:\/\/iot.lostnfound.com\/fr\/wp-json\/wp\/v2\/pages\/8740\/revisions"}],"predecessor-version":[{"id":8743,"href":"https:\/\/iot.lostnfound.com\/fr\/wp-json\/wp\/v2\/pages\/8740\/revisions\/8743"}],"up":[{"embeddable":true,"href":"https:\/\/iot.lostnfound.com\/fr\/wp-json\/wp\/v2\/pages\/8680"}],"wp:featuredmedia":[{"embeddable":true,"href":"https:\/\/iot.lostnfound.com\/fr\/wp-json\/wp\/v2\/media\/8535"}],"wp:attachment":[{"href":"https:\/\/iot.lostnfound.com\/fr\/wp-json\/wp\/v2\/media?parent=8740"}],"curies":[{"name":"wp","href":"https:\/\/api.w.org\/{rel}","templated":true}]}}