{"id":8746,"date":"2019-03-28T10:32:42","date_gmt":"2019-03-28T09:32:42","guid":{"rendered":"http:\/\/lostnfound.firmennest.com\/produit\/lnf-nimbo-ii-temp\/"},"modified":"2019-04-02T14:46:33","modified_gmt":"2019-04-02T13:46:33","slug":"lnf-nimbo-ii-temp","status":"publish","type":"page","link":"https:\/\/iot.lostnfound.com\/fr\/produit\/lnf-nimbo-ii-temp\/","title":{"rendered":"LOSTnFOUND\u00ae NIMBO II &#038; sonde de temp\u00e9rature"},"content":{"rendered":"<p>Le NIMBO II est id\u00e9al pour le suivi transparent des palettes ou des Conteneurss tout au long de la cha\u00eene logistique dans le monde entier. C&rsquo;est particuli\u00e8rement vrai pour les produits co\u00fbteux ou p\u00e9rissables.  Il offre une efficacit\u00e9 sans pr\u00e9c\u00e9dent dans la gestion de la cha\u00eene d&rsquo;approvisionnement et de l&rsquo;entrep\u00f4t. Plus qu&rsquo;un simple rep\u00e9rage : gr\u00e2ce au capteur de lumi\u00e8re, d&rsquo;humidit\u00e9, de temp\u00e9rature et de mouvement, vous gardez le contr\u00f4le de vos marchandises \u00e0 tout moment.<\/p>\n","protected":false},"excerpt":{"rendered":"<p>Le NIMBO II est id\u00e9al pour le suivi transparent des palettes ou des Conteneurss tout au long de la cha\u00eene logistique dans le monde entier. C&rsquo;est particuli\u00e8rement vrai pour les produits co\u00fbteux ou p\u00e9rissables. Il offre une efficacit\u00e9 sans pr\u00e9c\u00e9dent dans la gestion de la cha\u00eene d&rsquo;approvisionnement et de l&rsquo;entrep\u00f4t. Plus qu&rsquo;un simple rep\u00e9rage : [&hellip;]<\/p>\n","protected":false},"author":4,"featured_media":8483,"parent":8680,"menu_order":0,"comment_status":"closed","ping_status":"closed","template":"single-template-product.php","meta":{"_acf_changed":false,"inline_featured_image":false,"footnotes":""},"class_list":["post-8746","page","type-page","status-publish","has-post-thumbnail","hentry"],"acf":[],"yoast_head":"<!-- This site is optimized with the Yoast SEO plugin v26.1.1 - https:\/\/yoast.com\/wordpress\/plugins\/seo\/ -->\n<title>LOSTnFOUND\u00ae NIMBO II &amp; sonde de temp\u00e9rature - LOSTnFOUND<\/title>\n<meta name=\"robots\" content=\"index, follow, max-snippet:-1, max-image-preview:large, max-video-preview:-1\" \/>\n<link rel=\"canonical\" href=\"https:\/\/iot.lostnfound.com\/fr\/produit\/lnf-nimbo-ii-temp\/\" \/>\n<script type=\"application\/ld+json\" class=\"yoast-schema-graph\">{\"@context\":\"https:\/\/schema.org\",\"@graph\":[{\"@type\":\"WebPage\",\"@id\":\"https:\/\/iot.lostnfound.com\/fr\/produit\/lnf-nimbo-ii-temp\/\",\"url\":\"https:\/\/iot.lostnfound.com\/fr\/produit\/lnf-nimbo-ii-temp\/\",\"name\":\"LOSTnFOUND\u00ae NIMBO II & sonde de temp\u00e9rature - LOSTnFOUND\",\"isPartOf\":{\"@id\":\"https:\/\/iot.lostnfound.com\/#website\"},\"primaryImageOfPage\":{\"@id\":\"https:\/\/iot.lostnfound.com\/fr\/produit\/lnf-nimbo-ii-temp\/#primaryimage\"},\"image\":{\"@id\":\"https:\/\/iot.lostnfound.com\/fr\/produit\/lnf-nimbo-ii-temp\/#primaryimage\"},\"thumbnailUrl\":\"https:\/\/iot.lostnfound.com\/wp-content\/uploads\/NIMBOII_temp.png\",\"datePublished\":\"2019-03-28T09:32:42+00:00\",\"dateModified\":\"2019-04-02T13:46:33+00:00\",\"breadcrumb\":{\"@id\":\"https:\/\/iot.lostnfound.com\/fr\/produit\/lnf-nimbo-ii-temp\/#breadcrumb\"},\"inLanguage\":\"fr-FR\",\"potentialAction\":[{\"@type\":\"ReadAction\",\"target\":[\"https:\/\/iot.lostnfound.com\/fr\/produit\/lnf-nimbo-ii-temp\/\"]}]},{\"@type\":\"ImageObject\",\"inLanguage\":\"fr-FR\",\"@id\":\"https:\/\/iot.lostnfound.com\/fr\/produit\/lnf-nimbo-ii-temp\/#primaryimage\",\"url\":\"https:\/\/iot.lostnfound.com\/wp-content\/uploads\/NIMBOII_temp.png\",\"contentUrl\":\"https:\/\/iot.lostnfound.com\/wp-content\/uploads\/NIMBOII_temp.png\",\"width\":300,\"height\":616,\"caption\":\"Nimbo II temperatur\"},{\"@type\":\"BreadcrumbList\",\"@id\":\"https:\/\/iot.lostnfound.com\/fr\/produit\/lnf-nimbo-ii-temp\/#breadcrumb\",\"itemListElement\":[{\"@type\":\"ListItem\",\"position\":1,\"name\":\"Home\",\"item\":\"https:\/\/iot.lostnfound.com\/fr\/\"},{\"@type\":\"ListItem\",\"position\":2,\"name\":\"Produit\",\"item\":\"https:\/\/iot.lostnfound.com\/fr\/produit\/\"},{\"@type\":\"ListItem\",\"position\":3,\"name\":\"LOSTnFOUND\u00ae NIMBO II &#038; sonde de temp\u00e9rature\"}]},{\"@type\":\"WebSite\",\"@id\":\"https:\/\/iot.lostnfound.com\/#website\",\"url\":\"https:\/\/iot.lostnfound.com\/\",\"name\":\"LOSTnFOUND\",\"description\":\"Telematic f\u00fcr das Internet der Dinge\",\"potentialAction\":[{\"@type\":\"SearchAction\",\"target\":{\"@type\":\"EntryPoint\",\"urlTemplate\":\"https:\/\/iot.lostnfound.com\/?s={search_term_string}\"},\"query-input\":{\"@type\":\"PropertyValueSpecification\",\"valueRequired\":true,\"valueName\":\"search_term_string\"}}],\"inLanguage\":\"fr-FR\"}]}<\/script>\n<!-- \/ Yoast SEO plugin. -->","yoast_head_json":{"title":"LOSTnFOUND\u00ae NIMBO II & sonde de temp\u00e9rature - LOSTnFOUND","robots":{"index":"index","follow":"follow","max-snippet":"max-snippet:-1","max-image-preview":"max-image-preview:large","max-video-preview":"max-video-preview:-1"},"canonical":"https:\/\/iot.lostnfound.com\/fr\/produit\/lnf-nimbo-ii-temp\/","schema":{"@context":"https:\/\/schema.org","@graph":[{"@type":"WebPage","@id":"https:\/\/iot.lostnfound.com\/fr\/produit\/lnf-nimbo-ii-temp\/","url":"https:\/\/iot.lostnfound.com\/fr\/produit\/lnf-nimbo-ii-temp\/","name":"LOSTnFOUND\u00ae NIMBO II & sonde de temp\u00e9rature - LOSTnFOUND","isPartOf":{"@id":"https:\/\/iot.lostnfound.com\/#website"},"primaryImageOfPage":{"@id":"https:\/\/iot.lostnfound.com\/fr\/produit\/lnf-nimbo-ii-temp\/#primaryimage"},"image":{"@id":"https:\/\/iot.lostnfound.com\/fr\/produit\/lnf-nimbo-ii-temp\/#primaryimage"},"thumbnailUrl":"https:\/\/iot.lostnfound.com\/wp-content\/uploads\/NIMBOII_temp.png","datePublished":"2019-03-28T09:32:42+00:00","dateModified":"2019-04-02T13:46:33+00:00","breadcrumb":{"@id":"https:\/\/iot.lostnfound.com\/fr\/produit\/lnf-nimbo-ii-temp\/#breadcrumb"},"inLanguage":"fr-FR","potentialAction":[{"@type":"ReadAction","target":["https:\/\/iot.lostnfound.com\/fr\/produit\/lnf-nimbo-ii-temp\/"]}]},{"@type":"ImageObject","inLanguage":"fr-FR","@id":"https:\/\/iot.lostnfound.com\/fr\/produit\/lnf-nimbo-ii-temp\/#primaryimage","url":"https:\/\/iot.lostnfound.com\/wp-content\/uploads\/NIMBOII_temp.png","contentUrl":"https:\/\/iot.lostnfound.com\/wp-content\/uploads\/NIMBOII_temp.png","width":300,"height":616,"caption":"Nimbo II temperatur"},{"@type":"BreadcrumbList","@id":"https:\/\/iot.lostnfound.com\/fr\/produit\/lnf-nimbo-ii-temp\/#breadcrumb","itemListElement":[{"@type":"ListItem","position":1,"name":"Home","item":"https:\/\/iot.lostnfound.com\/fr\/"},{"@type":"ListItem","position":2,"name":"Produit","item":"https:\/\/iot.lostnfound.com\/fr\/produit\/"},{"@type":"ListItem","position":3,"name":"LOSTnFOUND\u00ae NIMBO II &#038; sonde de temp\u00e9rature"}]},{"@type":"WebSite","@id":"https:\/\/iot.lostnfound.com\/#website","url":"https:\/\/iot.lostnfound.com\/","name":"LOSTnFOUND","description":"Telematic f\u00fcr das Internet der Dinge","potentialAction":[{"@type":"SearchAction","target":{"@type":"EntryPoint","urlTemplate":"https:\/\/iot.lostnfound.com\/?s={search_term_string}"},"query-input":{"@type":"PropertyValueSpecification","valueRequired":true,"valueName":"search_term_string"}}],"inLanguage":"fr-FR"}]}},"_links":{"self":[{"href":"https:\/\/iot.lostnfound.com\/fr\/wp-json\/wp\/v2\/pages\/8746","targetHints":{"allow":["GET"]}}],"collection":[{"href":"https:\/\/iot.lostnfound.com\/fr\/wp-json\/wp\/v2\/pages"}],"about":[{"href":"https:\/\/iot.lostnfound.com\/fr\/wp-json\/wp\/v2\/types\/page"}],"author":[{"embeddable":true,"href":"https:\/\/iot.lostnfound.com\/fr\/wp-json\/wp\/v2\/users\/4"}],"replies":[{"embeddable":true,"href":"https:\/\/iot.lostnfound.com\/fr\/wp-json\/wp\/v2\/comments?post=8746"}],"version-history":[{"count":2,"href":"https:\/\/iot.lostnfound.com\/fr\/wp-json\/wp\/v2\/pages\/8746\/revisions"}],"predecessor-version":[{"id":8751,"href":"https:\/\/iot.lostnfound.com\/fr\/wp-json\/wp\/v2\/pages\/8746\/revisions\/8751"}],"up":[{"embeddable":true,"href":"https:\/\/iot.lostnfound.com\/fr\/wp-json\/wp\/v2\/pages\/8680"}],"wp:featuredmedia":[{"embeddable":true,"href":"https:\/\/iot.lostnfound.com\/fr\/wp-json\/wp\/v2\/media\/8483"}],"wp:attachment":[{"href":"https:\/\/iot.lostnfound.com\/fr\/wp-json\/wp\/v2\/media?parent=8746"}],"curies":[{"name":"wp","href":"https:\/\/api.w.org\/{rel}","templated":true}]}}