{"id":8759,"date":"2019-03-28T10:58:54","date_gmt":"2019-03-28T09:58:54","guid":{"rendered":"http:\/\/lostnfound.firmennest.com\/produit\/lnf-stratus-ii\/"},"modified":"2022-03-07T13:55:58","modified_gmt":"2022-03-07T12:55:58","slug":"lnf-stratus-iii","status":"publish","type":"page","link":"https:\/\/iot.lostnfound.com\/fr\/produit\/lnf-stratus-iii\/","title":{"rendered":"LOSTnFOUND STRATUS III"},"content":{"rendered":"<p>Avec un montage magn\u00e9tique simple on peut  prot\u00e9ger et surveiller facilement les marchandises mobiles telles que les remorques ou les Conteneurss. Gr\u00e2ce \u00e0 la puissante batterie int\u00e9gr\u00e9e, la STRATUS III peut fonctionner jusqu&rsquo;\u00e0 3 ans (la dur\u00e9e effective d\u00e9pend du nombre de rapports de position). Une alarme par e-mail, SMS ou appel syst\u00e8me informe d\u00e8s que la STRATUS III est retir\u00e9e de l&rsquo;objet ou si la tension de la batterie tombe en dessous de 50 %. <\/p>\n","protected":false},"excerpt":{"rendered":"<p>Avec un montage magn\u00e9tique simple on peut prot\u00e9ger et surveiller facilement les marchandises mobiles telles que les remorques ou les Conteneurss. Gr\u00e2ce \u00e0 la puissante batterie int\u00e9gr\u00e9e, la STRATUS III peut fonctionner jusqu&rsquo;\u00e0 3 ans (la dur\u00e9e effective d\u00e9pend du nombre de rapports de position). Une alarme par e-mail, SMS ou appel syst\u00e8me informe d\u00e8s [&hellip;]<\/p>\n","protected":false},"author":4,"featured_media":10864,"parent":8680,"menu_order":0,"comment_status":"closed","ping_status":"closed","template":"single-template-product.php","meta":{"_acf_changed":false,"inline_featured_image":false,"footnotes":""},"class_list":["post-8759","page","type-page","status-publish","has-post-thumbnail","hentry"],"acf":[],"yoast_head":"<!-- This site is optimized with the Yoast SEO plugin v26.1.1 - https:\/\/yoast.com\/wordpress\/plugins\/seo\/ -->\n<title>LOSTnFOUND STRATUS III - LOSTnFOUND<\/title>\n<meta name=\"robots\" content=\"index, follow, max-snippet:-1, max-image-preview:large, max-video-preview:-1\" \/>\n<link rel=\"canonical\" href=\"https:\/\/iot.lostnfound.com\/fr\/produit\/lnf-stratus-iii\/\" \/>\n<script type=\"application\/ld+json\" class=\"yoast-schema-graph\">{\"@context\":\"https:\/\/schema.org\",\"@graph\":[{\"@type\":\"WebPage\",\"@id\":\"https:\/\/iot.lostnfound.com\/fr\/produit\/lnf-stratus-iii\/\",\"url\":\"https:\/\/iot.lostnfound.com\/fr\/produit\/lnf-stratus-iii\/\",\"name\":\"LOSTnFOUND STRATUS III - LOSTnFOUND\",\"isPartOf\":{\"@id\":\"https:\/\/iot.lostnfound.com\/#website\"},\"primaryImageOfPage\":{\"@id\":\"https:\/\/iot.lostnfound.com\/fr\/produit\/lnf-stratus-iii\/#primaryimage\"},\"image\":{\"@id\":\"https:\/\/iot.lostnfound.com\/fr\/produit\/lnf-stratus-iii\/#primaryimage\"},\"thumbnailUrl\":\"https:\/\/iot.lostnfound.com\/wp-content\/uploads\/STRATUSIII.png\",\"datePublished\":\"2019-03-28T09:58:54+00:00\",\"dateModified\":\"2022-03-07T12:55:58+00:00\",\"breadcrumb\":{\"@id\":\"https:\/\/iot.lostnfound.com\/fr\/produit\/lnf-stratus-iii\/#breadcrumb\"},\"inLanguage\":\"fr-FR\",\"potentialAction\":[{\"@type\":\"ReadAction\",\"target\":[\"https:\/\/iot.lostnfound.com\/fr\/produit\/lnf-stratus-iii\/\"]}]},{\"@type\":\"ImageObject\",\"inLanguage\":\"fr-FR\",\"@id\":\"https:\/\/iot.lostnfound.com\/fr\/produit\/lnf-stratus-iii\/#primaryimage\",\"url\":\"https:\/\/iot.lostnfound.com\/wp-content\/uploads\/STRATUSIII.png\",\"contentUrl\":\"https:\/\/iot.lostnfound.com\/wp-content\/uploads\/STRATUSIII.png\",\"width\":600,\"height\":600,\"caption\":\"STRATUSIII\"},{\"@type\":\"BreadcrumbList\",\"@id\":\"https:\/\/iot.lostnfound.com\/fr\/produit\/lnf-stratus-iii\/#breadcrumb\",\"itemListElement\":[{\"@type\":\"ListItem\",\"position\":1,\"name\":\"Home\",\"item\":\"https:\/\/iot.lostnfound.com\/fr\/\"},{\"@type\":\"ListItem\",\"position\":2,\"name\":\"Produit\",\"item\":\"https:\/\/iot.lostnfound.com\/fr\/produit\/\"},{\"@type\":\"ListItem\",\"position\":3,\"name\":\"LOSTnFOUND STRATUS III\"}]},{\"@type\":\"WebSite\",\"@id\":\"https:\/\/iot.lostnfound.com\/#website\",\"url\":\"https:\/\/iot.lostnfound.com\/\",\"name\":\"LOSTnFOUND\",\"description\":\"Telematic f\u00fcr das Internet der Dinge\",\"potentialAction\":[{\"@type\":\"SearchAction\",\"target\":{\"@type\":\"EntryPoint\",\"urlTemplate\":\"https:\/\/iot.lostnfound.com\/?s={search_term_string}\"},\"query-input\":{\"@type\":\"PropertyValueSpecification\",\"valueRequired\":true,\"valueName\":\"search_term_string\"}}],\"inLanguage\":\"fr-FR\"}]}<\/script>\n<!-- \/ Yoast SEO plugin. -->","yoast_head_json":{"title":"LOSTnFOUND STRATUS III - LOSTnFOUND","robots":{"index":"index","follow":"follow","max-snippet":"max-snippet:-1","max-image-preview":"max-image-preview:large","max-video-preview":"max-video-preview:-1"},"canonical":"https:\/\/iot.lostnfound.com\/fr\/produit\/lnf-stratus-iii\/","schema":{"@context":"https:\/\/schema.org","@graph":[{"@type":"WebPage","@id":"https:\/\/iot.lostnfound.com\/fr\/produit\/lnf-stratus-iii\/","url":"https:\/\/iot.lostnfound.com\/fr\/produit\/lnf-stratus-iii\/","name":"LOSTnFOUND STRATUS III - LOSTnFOUND","isPartOf":{"@id":"https:\/\/iot.lostnfound.com\/#website"},"primaryImageOfPage":{"@id":"https:\/\/iot.lostnfound.com\/fr\/produit\/lnf-stratus-iii\/#primaryimage"},"image":{"@id":"https:\/\/iot.lostnfound.com\/fr\/produit\/lnf-stratus-iii\/#primaryimage"},"thumbnailUrl":"https:\/\/iot.lostnfound.com\/wp-content\/uploads\/STRATUSIII.png","datePublished":"2019-03-28T09:58:54+00:00","dateModified":"2022-03-07T12:55:58+00:00","breadcrumb":{"@id":"https:\/\/iot.lostnfound.com\/fr\/produit\/lnf-stratus-iii\/#breadcrumb"},"inLanguage":"fr-FR","potentialAction":[{"@type":"ReadAction","target":["https:\/\/iot.lostnfound.com\/fr\/produit\/lnf-stratus-iii\/"]}]},{"@type":"ImageObject","inLanguage":"fr-FR","@id":"https:\/\/iot.lostnfound.com\/fr\/produit\/lnf-stratus-iii\/#primaryimage","url":"https:\/\/iot.lostnfound.com\/wp-content\/uploads\/STRATUSIII.png","contentUrl":"https:\/\/iot.lostnfound.com\/wp-content\/uploads\/STRATUSIII.png","width":600,"height":600,"caption":"STRATUSIII"},{"@type":"BreadcrumbList","@id":"https:\/\/iot.lostnfound.com\/fr\/produit\/lnf-stratus-iii\/#breadcrumb","itemListElement":[{"@type":"ListItem","position":1,"name":"Home","item":"https:\/\/iot.lostnfound.com\/fr\/"},{"@type":"ListItem","position":2,"name":"Produit","item":"https:\/\/iot.lostnfound.com\/fr\/produit\/"},{"@type":"ListItem","position":3,"name":"LOSTnFOUND STRATUS III"}]},{"@type":"WebSite","@id":"https:\/\/iot.lostnfound.com\/#website","url":"https:\/\/iot.lostnfound.com\/","name":"LOSTnFOUND","description":"Telematic f\u00fcr das Internet der Dinge","potentialAction":[{"@type":"SearchAction","target":{"@type":"EntryPoint","urlTemplate":"https:\/\/iot.lostnfound.com\/?s={search_term_string}"},"query-input":{"@type":"PropertyValueSpecification","valueRequired":true,"valueName":"search_term_string"}}],"inLanguage":"fr-FR"}]}},"_links":{"self":[{"href":"https:\/\/iot.lostnfound.com\/fr\/wp-json\/wp\/v2\/pages\/8759","targetHints":{"allow":["GET"]}}],"collection":[{"href":"https:\/\/iot.lostnfound.com\/fr\/wp-json\/wp\/v2\/pages"}],"about":[{"href":"https:\/\/iot.lostnfound.com\/fr\/wp-json\/wp\/v2\/types\/page"}],"author":[{"embeddable":true,"href":"https:\/\/iot.lostnfound.com\/fr\/wp-json\/wp\/v2\/users\/4"}],"replies":[{"embeddable":true,"href":"https:\/\/iot.lostnfound.com\/fr\/wp-json\/wp\/v2\/comments?post=8759"}],"version-history":[{"count":3,"href":"https:\/\/iot.lostnfound.com\/fr\/wp-json\/wp\/v2\/pages\/8759\/revisions"}],"predecessor-version":[{"id":10860,"href":"https:\/\/iot.lostnfound.com\/fr\/wp-json\/wp\/v2\/pages\/8759\/revisions\/10860"}],"up":[{"embeddable":true,"href":"https:\/\/iot.lostnfound.com\/fr\/wp-json\/wp\/v2\/pages\/8680"}],"wp:featuredmedia":[{"embeddable":true,"href":"https:\/\/iot.lostnfound.com\/fr\/wp-json\/wp\/v2\/media\/10864"}],"wp:attachment":[{"href":"https:\/\/iot.lostnfound.com\/fr\/wp-json\/wp\/v2\/media?parent=8759"}],"curies":[{"name":"wp","href":"https:\/\/api.w.org\/{rel}","templated":true}]}}