{"id":8772,"date":"2019-03-28T10:11:52","date_gmt":"2019-03-28T09:11:52","guid":{"rendered":"http:\/\/lostnfound.firmennest.com\/produit\/lnf-velumplus\/"},"modified":"2020-09-22T12:24:54","modified_gmt":"2020-09-22T11:24:54","slug":"lnf-velumplus","status":"publish","type":"page","link":"https:\/\/iot.lostnfound.com\/fr\/produit\/lnf-velumplus\/","title":{"rendered":"LOSTnFOUND\u00ae VELUMplus"},"content":{"rendered":"<p>Avec l&rsquo;unique VELUMplus, les marchandises mobiles telles que les remorques ou les Conteneurss peuvent d\u00e9sormais \u00eatre pr\u00e9sent\u00e9es de mani\u00e8re transparente dans les processus op\u00e9rationnels avec une rentabilit\u00e9 sans pr\u00e9c\u00e9dent. En plus de sa fonctionnalit\u00e9 de localisation, ce terminal unique offre \u00e9galement de nombreuses options de configuration telles que le bouton d&rsquo;urgence, le capteur magn\u00e9tique, de mouvement, de choc ou de temp\u00e9rature. En standard, le VELUMplus est \u00e9quip\u00e9 d&rsquo;une batterie puissante qui d\u00e9tecte une capacit\u00e9 de plus de 20.000 \u00e9v\u00e9nements et atteint ainsi une dur\u00e9e de vie de +\/- 3 ans, selon la configuration. Le VELUMplus a \u00e9t\u00e9 con\u00e7u pour le r\u00e9seau \u00ab\u00a0Internet des objets\u00a0\u00bb, qui offre d\u00e9j\u00e0 aujourd&rsquo;hui une couverture en constante augmentation dans la plupart des pays europ\u00e9ens et mondiaux.<\/p>\n","protected":false},"excerpt":{"rendered":"<p>Avec l&rsquo;unique VELUMplus, les marchandises mobiles telles que les remorques ou les Conteneurss peuvent d\u00e9sormais \u00eatre pr\u00e9sent\u00e9es de mani\u00e8re transparente dans les processus op\u00e9rationnels avec une rentabilit\u00e9 sans pr\u00e9c\u00e9dent. En plus de sa fonctionnalit\u00e9 de localisation, ce terminal unique offre \u00e9galement de nombreuses options de configuration telles que le bouton d&rsquo;urgence, le capteur magn\u00e9tique, de [&hellip;]<\/p>\n","protected":false},"author":4,"featured_media":8134,"parent":8680,"menu_order":0,"comment_status":"closed","ping_status":"closed","template":"single-template-product.php","meta":{"_acf_changed":false,"inline_featured_image":false,"footnotes":""},"class_list":["post-8772","page","type-page","status-publish","has-post-thumbnail","hentry"],"acf":[],"yoast_head":"<!-- This site is optimized with the Yoast SEO plugin v26.1.1 - https:\/\/yoast.com\/wordpress\/plugins\/seo\/ -->\n<title>LOSTnFOUND\u00ae VELUMplus - LOSTnFOUND<\/title>\n<meta name=\"robots\" content=\"index, follow, max-snippet:-1, max-image-preview:large, max-video-preview:-1\" \/>\n<link rel=\"canonical\" href=\"https:\/\/iot.lostnfound.com\/fr\/produit\/lnf-velumplus\/\" \/>\n<meta name=\"twitter:label1\" content=\"Dur\u00e9e de lecture estim\u00e9e\" \/>\n\t<meta name=\"twitter:data1\" content=\"1 minute\" \/>\n<script type=\"application\/ld+json\" class=\"yoast-schema-graph\">{\"@context\":\"https:\/\/schema.org\",\"@graph\":[{\"@type\":\"WebPage\",\"@id\":\"https:\/\/iot.lostnfound.com\/fr\/produit\/lnf-velumplus\/\",\"url\":\"https:\/\/iot.lostnfound.com\/fr\/produit\/lnf-velumplus\/\",\"name\":\"LOSTnFOUND\u00ae VELUMplus - LOSTnFOUND\",\"isPartOf\":{\"@id\":\"https:\/\/iot.lostnfound.com\/#website\"},\"primaryImageOfPage\":{\"@id\":\"https:\/\/iot.lostnfound.com\/fr\/produit\/lnf-velumplus\/#primaryimage\"},\"image\":{\"@id\":\"https:\/\/iot.lostnfound.com\/fr\/produit\/lnf-velumplus\/#primaryimage\"},\"thumbnailUrl\":\"https:\/\/iot.lostnfound.com\/wp-content\/uploads\/VELUMplus_small.jpg\",\"datePublished\":\"2019-03-28T09:11:52+00:00\",\"dateModified\":\"2020-09-22T11:24:54+00:00\",\"breadcrumb\":{\"@id\":\"https:\/\/iot.lostnfound.com\/fr\/produit\/lnf-velumplus\/#breadcrumb\"},\"inLanguage\":\"fr-FR\",\"potentialAction\":[{\"@type\":\"ReadAction\",\"target\":[\"https:\/\/iot.lostnfound.com\/fr\/produit\/lnf-velumplus\/\"]}]},{\"@type\":\"ImageObject\",\"inLanguage\":\"fr-FR\",\"@id\":\"https:\/\/iot.lostnfound.com\/fr\/produit\/lnf-velumplus\/#primaryimage\",\"url\":\"https:\/\/iot.lostnfound.com\/wp-content\/uploads\/VELUMplus_small.jpg\",\"contentUrl\":\"https:\/\/iot.lostnfound.com\/wp-content\/uploads\/VELUMplus_small.jpg\",\"width\":110,\"height\":300,\"caption\":\"VELUM Plus\"},{\"@type\":\"BreadcrumbList\",\"@id\":\"https:\/\/iot.lostnfound.com\/fr\/produit\/lnf-velumplus\/#breadcrumb\",\"itemListElement\":[{\"@type\":\"ListItem\",\"position\":1,\"name\":\"Home\",\"item\":\"https:\/\/iot.lostnfound.com\/fr\/\"},{\"@type\":\"ListItem\",\"position\":2,\"name\":\"Produit\",\"item\":\"https:\/\/iot.lostnfound.com\/fr\/produit\/\"},{\"@type\":\"ListItem\",\"position\":3,\"name\":\"LOSTnFOUND\u00ae VELUMplus\"}]},{\"@type\":\"WebSite\",\"@id\":\"https:\/\/iot.lostnfound.com\/#website\",\"url\":\"https:\/\/iot.lostnfound.com\/\",\"name\":\"LOSTnFOUND\",\"description\":\"Telematic f\u00fcr das Internet der Dinge\",\"potentialAction\":[{\"@type\":\"SearchAction\",\"target\":{\"@type\":\"EntryPoint\",\"urlTemplate\":\"https:\/\/iot.lostnfound.com\/?s={search_term_string}\"},\"query-input\":{\"@type\":\"PropertyValueSpecification\",\"valueRequired\":true,\"valueName\":\"search_term_string\"}}],\"inLanguage\":\"fr-FR\"}]}<\/script>\n<!-- \/ Yoast SEO plugin. -->","yoast_head_json":{"title":"LOSTnFOUND\u00ae VELUMplus - LOSTnFOUND","robots":{"index":"index","follow":"follow","max-snippet":"max-snippet:-1","max-image-preview":"max-image-preview:large","max-video-preview":"max-video-preview:-1"},"canonical":"https:\/\/iot.lostnfound.com\/fr\/produit\/lnf-velumplus\/","twitter_misc":{"Dur\u00e9e de lecture estim\u00e9e":"1 minute"},"schema":{"@context":"https:\/\/schema.org","@graph":[{"@type":"WebPage","@id":"https:\/\/iot.lostnfound.com\/fr\/produit\/lnf-velumplus\/","url":"https:\/\/iot.lostnfound.com\/fr\/produit\/lnf-velumplus\/","name":"LOSTnFOUND\u00ae VELUMplus - LOSTnFOUND","isPartOf":{"@id":"https:\/\/iot.lostnfound.com\/#website"},"primaryImageOfPage":{"@id":"https:\/\/iot.lostnfound.com\/fr\/produit\/lnf-velumplus\/#primaryimage"},"image":{"@id":"https:\/\/iot.lostnfound.com\/fr\/produit\/lnf-velumplus\/#primaryimage"},"thumbnailUrl":"https:\/\/iot.lostnfound.com\/wp-content\/uploads\/VELUMplus_small.jpg","datePublished":"2019-03-28T09:11:52+00:00","dateModified":"2020-09-22T11:24:54+00:00","breadcrumb":{"@id":"https:\/\/iot.lostnfound.com\/fr\/produit\/lnf-velumplus\/#breadcrumb"},"inLanguage":"fr-FR","potentialAction":[{"@type":"ReadAction","target":["https:\/\/iot.lostnfound.com\/fr\/produit\/lnf-velumplus\/"]}]},{"@type":"ImageObject","inLanguage":"fr-FR","@id":"https:\/\/iot.lostnfound.com\/fr\/produit\/lnf-velumplus\/#primaryimage","url":"https:\/\/iot.lostnfound.com\/wp-content\/uploads\/VELUMplus_small.jpg","contentUrl":"https:\/\/iot.lostnfound.com\/wp-content\/uploads\/VELUMplus_small.jpg","width":110,"height":300,"caption":"VELUM Plus"},{"@type":"BreadcrumbList","@id":"https:\/\/iot.lostnfound.com\/fr\/produit\/lnf-velumplus\/#breadcrumb","itemListElement":[{"@type":"ListItem","position":1,"name":"Home","item":"https:\/\/iot.lostnfound.com\/fr\/"},{"@type":"ListItem","position":2,"name":"Produit","item":"https:\/\/iot.lostnfound.com\/fr\/produit\/"},{"@type":"ListItem","position":3,"name":"LOSTnFOUND\u00ae VELUMplus"}]},{"@type":"WebSite","@id":"https:\/\/iot.lostnfound.com\/#website","url":"https:\/\/iot.lostnfound.com\/","name":"LOSTnFOUND","description":"Telematic f\u00fcr das Internet der Dinge","potentialAction":[{"@type":"SearchAction","target":{"@type":"EntryPoint","urlTemplate":"https:\/\/iot.lostnfound.com\/?s={search_term_string}"},"query-input":{"@type":"PropertyValueSpecification","valueRequired":true,"valueName":"search_term_string"}}],"inLanguage":"fr-FR"}]}},"_links":{"self":[{"href":"https:\/\/iot.lostnfound.com\/fr\/wp-json\/wp\/v2\/pages\/8772","targetHints":{"allow":["GET"]}}],"collection":[{"href":"https:\/\/iot.lostnfound.com\/fr\/wp-json\/wp\/v2\/pages"}],"about":[{"href":"https:\/\/iot.lostnfound.com\/fr\/wp-json\/wp\/v2\/types\/page"}],"author":[{"embeddable":true,"href":"https:\/\/iot.lostnfound.com\/fr\/wp-json\/wp\/v2\/users\/4"}],"replies":[{"embeddable":true,"href":"https:\/\/iot.lostnfound.com\/fr\/wp-json\/wp\/v2\/comments?post=8772"}],"version-history":[{"count":2,"href":"https:\/\/iot.lostnfound.com\/fr\/wp-json\/wp\/v2\/pages\/8772\/revisions"}],"predecessor-version":[{"id":10570,"href":"https:\/\/iot.lostnfound.com\/fr\/wp-json\/wp\/v2\/pages\/8772\/revisions\/10570"}],"up":[{"embeddable":true,"href":"https:\/\/iot.lostnfound.com\/fr\/wp-json\/wp\/v2\/pages\/8680"}],"wp:featuredmedia":[{"embeddable":true,"href":"https:\/\/iot.lostnfound.com\/fr\/wp-json\/wp\/v2\/media\/8134"}],"wp:attachment":[{"href":"https:\/\/iot.lostnfound.com\/fr\/wp-json\/wp\/v2\/media?parent=8772"}],"curies":[{"name":"wp","href":"https:\/\/api.w.org\/{rel}","templated":true}]}}