{"id":8783,"date":"2019-03-28T11:27:00","date_gmt":"2019-03-28T10:27:00","guid":{"rendered":"http:\/\/lostnfound.firmennest.com\/produit\/lnf-velumplus-gitterklammer\/"},"modified":"2020-12-03T11:48:09","modified_gmt":"2020-12-03T10:48:09","slug":"lostnfound-velumplus-ii-gps","status":"publish","type":"page","link":"https:\/\/iot.lostnfound.com\/fr\/produit\/lostnfound-velumplus-ii-gps\/","title":{"rendered":"LOSTnFOUND\u00ae VELUMplus II (GPS)"},"content":{"rendered":"<p>L&rsquo;installation simple permet de prot\u00e9ger et de surveiller facilement les biens mobiles tels que les remorques ou les conteneurs. Gr\u00e2ce \u00e0 la puissante batterie int\u00e9gr\u00e9e et \u00e0 la transmission de donn\u00e9es dans la norme 0G d&rsquo;\u00e9conomie d&rsquo;\u00e9nergie, le VELUMplus II (GPS) peut \u00eatre utilis\u00e9 pendant plus de 3 ans. Le capteur de mouvement interne transmet une position GPS d\u00e8s que le tracker se d\u00e9place. Une alarme par e-mail ou SMS vous informe d\u00e8s que le VELUMplus II (GPS) est retir\u00e9 de l&rsquo;objet ou si la tension de la batterie descend en dessous de 50%.<\/p>\n","protected":false},"excerpt":{"rendered":"<p>L&rsquo;installation simple permet de prot\u00e9ger et de surveiller facilement les biens mobiles tels que les remorques ou les conteneurs. Gr\u00e2ce \u00e0 la puissante batterie int\u00e9gr\u00e9e et \u00e0 la transmission de donn\u00e9es dans la norme 0G d&rsquo;\u00e9conomie d&rsquo;\u00e9nergie, le VELUMplus II (GPS) peut \u00eatre utilis\u00e9 pendant plus de 3 ans. Le capteur de mouvement interne transmet [&hellip;]<\/p>\n","protected":false},"author":4,"featured_media":10839,"parent":8680,"menu_order":0,"comment_status":"closed","ping_status":"closed","template":"single-template-product.php","meta":{"_acf_changed":false,"inline_featured_image":false,"footnotes":""},"class_list":["post-8783","page","type-page","status-publish","has-post-thumbnail","hentry"],"acf":[],"yoast_head":"<!-- This site is optimized with the Yoast SEO plugin v26.1.1 - https:\/\/yoast.com\/wordpress\/plugins\/seo\/ -->\n<title>LOSTnFOUND\u00ae VELUMplus II (GPS) - LOSTnFOUND<\/title>\n<meta name=\"robots\" content=\"index, follow, max-snippet:-1, max-image-preview:large, max-video-preview:-1\" \/>\n<link rel=\"canonical\" href=\"https:\/\/iot.lostnfound.com\/fr\/produit\/lostnfound-velumplus-ii-gps\/\" \/>\n<meta name=\"twitter:label1\" content=\"Dur\u00e9e de lecture estim\u00e9e\" \/>\n\t<meta name=\"twitter:data1\" content=\"1 minute\" \/>\n<script type=\"application\/ld+json\" class=\"yoast-schema-graph\">{\"@context\":\"https:\/\/schema.org\",\"@graph\":[{\"@type\":\"WebPage\",\"@id\":\"https:\/\/iot.lostnfound.com\/fr\/produit\/lostnfound-velumplus-ii-gps\/\",\"url\":\"https:\/\/iot.lostnfound.com\/fr\/produit\/lostnfound-velumplus-ii-gps\/\",\"name\":\"LOSTnFOUND\u00ae VELUMplus II (GPS) - LOSTnFOUND\",\"isPartOf\":{\"@id\":\"https:\/\/iot.lostnfound.com\/#website\"},\"primaryImageOfPage\":{\"@id\":\"https:\/\/iot.lostnfound.com\/fr\/produit\/lostnfound-velumplus-ii-gps\/#primaryimage\"},\"image\":{\"@id\":\"https:\/\/iot.lostnfound.com\/fr\/produit\/lostnfound-velumplus-ii-gps\/#primaryimage\"},\"thumbnailUrl\":\"https:\/\/iot.lostnfound.com\/wp-content\/uploads\/VELUMplus-II-GPS_05.png\",\"datePublished\":\"2019-03-28T10:27:00+00:00\",\"dateModified\":\"2020-12-03T10:48:09+00:00\",\"breadcrumb\":{\"@id\":\"https:\/\/iot.lostnfound.com\/fr\/produit\/lostnfound-velumplus-ii-gps\/#breadcrumb\"},\"inLanguage\":\"fr-FR\",\"potentialAction\":[{\"@type\":\"ReadAction\",\"target\":[\"https:\/\/iot.lostnfound.com\/fr\/produit\/lostnfound-velumplus-ii-gps\/\"]}]},{\"@type\":\"ImageObject\",\"inLanguage\":\"fr-FR\",\"@id\":\"https:\/\/iot.lostnfound.com\/fr\/produit\/lostnfound-velumplus-ii-gps\/#primaryimage\",\"url\":\"https:\/\/iot.lostnfound.com\/wp-content\/uploads\/VELUMplus-II-GPS_05.png\",\"contentUrl\":\"https:\/\/iot.lostnfound.com\/wp-content\/uploads\/VELUMplus-II-GPS_05.png\",\"width\":1250,\"height\":1250},{\"@type\":\"BreadcrumbList\",\"@id\":\"https:\/\/iot.lostnfound.com\/fr\/produit\/lostnfound-velumplus-ii-gps\/#breadcrumb\",\"itemListElement\":[{\"@type\":\"ListItem\",\"position\":1,\"name\":\"Home\",\"item\":\"https:\/\/iot.lostnfound.com\/fr\/\"},{\"@type\":\"ListItem\",\"position\":2,\"name\":\"Produit\",\"item\":\"https:\/\/iot.lostnfound.com\/fr\/produit\/\"},{\"@type\":\"ListItem\",\"position\":3,\"name\":\"LOSTnFOUND\u00ae VELUMplus II (GPS)\"}]},{\"@type\":\"WebSite\",\"@id\":\"https:\/\/iot.lostnfound.com\/#website\",\"url\":\"https:\/\/iot.lostnfound.com\/\",\"name\":\"LOSTnFOUND\",\"description\":\"Telematic f\u00fcr das Internet der Dinge\",\"potentialAction\":[{\"@type\":\"SearchAction\",\"target\":{\"@type\":\"EntryPoint\",\"urlTemplate\":\"https:\/\/iot.lostnfound.com\/?s={search_term_string}\"},\"query-input\":{\"@type\":\"PropertyValueSpecification\",\"valueRequired\":true,\"valueName\":\"search_term_string\"}}],\"inLanguage\":\"fr-FR\"}]}<\/script>\n<!-- \/ Yoast SEO plugin. -->","yoast_head_json":{"title":"LOSTnFOUND\u00ae VELUMplus II (GPS) - LOSTnFOUND","robots":{"index":"index","follow":"follow","max-snippet":"max-snippet:-1","max-image-preview":"max-image-preview:large","max-video-preview":"max-video-preview:-1"},"canonical":"https:\/\/iot.lostnfound.com\/fr\/produit\/lostnfound-velumplus-ii-gps\/","twitter_misc":{"Dur\u00e9e de lecture estim\u00e9e":"1 minute"},"schema":{"@context":"https:\/\/schema.org","@graph":[{"@type":"WebPage","@id":"https:\/\/iot.lostnfound.com\/fr\/produit\/lostnfound-velumplus-ii-gps\/","url":"https:\/\/iot.lostnfound.com\/fr\/produit\/lostnfound-velumplus-ii-gps\/","name":"LOSTnFOUND\u00ae VELUMplus II (GPS) - LOSTnFOUND","isPartOf":{"@id":"https:\/\/iot.lostnfound.com\/#website"},"primaryImageOfPage":{"@id":"https:\/\/iot.lostnfound.com\/fr\/produit\/lostnfound-velumplus-ii-gps\/#primaryimage"},"image":{"@id":"https:\/\/iot.lostnfound.com\/fr\/produit\/lostnfound-velumplus-ii-gps\/#primaryimage"},"thumbnailUrl":"https:\/\/iot.lostnfound.com\/wp-content\/uploads\/VELUMplus-II-GPS_05.png","datePublished":"2019-03-28T10:27:00+00:00","dateModified":"2020-12-03T10:48:09+00:00","breadcrumb":{"@id":"https:\/\/iot.lostnfound.com\/fr\/produit\/lostnfound-velumplus-ii-gps\/#breadcrumb"},"inLanguage":"fr-FR","potentialAction":[{"@type":"ReadAction","target":["https:\/\/iot.lostnfound.com\/fr\/produit\/lostnfound-velumplus-ii-gps\/"]}]},{"@type":"ImageObject","inLanguage":"fr-FR","@id":"https:\/\/iot.lostnfound.com\/fr\/produit\/lostnfound-velumplus-ii-gps\/#primaryimage","url":"https:\/\/iot.lostnfound.com\/wp-content\/uploads\/VELUMplus-II-GPS_05.png","contentUrl":"https:\/\/iot.lostnfound.com\/wp-content\/uploads\/VELUMplus-II-GPS_05.png","width":1250,"height":1250},{"@type":"BreadcrumbList","@id":"https:\/\/iot.lostnfound.com\/fr\/produit\/lostnfound-velumplus-ii-gps\/#breadcrumb","itemListElement":[{"@type":"ListItem","position":1,"name":"Home","item":"https:\/\/iot.lostnfound.com\/fr\/"},{"@type":"ListItem","position":2,"name":"Produit","item":"https:\/\/iot.lostnfound.com\/fr\/produit\/"},{"@type":"ListItem","position":3,"name":"LOSTnFOUND\u00ae VELUMplus II (GPS)"}]},{"@type":"WebSite","@id":"https:\/\/iot.lostnfound.com\/#website","url":"https:\/\/iot.lostnfound.com\/","name":"LOSTnFOUND","description":"Telematic f\u00fcr das Internet der Dinge","potentialAction":[{"@type":"SearchAction","target":{"@type":"EntryPoint","urlTemplate":"https:\/\/iot.lostnfound.com\/?s={search_term_string}"},"query-input":{"@type":"PropertyValueSpecification","valueRequired":true,"valueName":"search_term_string"}}],"inLanguage":"fr-FR"}]}},"_links":{"self":[{"href":"https:\/\/iot.lostnfound.com\/fr\/wp-json\/wp\/v2\/pages\/8783","targetHints":{"allow":["GET"]}}],"collection":[{"href":"https:\/\/iot.lostnfound.com\/fr\/wp-json\/wp\/v2\/pages"}],"about":[{"href":"https:\/\/iot.lostnfound.com\/fr\/wp-json\/wp\/v2\/types\/page"}],"author":[{"embeddable":true,"href":"https:\/\/iot.lostnfound.com\/fr\/wp-json\/wp\/v2\/users\/4"}],"replies":[{"embeddable":true,"href":"https:\/\/iot.lostnfound.com\/fr\/wp-json\/wp\/v2\/comments?post=8783"}],"version-history":[{"count":3,"href":"https:\/\/iot.lostnfound.com\/fr\/wp-json\/wp\/v2\/pages\/8783\/revisions"}],"predecessor-version":[{"id":10640,"href":"https:\/\/iot.lostnfound.com\/fr\/wp-json\/wp\/v2\/pages\/8783\/revisions\/10640"}],"up":[{"embeddable":true,"href":"https:\/\/iot.lostnfound.com\/fr\/wp-json\/wp\/v2\/pages\/8680"}],"wp:featuredmedia":[{"embeddable":true,"href":"https:\/\/iot.lostnfound.com\/fr\/wp-json\/wp\/v2\/media\/10839"}],"wp:attachment":[{"href":"https:\/\/iot.lostnfound.com\/fr\/wp-json\/wp\/v2\/media?parent=8783"}],"curies":[{"name":"wp","href":"https:\/\/api.w.org\/{rel}","templated":true}]}}