{"id":8825,"date":"2019-03-27T18:41:51","date_gmt":"2019-03-27T17:41:51","guid":{"rendered":"http:\/\/lostnfound.firmennest.com\/produit\/calvus\/"},"modified":"2019-04-02T16:27:31","modified_gmt":"2019-04-02T15:27:31","slug":"calvus","status":"publish","type":"page","link":"https:\/\/iot.lostnfound.com\/fr\/produit\/calvus\/","title":{"rendered":"LOSTnFOUND\u00ae CALVUS"},"content":{"rendered":"<p>Le CALVUS est un appareil de localisation GPS ultra-petit, l\u00e9ger et innovant qui peut \u00eatre utilis\u00e9 dans une large gamme d\u2019applications. Avec son aide, vous savez toujours o\u00f9 se trouvent les marchandises ou les livraisons.<\/p>\n","protected":false},"excerpt":{"rendered":"<p>Le CALVUS est un appareil de localisation GPS ultra-petit, l\u00e9ger et innovant qui peut \u00eatre utilis\u00e9 dans une large gamme d\u2019applications. Avec son aide, vous savez toujours o\u00f9 se trouvent les marchandises ou les livraisons.<\/p>\n","protected":false},"author":4,"featured_media":8094,"parent":8680,"menu_order":0,"comment_status":"closed","ping_status":"closed","template":"single-template-product.php","meta":{"_acf_changed":false,"inline_featured_image":false,"footnotes":""},"class_list":["post-8825","page","type-page","status-publish","has-post-thumbnail","hentry"],"acf":[],"yoast_head":"<!-- This site is optimized with the Yoast SEO plugin v26.1.1 - https:\/\/yoast.com\/wordpress\/plugins\/seo\/ -->\n<title>LOSTnFOUND\u00ae CALVUS - LOSTnFOUND<\/title>\n<meta name=\"robots\" content=\"index, follow, max-snippet:-1, max-image-preview:large, max-video-preview:-1\" \/>\n<link rel=\"canonical\" href=\"https:\/\/iot.lostnfound.com\/fr\/produit\/calvus\/\" \/>\n<script type=\"application\/ld+json\" class=\"yoast-schema-graph\">{\"@context\":\"https:\/\/schema.org\",\"@graph\":[{\"@type\":\"WebPage\",\"@id\":\"https:\/\/iot.lostnfound.com\/fr\/produit\/calvus\/\",\"url\":\"https:\/\/iot.lostnfound.com\/fr\/produit\/calvus\/\",\"name\":\"LOSTnFOUND\u00ae CALVUS - LOSTnFOUND\",\"isPartOf\":{\"@id\":\"https:\/\/iot.lostnfound.com\/#website\"},\"primaryImageOfPage\":{\"@id\":\"https:\/\/iot.lostnfound.com\/fr\/produit\/calvus\/#primaryimage\"},\"image\":{\"@id\":\"https:\/\/iot.lostnfound.com\/fr\/produit\/calvus\/#primaryimage\"},\"thumbnailUrl\":\"https:\/\/iot.lostnfound.com\/wp-content\/uploads\/CALVUS_small.png\",\"datePublished\":\"2019-03-27T17:41:51+00:00\",\"dateModified\":\"2019-04-02T15:27:31+00:00\",\"breadcrumb\":{\"@id\":\"https:\/\/iot.lostnfound.com\/fr\/produit\/calvus\/#breadcrumb\"},\"inLanguage\":\"fr-FR\",\"potentialAction\":[{\"@type\":\"ReadAction\",\"target\":[\"https:\/\/iot.lostnfound.com\/fr\/produit\/calvus\/\"]}]},{\"@type\":\"ImageObject\",\"inLanguage\":\"fr-FR\",\"@id\":\"https:\/\/iot.lostnfound.com\/fr\/produit\/calvus\/#primaryimage\",\"url\":\"https:\/\/iot.lostnfound.com\/wp-content\/uploads\/CALVUS_small.png\",\"contentUrl\":\"https:\/\/iot.lostnfound.com\/wp-content\/uploads\/CALVUS_small.png\",\"width\":201,\"height\":300,\"caption\":\"Calvus\"},{\"@type\":\"BreadcrumbList\",\"@id\":\"https:\/\/iot.lostnfound.com\/fr\/produit\/calvus\/#breadcrumb\",\"itemListElement\":[{\"@type\":\"ListItem\",\"position\":1,\"name\":\"Home\",\"item\":\"https:\/\/iot.lostnfound.com\/fr\/\"},{\"@type\":\"ListItem\",\"position\":2,\"name\":\"Produit\",\"item\":\"https:\/\/iot.lostnfound.com\/fr\/produit\/\"},{\"@type\":\"ListItem\",\"position\":3,\"name\":\"LOSTnFOUND\u00ae CALVUS\"}]},{\"@type\":\"WebSite\",\"@id\":\"https:\/\/iot.lostnfound.com\/#website\",\"url\":\"https:\/\/iot.lostnfound.com\/\",\"name\":\"LOSTnFOUND\",\"description\":\"Telematic f\u00fcr das Internet der Dinge\",\"potentialAction\":[{\"@type\":\"SearchAction\",\"target\":{\"@type\":\"EntryPoint\",\"urlTemplate\":\"https:\/\/iot.lostnfound.com\/?s={search_term_string}\"},\"query-input\":{\"@type\":\"PropertyValueSpecification\",\"valueRequired\":true,\"valueName\":\"search_term_string\"}}],\"inLanguage\":\"fr-FR\"}]}<\/script>\n<!-- \/ Yoast SEO plugin. -->","yoast_head_json":{"title":"LOSTnFOUND\u00ae CALVUS - LOSTnFOUND","robots":{"index":"index","follow":"follow","max-snippet":"max-snippet:-1","max-image-preview":"max-image-preview:large","max-video-preview":"max-video-preview:-1"},"canonical":"https:\/\/iot.lostnfound.com\/fr\/produit\/calvus\/","schema":{"@context":"https:\/\/schema.org","@graph":[{"@type":"WebPage","@id":"https:\/\/iot.lostnfound.com\/fr\/produit\/calvus\/","url":"https:\/\/iot.lostnfound.com\/fr\/produit\/calvus\/","name":"LOSTnFOUND\u00ae CALVUS - LOSTnFOUND","isPartOf":{"@id":"https:\/\/iot.lostnfound.com\/#website"},"primaryImageOfPage":{"@id":"https:\/\/iot.lostnfound.com\/fr\/produit\/calvus\/#primaryimage"},"image":{"@id":"https:\/\/iot.lostnfound.com\/fr\/produit\/calvus\/#primaryimage"},"thumbnailUrl":"https:\/\/iot.lostnfound.com\/wp-content\/uploads\/CALVUS_small.png","datePublished":"2019-03-27T17:41:51+00:00","dateModified":"2019-04-02T15:27:31+00:00","breadcrumb":{"@id":"https:\/\/iot.lostnfound.com\/fr\/produit\/calvus\/#breadcrumb"},"inLanguage":"fr-FR","potentialAction":[{"@type":"ReadAction","target":["https:\/\/iot.lostnfound.com\/fr\/produit\/calvus\/"]}]},{"@type":"ImageObject","inLanguage":"fr-FR","@id":"https:\/\/iot.lostnfound.com\/fr\/produit\/calvus\/#primaryimage","url":"https:\/\/iot.lostnfound.com\/wp-content\/uploads\/CALVUS_small.png","contentUrl":"https:\/\/iot.lostnfound.com\/wp-content\/uploads\/CALVUS_small.png","width":201,"height":300,"caption":"Calvus"},{"@type":"BreadcrumbList","@id":"https:\/\/iot.lostnfound.com\/fr\/produit\/calvus\/#breadcrumb","itemListElement":[{"@type":"ListItem","position":1,"name":"Home","item":"https:\/\/iot.lostnfound.com\/fr\/"},{"@type":"ListItem","position":2,"name":"Produit","item":"https:\/\/iot.lostnfound.com\/fr\/produit\/"},{"@type":"ListItem","position":3,"name":"LOSTnFOUND\u00ae CALVUS"}]},{"@type":"WebSite","@id":"https:\/\/iot.lostnfound.com\/#website","url":"https:\/\/iot.lostnfound.com\/","name":"LOSTnFOUND","description":"Telematic f\u00fcr das Internet der Dinge","potentialAction":[{"@type":"SearchAction","target":{"@type":"EntryPoint","urlTemplate":"https:\/\/iot.lostnfound.com\/?s={search_term_string}"},"query-input":{"@type":"PropertyValueSpecification","valueRequired":true,"valueName":"search_term_string"}}],"inLanguage":"fr-FR"}]}},"_links":{"self":[{"href":"https:\/\/iot.lostnfound.com\/fr\/wp-json\/wp\/v2\/pages\/8825","targetHints":{"allow":["GET"]}}],"collection":[{"href":"https:\/\/iot.lostnfound.com\/fr\/wp-json\/wp\/v2\/pages"}],"about":[{"href":"https:\/\/iot.lostnfound.com\/fr\/wp-json\/wp\/v2\/types\/page"}],"author":[{"embeddable":true,"href":"https:\/\/iot.lostnfound.com\/fr\/wp-json\/wp\/v2\/users\/4"}],"replies":[{"embeddable":true,"href":"https:\/\/iot.lostnfound.com\/fr\/wp-json\/wp\/v2\/comments?post=8825"}],"version-history":[{"count":1,"href":"https:\/\/iot.lostnfound.com\/fr\/wp-json\/wp\/v2\/pages\/8825\/revisions"}],"predecessor-version":[{"id":8827,"href":"https:\/\/iot.lostnfound.com\/fr\/wp-json\/wp\/v2\/pages\/8825\/revisions\/8827"}],"up":[{"embeddable":true,"href":"https:\/\/iot.lostnfound.com\/fr\/wp-json\/wp\/v2\/pages\/8680"}],"wp:featuredmedia":[{"embeddable":true,"href":"https:\/\/iot.lostnfound.com\/fr\/wp-json\/wp\/v2\/media\/8094"}],"wp:attachment":[{"href":"https:\/\/iot.lostnfound.com\/fr\/wp-json\/wp\/v2\/media?parent=8825"}],"curies":[{"name":"wp","href":"https:\/\/api.w.org\/{rel}","templated":true}]}}