{"id":9768,"date":"2019-03-04T18:02:18","date_gmt":"2019-03-04T17:02:18","guid":{"rendered":"http:\/\/lostnfound.firmennest.com\/revocation-instruction\/"},"modified":"2019-05-24T11:47:42","modified_gmt":"2019-05-24T10:47:42","slug":"instruction-de-revocation","status":"publish","type":"page","link":"https:\/\/iot.lostnfound.com\/fr\/instruction-de-revocation\/","title":{"rendered":"Instruction de R\u00e9vocation"},"content":{"rendered":"<div id=\"pl-9768\"  class=\"panel-layout\" ><div id=\"pg-9768-0\"  class=\"panel-grid panel-no-style\" ><div id=\"pgc-9768-0-0\"  class=\"panel-grid-cell\" ><div id=\"panel-9768-0-0-0\" class=\"so-panel widget widget_sow-editor panel-first-child panel-last-child\" data-index=\"0\" ><div\n\t\t\t\n\t\t\tclass=\"so-widget-sow-editor so-widget-sow-editor-base\"\n\t\t\t\n\t\t>\n<div class=\"siteorigin-widget-tinymce textwidget\">\n\t<h1>Instruction de R\u00e9vocation<\/h1>\n<h3>Droit de r\u00e9tractation pour les consommateurs<\/h3>\n<p>Un droit de r\u00e9tractation (livraison de marchandises et prestation de services) s'applique exclusivement aux consommateurs au sens du \u00a7 13 BGB. Il s'agit de toute personne physique qui conclut une transaction juridique dans un but qui ne peut \u00eatre attribu\u00e9 ni \u00e0 son activit\u00e9 commerciale ni \u00e0 son activit\u00e9 professionnelle ind\u00e9pendante.<\/p>\n<h3>Livraison des marchandises<\/h3>\n<p><strong>Droit de r\u00e9siliation<\/strong><br \/>\nVous avez le droit de r\u00e9silier le pr\u00e9sent contrat dans un d\u00e9lai de quatorze jours sans indication de motifs. Le d\u00e9lai de r\u00e9tractation est de quatorze jours \u00e0 compter de la date \u00e0 laquelle vous ou un tiers autre que le transporteur d\u00e9sign\u00e9 par vous avez pris possession des marchandises.<br \/>\nPour exercer votre droit de r\u00e9tractation, vous devez nous informer (LOSTnFOUND AG, Soodstrasse 59, CH-8134 Adliswil, num\u00e9ro de t\u00e9l\u00e9phone : +41 44 500 40 95, num\u00e9ro de fax : +41 44 500 40 98, adresse e-mail : info@lostnfound.com) de votre d\u00e9cision de r\u00e9siliation du pr\u00e9sent contrat par une d\u00e9claration claire (par ex. lettre, fax ou e-mail envoy\u00e9s par courrier). Vous pouvez utiliser le mod\u00e8le de formulaire de retrait ci-joint, qui n'est pas obligatoire.<\/p>\n<p>Pour respecter le d\u00e9lai de r\u00e9tractation, il suffit d'envoyer la notification de l'exercice du droit de r\u00e9tractation avant l'expiration du d\u00e9lai de r\u00e9tractation.<br \/>\nCons\u00e9quences de la r\u00e9vocation.<\/p>\n<p>Si vous r\u00e9voquez le pr\u00e9sent Contrat, nous vous rembourserons imm\u00e9diatement et au plus tard dans les quatorze jours suivant la date \u00e0 laquelle nous avons re\u00e7u votre avis de r\u00e9vocation du pr\u00e9sent Contrat pour tous les paiements que nous avons re\u00e7us de vous, y compris les frais de livraison (autres que les frais suppl\u00e9mentaires d\u00e9coulant de votre choix d'une m\u00e9thode de livraison autre que la livraison standard la moins ch\u00e8re offerte par nous). Pour ce remboursement, nous utiliserons le m\u00eame moyen de paiement que celui que vous avez utilis\u00e9 pour la transaction originale, sauf accord contraire expr\u00e8s avec vous ; en aucun cas ce remboursement ne vous sera factur\u00e9.<\/p>\n<p>Nous pouvons refuser de vous rembourser jusqu'\u00e0 ce que nous ayons re\u00e7u la marchandise en retour ou jusqu'\u00e0 ce que vous ayez fourni la preuve que vous avez retourn\u00e9 la marchandise, selon la premi\u00e8re de ces \u00e9ventualit\u00e9s.<\/p>\n<p>Vous devez retourner ou remettre la marchandise \u00e0 notre centre logistique de Renningen (Allemagne) imm\u00e9diatement et en tout \u00e9tat de cause dans un d\u00e9lai de quatorze jours au plus tard \u00e0 compter de la date \u00e0 laquelle vous nous avez notifi\u00e9 la r\u00e9siliation du pr\u00e9sent contrat par le biais de notre processus RMA. Ce d\u00e9lai est r\u00e9put\u00e9 respect\u00e9 si vous exp\u00e9diez la marchandise avant l'expiration du d\u00e9lai de quatorze jours. Les frais directs de retour sont \u00e0 votre charge.<\/p>\n<p>Ils ne sont responsables de toute d\u00e9pr\u00e9ciation de la marchandise que si cette d\u00e9pr\u00e9ciation est due \u00e0 une manipulation de la marchandise qui n'est pas n\u00e9cessaire pour en examiner la nature, les propri\u00e9t\u00e9s et la fonctionnalit\u00e9.<\/p>\n<p><strong>Exclusion ou expiration pr\u00e9matur\u00e9e du droit de r\u00e9tractation<\/strong><br \/>\nLe droit de r\u00e9tractation ne s'applique pas aux contrats suivants<\/p>\n<ul>\n<li>la livraison de biens qui ne sont pas pr\u00e9fabriqu\u00e9s et dont la fabrication est d\u00e9termin\u00e9e par un choix individuel ou une destination faite par le consommateur ou qui sont clairement adapt\u00e9s aux besoins personnels du consommateur ;<\/li>\n<li>Le droit de r\u00e9tractation expire pr\u00e9matur\u00e9ment pour les contrats<\/li>\n<li>pour la livraison de marchandises si celles-ci ont \u00e9t\u00e9 m\u00e9lang\u00e9es de mani\u00e8re ins\u00e9parable avec d'autres marchandises apr\u00e8s la livraison en raison de leur nature ;<br \/>\n- pour la livraison de produits de t\u00e9l\u00e9communications dans un emballage scell\u00e9 si le sceau a \u00e9t\u00e9 enlev\u00e9 apr\u00e8s la livraison.<\/li>\n<\/ul>\n<h3>Services et support<\/h3>\n<p><strong>Droit de r\u00e9siliation<\/strong><br \/>\nVous avez le droit de r\u00e9silier le pr\u00e9sent contrat dans un d\u00e9lai de quatorze jours sans indication de motifs. Le d\u00e9lai de r\u00e9tractation est de quatorze jours \u00e0 compter de la date de conclusion du contrat.<\/p>\n<p>Pour exercer votre droit de r\u00e9tractation, vous devez nous informer (LOSTnFOUND AG, Soodstrasse 59, CH-8134 Adliswil, num\u00e9ro de t\u00e9l\u00e9phone : +41 44 500 40 95, num\u00e9ro de fax : +41 44 500 40 98, adresse e-mail : info@lostnfound.com) de votre d\u00e9cision de r\u00e9siliation par une d\u00e9claration claire (par ex. lettre, fax ou e-mail envoy\u00e9 par courrier). Vous pouvez utiliser le mod\u00e8le de formulaire de retrait ci-joint, qui n'est pas obligatoire.<\/p>\n<p>Pour respecter le d\u00e9lai de r\u00e9tractation, il suffit d'envoyer la notification de l'exercice du droit de r\u00e9tractation avant l'expiration du d\u00e9lai de r\u00e9tractation.<br \/>\nCons\u00e9quences de la r\u00e9vocation.<\/p>\n<p>Si vous r\u00e9voquez le pr\u00e9sent Contrat, nous vous rembourserons imm\u00e9diatement et au plus tard dans les quatorze jours suivant la date \u00e0 laquelle nous avons re\u00e7u votre avis de r\u00e9vocation du pr\u00e9sent Contrat pour tous les paiements que nous avons re\u00e7us de vous, y compris les frais de livraison (autres que les frais suppl\u00e9mentaires d\u00e9coulant de votre choix d'une m\u00e9thode de livraison autre que la livraison standard la moins ch\u00e8re offerte par nous). Pour ce remboursement, nous utiliserons le m\u00eame moyen de paiement que celui que vous avez utilis\u00e9 pour la transaction originale, sauf accord contraire expr\u00e8s avec vous ; en aucun cas ce remboursement ne vous sera factur\u00e9.<\/p>\n<p>Si vous avez demand\u00e9 que les Services soient commenc\u00e9s pendant la p\u00e9riode de r\u00e9tractation, vous devrez nous payer un montant raisonnable \u00e9gal \u00e0 la proportion des Services d\u00e9j\u00e0 fournis au moment o\u00f9 vous nous avisez de l'exercice du droit de r\u00e9tractation \u00e0 l'\u00e9gard du pr\u00e9sent Contrat par rapport au total des Services fournis dans le Contrat.<\/p>\n<p>L'exemple de formulaire pour l'exercice du droit de r\u00e9tractation peut \u00eatre t\u00e9l\u00e9charg\u00e9 sous ce lien (<a href=\"https:\/\/iot.lostnfound.com\/wp-content\/uploads\/Wiederrufsbelehrung_EN.pdf\" class=\"pdf\" target=\"_blank\" rel=\"noopener\">R\u00e9tractation<\/a>) et vous sera envoy\u00e9 par e-mail avec les autres documents dans le cadre du traitement de la commande.<br \/>\nSi vous souhaitez r\u00e9voquer le contrat, vous pouvez utiliser le formulaire que nous avons pr\u00e9par\u00e9 pour vous.<\/p>\n<p><strong>Qu'est-ce qu'une r\u00e9vocation ?<\/strong><br \/>\nUne r\u00e9vocation est la r\u00e9siliation d'un contrat conclu peu avant, que le consommateur r\u00e9silie par sa d\u00e9claration unilat\u00e9rale. Une r\u00e9vocation est possible jusqu'\u00e0 14 jours apr\u00e8s la conclusion du contrat. Selon le \u00a7 355 BGB (Code civil allemand), elle ne requiert aucune justification, mais doit \u00eatre faite par une d\u00e9claration de r\u00e9vocation (par t\u00e9l\u00e9phone, e-mail, lettre, fax, etc.). Il ne suffit pas de renvoyer la marchandise sans commentaire et sans d\u00e9claration de r\u00e9tractation.<\/p>\n<p><strong>Qu'est-ce qu'une d\u00e9mission ?<\/strong><br \/>\nLa r\u00e9siliation d'un contrat sert \u00e0 la r\u00e9siliation d'un contrat en cours par un avis de r\u00e9siliation prenant effet pour l'avenir.<\/p>\n<\/div>\n<\/div><\/div><\/div><\/div><\/div>","protected":false},"excerpt":{"rendered":"<p>Instruction de R\u00e9vocation Droit de r\u00e9tractation pour les consommateurs Un droit de r\u00e9tractation (livraison de marchandises et prestation de services) s&rsquo;applique exclusivement aux consommateurs au sens du \u00a7 13 BGB. Il s&rsquo;agit de toute personne physique qui conclut une transaction juridique dans un but qui ne peut \u00eatre attribu\u00e9 ni \u00e0 son activit\u00e9 commerciale ni [&hellip;]<\/p>\n","protected":false},"author":3,"featured_media":0,"parent":0,"menu_order":0,"comment_status":"closed","ping_status":"closed","template":"","meta":{"_acf_changed":false,"inline_featured_image":false,"footnotes":""},"class_list":["post-9768","page","type-page","status-publish","hentry"],"acf":[],"yoast_head":"<!-- This site is optimized with the Yoast SEO plugin v26.1.1 - https:\/\/yoast.com\/wordpress\/plugins\/seo\/ -->\n<title>Instruction de R\u00e9vocation - LOSTnFOUND<\/title>\n<meta name=\"robots\" content=\"index, follow, max-snippet:-1, max-image-preview:large, max-video-preview:-1\" \/>\n<link rel=\"canonical\" href=\"https:\/\/iot.lostnfound.com\/fr\/instruction-de-revocation\/\" \/>\n<meta name=\"twitter:label1\" content=\"Dur\u00e9e de lecture estim\u00e9e\" \/>\n\t<meta name=\"twitter:data1\" content=\"6 minutes\" \/>\n<script type=\"application\/ld+json\" class=\"yoast-schema-graph\">{\"@context\":\"https:\/\/schema.org\",\"@graph\":[{\"@type\":\"WebPage\",\"@id\":\"https:\/\/iot.lostnfound.com\/fr\/instruction-de-revocation\/\",\"url\":\"https:\/\/iot.lostnfound.com\/fr\/instruction-de-revocation\/\",\"name\":\"Instruction de R\u00e9vocation - LOSTnFOUND\",\"isPartOf\":{\"@id\":\"https:\/\/iot.lostnfound.com\/#website\"},\"datePublished\":\"2019-03-04T17:02:18+00:00\",\"dateModified\":\"2019-05-24T10:47:42+00:00\",\"breadcrumb\":{\"@id\":\"https:\/\/iot.lostnfound.com\/fr\/instruction-de-revocation\/#breadcrumb\"},\"inLanguage\":\"fr-FR\",\"potentialAction\":[{\"@type\":\"ReadAction\",\"target\":[\"https:\/\/iot.lostnfound.com\/fr\/instruction-de-revocation\/\"]}]},{\"@type\":\"BreadcrumbList\",\"@id\":\"https:\/\/iot.lostnfound.com\/fr\/instruction-de-revocation\/#breadcrumb\",\"itemListElement\":[{\"@type\":\"ListItem\",\"position\":1,\"name\":\"Home\",\"item\":\"https:\/\/iot.lostnfound.com\/fr\/\"},{\"@type\":\"ListItem\",\"position\":2,\"name\":\"Instruction de R\u00e9vocation\"}]},{\"@type\":\"WebSite\",\"@id\":\"https:\/\/iot.lostnfound.com\/#website\",\"url\":\"https:\/\/iot.lostnfound.com\/\",\"name\":\"LOSTnFOUND\",\"description\":\"Telematic f\u00fcr das Internet der Dinge\",\"potentialAction\":[{\"@type\":\"SearchAction\",\"target\":{\"@type\":\"EntryPoint\",\"urlTemplate\":\"https:\/\/iot.lostnfound.com\/?s={search_term_string}\"},\"query-input\":{\"@type\":\"PropertyValueSpecification\",\"valueRequired\":true,\"valueName\":\"search_term_string\"}}],\"inLanguage\":\"fr-FR\"}]}<\/script>\n<!-- \/ Yoast SEO plugin. -->","yoast_head_json":{"title":"Instruction de R\u00e9vocation - LOSTnFOUND","robots":{"index":"index","follow":"follow","max-snippet":"max-snippet:-1","max-image-preview":"max-image-preview:large","max-video-preview":"max-video-preview:-1"},"canonical":"https:\/\/iot.lostnfound.com\/fr\/instruction-de-revocation\/","twitter_misc":{"Dur\u00e9e de lecture estim\u00e9e":"6 minutes"},"schema":{"@context":"https:\/\/schema.org","@graph":[{"@type":"WebPage","@id":"https:\/\/iot.lostnfound.com\/fr\/instruction-de-revocation\/","url":"https:\/\/iot.lostnfound.com\/fr\/instruction-de-revocation\/","name":"Instruction de R\u00e9vocation - LOSTnFOUND","isPartOf":{"@id":"https:\/\/iot.lostnfound.com\/#website"},"datePublished":"2019-03-04T17:02:18+00:00","dateModified":"2019-05-24T10:47:42+00:00","breadcrumb":{"@id":"https:\/\/iot.lostnfound.com\/fr\/instruction-de-revocation\/#breadcrumb"},"inLanguage":"fr-FR","potentialAction":[{"@type":"ReadAction","target":["https:\/\/iot.lostnfound.com\/fr\/instruction-de-revocation\/"]}]},{"@type":"BreadcrumbList","@id":"https:\/\/iot.lostnfound.com\/fr\/instruction-de-revocation\/#breadcrumb","itemListElement":[{"@type":"ListItem","position":1,"name":"Home","item":"https:\/\/iot.lostnfound.com\/fr\/"},{"@type":"ListItem","position":2,"name":"Instruction de R\u00e9vocation"}]},{"@type":"WebSite","@id":"https:\/\/iot.lostnfound.com\/#website","url":"https:\/\/iot.lostnfound.com\/","name":"LOSTnFOUND","description":"Telematic f\u00fcr das Internet der Dinge","potentialAction":[{"@type":"SearchAction","target":{"@type":"EntryPoint","urlTemplate":"https:\/\/iot.lostnfound.com\/?s={search_term_string}"},"query-input":{"@type":"PropertyValueSpecification","valueRequired":true,"valueName":"search_term_string"}}],"inLanguage":"fr-FR"}]}},"_links":{"self":[{"href":"https:\/\/iot.lostnfound.com\/fr\/wp-json\/wp\/v2\/pages\/9768","targetHints":{"allow":["GET"]}}],"collection":[{"href":"https:\/\/iot.lostnfound.com\/fr\/wp-json\/wp\/v2\/pages"}],"about":[{"href":"https:\/\/iot.lostnfound.com\/fr\/wp-json\/wp\/v2\/types\/page"}],"author":[{"embeddable":true,"href":"https:\/\/iot.lostnfound.com\/fr\/wp-json\/wp\/v2\/users\/3"}],"replies":[{"embeddable":true,"href":"https:\/\/iot.lostnfound.com\/fr\/wp-json\/wp\/v2\/comments?post=9768"}],"version-history":[{"count":2,"href":"https:\/\/iot.lostnfound.com\/fr\/wp-json\/wp\/v2\/pages\/9768\/revisions"}],"predecessor-version":[{"id":9773,"href":"https:\/\/iot.lostnfound.com\/fr\/wp-json\/wp\/v2\/pages\/9768\/revisions\/9773"}],"wp:attachment":[{"href":"https:\/\/iot.lostnfound.com\/fr\/wp-json\/wp\/v2\/media?parent=9768"}],"curies":[{"name":"wp","href":"https:\/\/api.w.org\/{rel}","templated":true}]}}