{"id":10224,"date":"2019-09-09T10:01:23","date_gmt":"2019-09-09T09:01:23","guid":{"rendered":"https:\/\/iot.lostnfound.com\/shop\/nimbo-inkl-12-monate-service-sale\/"},"modified":"2020-09-16T08:19:00","modified_gmt":"2020-09-16T07:19:00","slug":"nimbo-incl-12-mois-de-service-liquidation","status":"publish","type":"product","link":"https:\/\/iot.lostnfound.com\/fr\/shop\/nimbo-incl-12-mois-de-service-liquidation\/","title":{"rendered":"NIMBO incl. 12 mois de service (LIQUIDATION !)"},"content":{"rendered":"<p>Le NIMBO est id\u00e9al pour le suivi des exp\u00e9ditions dans le monde entier et de mani\u00e8re transparente tout au long de la cha\u00eene d&rsquo;approvisionnement, en particulier pour les marchandises de grande valeur. La batterie rechargeable a une capacit\u00e9 de 6 \u00e0 9 mois. Maintenant dans l&rsquo;ensemble de liquidation Hammer, incluant le terminal, la carte SIM et 12 mois de service. Les dispositifs sont des retours des positions de d\u00e9monstration, de sorte que les dispositifs peuvent montrer de l\u00e9gers signes d&rsquo;utilisation. 12 mois de garantie. Offre valable jusqu&rsquo;\u00e0 \u00e9puisement des stocks !<\/p>\n","protected":false},"excerpt":{"rendered":"<p>Dispositif de poursuite GSM portable<\/p>\n","protected":false},"featured_media":10174,"template":"","meta":{"_acf_changed":false,"inline_featured_image":false},"product_brand":[],"product_cat":[641],"product_tag":[],"class_list":{"0":"post-10224","1":"product","2":"type-product","3":"status-publish","4":"has-post-thumbnail","6":"product_cat-liquidation-totale-fr","8":"first","9":"instock","10":"sale","11":"taxable","12":"shipping-taxable","13":"purchasable","14":"product-type-simple"},"acf":[],"yoast_head":"<!-- This site is optimized with the Yoast SEO plugin v26.1.1 - https:\/\/yoast.com\/wordpress\/plugins\/seo\/ -->\n<title>NIMBO incl. 12 mois de service (LIQUIDATION !) - LOSTnFOUND<\/title>\n<meta name=\"robots\" content=\"index, follow, max-snippet:-1, max-image-preview:large, max-video-preview:-1\" \/>\n<link rel=\"canonical\" href=\"https:\/\/iot.lostnfound.com\/fr\/shop\/nimbo-incl-12-mois-de-service-liquidation\/\" \/>\n<script type=\"application\/ld+json\" class=\"yoast-schema-graph\">{\"@context\":\"https:\/\/schema.org\",\"@graph\":[{\"@type\":\"WebPage\",\"@id\":\"https:\/\/iot.lostnfound.com\/fr\/shop\/nimbo-incl-12-mois-de-service-liquidation\/\",\"url\":\"https:\/\/iot.lostnfound.com\/fr\/shop\/nimbo-incl-12-mois-de-service-liquidation\/\",\"name\":\"NIMBO incl. 12 mois de service (LIQUIDATION !) - LOSTnFOUND\",\"isPartOf\":{\"@id\":\"https:\/\/iot.lostnfound.com\/#website\"},\"primaryImageOfPage\":{\"@id\":\"https:\/\/iot.lostnfound.com\/fr\/shop\/nimbo-incl-12-mois-de-service-liquidation\/#primaryimage\"},\"image\":{\"@id\":\"https:\/\/iot.lostnfound.com\/fr\/shop\/nimbo-incl-12-mois-de-service-liquidation\/#primaryimage\"},\"thumbnailUrl\":\"https:\/\/iot.lostnfound.com\/wp-content\/uploads\/sales_nimbo_de.png\",\"datePublished\":\"2019-09-09T09:01:23+00:00\",\"dateModified\":\"2020-09-16T07:19:00+00:00\",\"breadcrumb\":{\"@id\":\"https:\/\/iot.lostnfound.com\/fr\/shop\/nimbo-incl-12-mois-de-service-liquidation\/#breadcrumb\"},\"inLanguage\":\"fr-FR\",\"potentialAction\":[{\"@type\":\"ReadAction\",\"target\":[\"https:\/\/iot.lostnfound.com\/fr\/shop\/nimbo-incl-12-mois-de-service-liquidation\/\"]}]},{\"@type\":\"ImageObject\",\"inLanguage\":\"fr-FR\",\"@id\":\"https:\/\/iot.lostnfound.com\/fr\/shop\/nimbo-incl-12-mois-de-service-liquidation\/#primaryimage\",\"url\":\"https:\/\/iot.lostnfound.com\/wp-content\/uploads\/sales_nimbo_de.png\",\"contentUrl\":\"https:\/\/iot.lostnfound.com\/wp-content\/uploads\/sales_nimbo_de.png\",\"width\":600,\"height\":425},{\"@type\":\"BreadcrumbList\",\"@id\":\"https:\/\/iot.lostnfound.com\/fr\/shop\/nimbo-incl-12-mois-de-service-liquidation\/#breadcrumb\",\"itemListElement\":[{\"@type\":\"ListItem\",\"position\":1,\"name\":\"Home\",\"item\":\"https:\/\/iot.lostnfound.com\/fr\/\"},{\"@type\":\"ListItem\",\"position\":2,\"name\":\"Boutique\",\"item\":\"https:\/\/iot.lostnfound.com\/fr\/boutique\/\"},{\"@type\":\"ListItem\",\"position\":3,\"name\":\"NIMBO incl. 12 mois de service (LIQUIDATION !)\"}]},{\"@type\":\"WebSite\",\"@id\":\"https:\/\/iot.lostnfound.com\/#website\",\"url\":\"https:\/\/iot.lostnfound.com\/\",\"name\":\"LOSTnFOUND\",\"description\":\"Telematic f\u00fcr das Internet der Dinge\",\"potentialAction\":[{\"@type\":\"SearchAction\",\"target\":{\"@type\":\"EntryPoint\",\"urlTemplate\":\"https:\/\/iot.lostnfound.com\/?s={search_term_string}\"},\"query-input\":{\"@type\":\"PropertyValueSpecification\",\"valueRequired\":true,\"valueName\":\"search_term_string\"}}],\"inLanguage\":\"fr-FR\"}]}<\/script>\n<!-- \/ Yoast SEO plugin. -->","yoast_head_json":{"title":"NIMBO incl. 12 mois de service (LIQUIDATION !) - LOSTnFOUND","robots":{"index":"index","follow":"follow","max-snippet":"max-snippet:-1","max-image-preview":"max-image-preview:large","max-video-preview":"max-video-preview:-1"},"canonical":"https:\/\/iot.lostnfound.com\/fr\/shop\/nimbo-incl-12-mois-de-service-liquidation\/","schema":{"@context":"https:\/\/schema.org","@graph":[{"@type":"WebPage","@id":"https:\/\/iot.lostnfound.com\/fr\/shop\/nimbo-incl-12-mois-de-service-liquidation\/","url":"https:\/\/iot.lostnfound.com\/fr\/shop\/nimbo-incl-12-mois-de-service-liquidation\/","name":"NIMBO incl. 12 mois de service (LIQUIDATION !) - LOSTnFOUND","isPartOf":{"@id":"https:\/\/iot.lostnfound.com\/#website"},"primaryImageOfPage":{"@id":"https:\/\/iot.lostnfound.com\/fr\/shop\/nimbo-incl-12-mois-de-service-liquidation\/#primaryimage"},"image":{"@id":"https:\/\/iot.lostnfound.com\/fr\/shop\/nimbo-incl-12-mois-de-service-liquidation\/#primaryimage"},"thumbnailUrl":"https:\/\/iot.lostnfound.com\/wp-content\/uploads\/sales_nimbo_de.png","datePublished":"2019-09-09T09:01:23+00:00","dateModified":"2020-09-16T07:19:00+00:00","breadcrumb":{"@id":"https:\/\/iot.lostnfound.com\/fr\/shop\/nimbo-incl-12-mois-de-service-liquidation\/#breadcrumb"},"inLanguage":"fr-FR","potentialAction":[{"@type":"ReadAction","target":["https:\/\/iot.lostnfound.com\/fr\/shop\/nimbo-incl-12-mois-de-service-liquidation\/"]}]},{"@type":"ImageObject","inLanguage":"fr-FR","@id":"https:\/\/iot.lostnfound.com\/fr\/shop\/nimbo-incl-12-mois-de-service-liquidation\/#primaryimage","url":"https:\/\/iot.lostnfound.com\/wp-content\/uploads\/sales_nimbo_de.png","contentUrl":"https:\/\/iot.lostnfound.com\/wp-content\/uploads\/sales_nimbo_de.png","width":600,"height":425},{"@type":"BreadcrumbList","@id":"https:\/\/iot.lostnfound.com\/fr\/shop\/nimbo-incl-12-mois-de-service-liquidation\/#breadcrumb","itemListElement":[{"@type":"ListItem","position":1,"name":"Home","item":"https:\/\/iot.lostnfound.com\/fr\/"},{"@type":"ListItem","position":2,"name":"Boutique","item":"https:\/\/iot.lostnfound.com\/fr\/boutique\/"},{"@type":"ListItem","position":3,"name":"NIMBO incl. 12 mois de service (LIQUIDATION !)"}]},{"@type":"WebSite","@id":"https:\/\/iot.lostnfound.com\/#website","url":"https:\/\/iot.lostnfound.com\/","name":"LOSTnFOUND","description":"Telematic f\u00fcr das Internet der Dinge","potentialAction":[{"@type":"SearchAction","target":{"@type":"EntryPoint","urlTemplate":"https:\/\/iot.lostnfound.com\/?s={search_term_string}"},"query-input":{"@type":"PropertyValueSpecification","valueRequired":true,"valueName":"search_term_string"}}],"inLanguage":"fr-FR"}]}},"_links":{"self":[{"href":"https:\/\/iot.lostnfound.com\/fr\/wp-json\/wp\/v2\/product\/10224","targetHints":{"allow":["GET"]}}],"collection":[{"href":"https:\/\/iot.lostnfound.com\/fr\/wp-json\/wp\/v2\/product"}],"about":[{"href":"https:\/\/iot.lostnfound.com\/fr\/wp-json\/wp\/v2\/types\/product"}],"wp:featuredmedia":[{"embeddable":true,"href":"https:\/\/iot.lostnfound.com\/fr\/wp-json\/wp\/v2\/media\/10174"}],"wp:attachment":[{"href":"https:\/\/iot.lostnfound.com\/fr\/wp-json\/wp\/v2\/media?parent=10224"}],"wp:term":[{"taxonomy":"product_brand","embeddable":true,"href":"https:\/\/iot.lostnfound.com\/fr\/wp-json\/wp\/v2\/product_brand?post=10224"},{"taxonomy":"product_cat","embeddable":true,"href":"https:\/\/iot.lostnfound.com\/fr\/wp-json\/wp\/v2\/product_cat?post=10224"},{"taxonomy":"product_tag","embeddable":true,"href":"https:\/\/iot.lostnfound.com\/fr\/wp-json\/wp\/v2\/product_tag?post=10224"}],"curies":[{"name":"wp","href":"https:\/\/api.w.org\/{rel}","templated":true}]}}