{"id":10228,"date":"2019-09-09T10:54:03","date_gmt":"2019-09-09T09:54:03","guid":{"rendered":"https:\/\/iot.lostnfound.com\/shop\/endgeraet-altus-inkl-12-monate-service-sale\/"},"modified":"2019-09-13T16:40:58","modified_gmt":"2019-09-13T15:40:58","slug":"terminal-altus-avec-12-mois-de-service-liquidation","status":"publish","type":"product","link":"https:\/\/iot.lostnfound.com\/fr\/shop\/terminal-altus-avec-12-mois-de-service-liquidation\/","title":{"rendered":"Terminal ALTUS avec 12 mois de service (LIQUIDATION !)"},"content":{"rendered":"<p>Les produits de la famille \u00e9prouv\u00e9e ALTUS sont adapt\u00e9s en temps r\u00e9el \u00e0 la localisation des v\u00e9hicules et des flottes. Ils servent ainsi de base \u00e0 une localisation \u00e9conomique et de haute qualit\u00e9 des v\u00e9hicules. Maintenant dans le kit de liquidation des marteaux, y compris le terminal, la carte SIM et 12 mois de service. Les dispositifs sont des retours des positions de d\u00e9monstration, de sorte que les dispositifs peuvent montrer de l\u00e9gers signes d&rsquo;utilisation. 12 mois de garantie. Offre valable jusqu&rsquo;\u00e0 \u00e9puisement des stocks !<\/p>\n","protected":false},"excerpt":{"rendered":"<p>Dispositif de localisation GPS pour v\u00e9hicules<\/p>\n","protected":false},"featured_media":10109,"template":"","meta":{"_acf_changed":false,"inline_featured_image":false},"product_brand":[],"product_cat":[641],"product_tag":[],"class_list":{"0":"post-10228","1":"product","2":"type-product","3":"status-publish","4":"has-post-thumbnail","6":"product_cat-liquidation-totale-fr","8":"first","9":"instock","10":"sale","11":"taxable","12":"shipping-taxable","13":"purchasable","14":"product-type-simple"},"acf":[],"yoast_head":"<!-- This site is optimized with the Yoast SEO plugin v26.1.1 - https:\/\/yoast.com\/wordpress\/plugins\/seo\/ -->\n<title>Terminal ALTUS avec 12 mois de service (LIQUIDATION !) - LOSTnFOUND<\/title>\n<meta name=\"robots\" content=\"index, follow, max-snippet:-1, max-image-preview:large, max-video-preview:-1\" \/>\n<link rel=\"canonical\" href=\"https:\/\/iot.lostnfound.com\/fr\/shop\/terminal-altus-avec-12-mois-de-service-liquidation\/\" \/>\n<script type=\"application\/ld+json\" class=\"yoast-schema-graph\">{\"@context\":\"https:\/\/schema.org\",\"@graph\":[{\"@type\":\"WebPage\",\"@id\":\"https:\/\/iot.lostnfound.com\/fr\/shop\/terminal-altus-avec-12-mois-de-service-liquidation\/\",\"url\":\"https:\/\/iot.lostnfound.com\/fr\/shop\/terminal-altus-avec-12-mois-de-service-liquidation\/\",\"name\":\"Terminal ALTUS avec 12 mois de service (LIQUIDATION !) - LOSTnFOUND\",\"isPartOf\":{\"@id\":\"https:\/\/iot.lostnfound.com\/#website\"},\"primaryImageOfPage\":{\"@id\":\"https:\/\/iot.lostnfound.com\/fr\/shop\/terminal-altus-avec-12-mois-de-service-liquidation\/#primaryimage\"},\"image\":{\"@id\":\"https:\/\/iot.lostnfound.com\/fr\/shop\/terminal-altus-avec-12-mois-de-service-liquidation\/#primaryimage\"},\"thumbnailUrl\":\"https:\/\/iot.lostnfound.com\/wp-content\/uploads\/sales_altus_fr.png\",\"datePublished\":\"2019-09-09T09:54:03+00:00\",\"dateModified\":\"2019-09-13T15:40:58+00:00\",\"breadcrumb\":{\"@id\":\"https:\/\/iot.lostnfound.com\/fr\/shop\/terminal-altus-avec-12-mois-de-service-liquidation\/#breadcrumb\"},\"inLanguage\":\"fr-FR\",\"potentialAction\":[{\"@type\":\"ReadAction\",\"target\":[\"https:\/\/iot.lostnfound.com\/fr\/shop\/terminal-altus-avec-12-mois-de-service-liquidation\/\"]}]},{\"@type\":\"ImageObject\",\"inLanguage\":\"fr-FR\",\"@id\":\"https:\/\/iot.lostnfound.com\/fr\/shop\/terminal-altus-avec-12-mois-de-service-liquidation\/#primaryimage\",\"url\":\"https:\/\/iot.lostnfound.com\/wp-content\/uploads\/sales_altus_fr.png\",\"contentUrl\":\"https:\/\/iot.lostnfound.com\/wp-content\/uploads\/sales_altus_fr.png\",\"width\":600,\"height\":351},{\"@type\":\"BreadcrumbList\",\"@id\":\"https:\/\/iot.lostnfound.com\/fr\/shop\/terminal-altus-avec-12-mois-de-service-liquidation\/#breadcrumb\",\"itemListElement\":[{\"@type\":\"ListItem\",\"position\":1,\"name\":\"Home\",\"item\":\"https:\/\/iot.lostnfound.com\/fr\/\"},{\"@type\":\"ListItem\",\"position\":2,\"name\":\"Boutique\",\"item\":\"https:\/\/iot.lostnfound.com\/fr\/boutique\/\"},{\"@type\":\"ListItem\",\"position\":3,\"name\":\"Terminal ALTUS avec 12 mois de service (LIQUIDATION !)\"}]},{\"@type\":\"WebSite\",\"@id\":\"https:\/\/iot.lostnfound.com\/#website\",\"url\":\"https:\/\/iot.lostnfound.com\/\",\"name\":\"LOSTnFOUND\",\"description\":\"Telematic f\u00fcr das Internet der Dinge\",\"potentialAction\":[{\"@type\":\"SearchAction\",\"target\":{\"@type\":\"EntryPoint\",\"urlTemplate\":\"https:\/\/iot.lostnfound.com\/?s={search_term_string}\"},\"query-input\":{\"@type\":\"PropertyValueSpecification\",\"valueRequired\":true,\"valueName\":\"search_term_string\"}}],\"inLanguage\":\"fr-FR\"}]}<\/script>\n<!-- \/ Yoast SEO plugin. -->","yoast_head_json":{"title":"Terminal ALTUS avec 12 mois de service (LIQUIDATION !) - LOSTnFOUND","robots":{"index":"index","follow":"follow","max-snippet":"max-snippet:-1","max-image-preview":"max-image-preview:large","max-video-preview":"max-video-preview:-1"},"canonical":"https:\/\/iot.lostnfound.com\/fr\/shop\/terminal-altus-avec-12-mois-de-service-liquidation\/","schema":{"@context":"https:\/\/schema.org","@graph":[{"@type":"WebPage","@id":"https:\/\/iot.lostnfound.com\/fr\/shop\/terminal-altus-avec-12-mois-de-service-liquidation\/","url":"https:\/\/iot.lostnfound.com\/fr\/shop\/terminal-altus-avec-12-mois-de-service-liquidation\/","name":"Terminal ALTUS avec 12 mois de service (LIQUIDATION !) - LOSTnFOUND","isPartOf":{"@id":"https:\/\/iot.lostnfound.com\/#website"},"primaryImageOfPage":{"@id":"https:\/\/iot.lostnfound.com\/fr\/shop\/terminal-altus-avec-12-mois-de-service-liquidation\/#primaryimage"},"image":{"@id":"https:\/\/iot.lostnfound.com\/fr\/shop\/terminal-altus-avec-12-mois-de-service-liquidation\/#primaryimage"},"thumbnailUrl":"https:\/\/iot.lostnfound.com\/wp-content\/uploads\/sales_altus_fr.png","datePublished":"2019-09-09T09:54:03+00:00","dateModified":"2019-09-13T15:40:58+00:00","breadcrumb":{"@id":"https:\/\/iot.lostnfound.com\/fr\/shop\/terminal-altus-avec-12-mois-de-service-liquidation\/#breadcrumb"},"inLanguage":"fr-FR","potentialAction":[{"@type":"ReadAction","target":["https:\/\/iot.lostnfound.com\/fr\/shop\/terminal-altus-avec-12-mois-de-service-liquidation\/"]}]},{"@type":"ImageObject","inLanguage":"fr-FR","@id":"https:\/\/iot.lostnfound.com\/fr\/shop\/terminal-altus-avec-12-mois-de-service-liquidation\/#primaryimage","url":"https:\/\/iot.lostnfound.com\/wp-content\/uploads\/sales_altus_fr.png","contentUrl":"https:\/\/iot.lostnfound.com\/wp-content\/uploads\/sales_altus_fr.png","width":600,"height":351},{"@type":"BreadcrumbList","@id":"https:\/\/iot.lostnfound.com\/fr\/shop\/terminal-altus-avec-12-mois-de-service-liquidation\/#breadcrumb","itemListElement":[{"@type":"ListItem","position":1,"name":"Home","item":"https:\/\/iot.lostnfound.com\/fr\/"},{"@type":"ListItem","position":2,"name":"Boutique","item":"https:\/\/iot.lostnfound.com\/fr\/boutique\/"},{"@type":"ListItem","position":3,"name":"Terminal ALTUS avec 12 mois de service (LIQUIDATION !)"}]},{"@type":"WebSite","@id":"https:\/\/iot.lostnfound.com\/#website","url":"https:\/\/iot.lostnfound.com\/","name":"LOSTnFOUND","description":"Telematic f\u00fcr das Internet der Dinge","potentialAction":[{"@type":"SearchAction","target":{"@type":"EntryPoint","urlTemplate":"https:\/\/iot.lostnfound.com\/?s={search_term_string}"},"query-input":{"@type":"PropertyValueSpecification","valueRequired":true,"valueName":"search_term_string"}}],"inLanguage":"fr-FR"}]}},"_links":{"self":[{"href":"https:\/\/iot.lostnfound.com\/fr\/wp-json\/wp\/v2\/product\/10228","targetHints":{"allow":["GET"]}}],"collection":[{"href":"https:\/\/iot.lostnfound.com\/fr\/wp-json\/wp\/v2\/product"}],"about":[{"href":"https:\/\/iot.lostnfound.com\/fr\/wp-json\/wp\/v2\/types\/product"}],"wp:featuredmedia":[{"embeddable":true,"href":"https:\/\/iot.lostnfound.com\/fr\/wp-json\/wp\/v2\/media\/10109"}],"wp:attachment":[{"href":"https:\/\/iot.lostnfound.com\/fr\/wp-json\/wp\/v2\/media?parent=10228"}],"wp:term":[{"taxonomy":"product_brand","embeddable":true,"href":"https:\/\/iot.lostnfound.com\/fr\/wp-json\/wp\/v2\/product_brand?post=10228"},{"taxonomy":"product_cat","embeddable":true,"href":"https:\/\/iot.lostnfound.com\/fr\/wp-json\/wp\/v2\/product_cat?post=10228"},{"taxonomy":"product_tag","embeddable":true,"href":"https:\/\/iot.lostnfound.com\/fr\/wp-json\/wp\/v2\/product_tag?post=10228"}],"curies":[{"name":"wp","href":"https:\/\/api.w.org\/{rel}","templated":true}]}}