{"id":10232,"date":"2019-09-09T12:19:47","date_gmt":"2019-09-09T11:19:47","guid":{"rendered":"https:\/\/iot.lostnfound.com\/shop\/endgeraet-opacus-inkl-12-monate-service-sale\/"},"modified":"2019-09-12T09:42:04","modified_gmt":"2019-09-12T08:42:04","slug":"terminal-opacus-avec-12-mois-de-service-liquidation","status":"publish","type":"product","link":"https:\/\/iot.lostnfound.com\/fr\/shop\/terminal-opacus-avec-12-mois-de-service-liquidation\/","title":{"rendered":"Terminal OPACUS avec 12 mois de service (LIQUIDATION !)"},"content":{"rendered":"<p>Le terminal OPACUS a \u00e9t\u00e9 sp\u00e9cialement d\u00e9velopp\u00e9 pour les remorques et semi-remorques. En cas de mouvement, les donn\u00e9es sont transmises toutes les 5 minutes. Si la semi-remorque est d\u00e9connect\u00e9e du tracteur, l&rsquo;OPACUS passe en mode veille et transmet les messages de position correspondants toutes les 6 heures. Maintenant dans le kit de liquidation Hammer, comprenant le terminal, la carte SIM et 12 mois de service. Les appareils sont des retours des positions de d\u00e9monstration, donc les appareils peuvent montrer de l\u00e9gers signes d&rsquo;utilisation. 12 mois de garantie. Offre valable jusqu&rsquo;\u00e0 \u00e9puisement des stocks !<\/p>\n","protected":false},"excerpt":{"rendered":"<p>Dispositif de localisation GPS pour remorques<\/p>\n","protected":false},"featured_media":10189,"template":"","meta":{"_acf_changed":false,"inline_featured_image":false},"product_brand":[],"product_cat":[641],"product_tag":[],"class_list":{"0":"post-10232","1":"product","2":"type-product","3":"status-publish","4":"has-post-thumbnail","6":"product_cat-liquidation-totale-fr","8":"first","9":"instock","10":"sale","11":"taxable","12":"shipping-taxable","13":"purchasable","14":"product-type-simple"},"acf":[],"yoast_head":"<!-- This site is optimized with the Yoast SEO plugin v26.1.1 - https:\/\/yoast.com\/wordpress\/plugins\/seo\/ -->\n<title>Terminal OPACUS avec 12 mois de service (LIQUIDATION !) - LOSTnFOUND<\/title>\n<meta name=\"robots\" content=\"index, follow, max-snippet:-1, max-image-preview:large, max-video-preview:-1\" \/>\n<link rel=\"canonical\" href=\"https:\/\/iot.lostnfound.com\/fr\/shop\/terminal-opacus-avec-12-mois-de-service-liquidation\/\" \/>\n<script type=\"application\/ld+json\" class=\"yoast-schema-graph\">{\"@context\":\"https:\/\/schema.org\",\"@graph\":[{\"@type\":\"WebPage\",\"@id\":\"https:\/\/iot.lostnfound.com\/fr\/shop\/terminal-opacus-avec-12-mois-de-service-liquidation\/\",\"url\":\"https:\/\/iot.lostnfound.com\/fr\/shop\/terminal-opacus-avec-12-mois-de-service-liquidation\/\",\"name\":\"Terminal OPACUS avec 12 mois de service (LIQUIDATION !) - LOSTnFOUND\",\"isPartOf\":{\"@id\":\"https:\/\/iot.lostnfound.com\/#website\"},\"primaryImageOfPage\":{\"@id\":\"https:\/\/iot.lostnfound.com\/fr\/shop\/terminal-opacus-avec-12-mois-de-service-liquidation\/#primaryimage\"},\"image\":{\"@id\":\"https:\/\/iot.lostnfound.com\/fr\/shop\/terminal-opacus-avec-12-mois-de-service-liquidation\/#primaryimage\"},\"thumbnailUrl\":\"https:\/\/iot.lostnfound.com\/wp-content\/uploads\/sales_opacus_de.png\",\"datePublished\":\"2019-09-09T11:19:47+00:00\",\"dateModified\":\"2019-09-12T08:42:04+00:00\",\"breadcrumb\":{\"@id\":\"https:\/\/iot.lostnfound.com\/fr\/shop\/terminal-opacus-avec-12-mois-de-service-liquidation\/#breadcrumb\"},\"inLanguage\":\"fr-FR\",\"potentialAction\":[{\"@type\":\"ReadAction\",\"target\":[\"https:\/\/iot.lostnfound.com\/fr\/shop\/terminal-opacus-avec-12-mois-de-service-liquidation\/\"]}]},{\"@type\":\"ImageObject\",\"inLanguage\":\"fr-FR\",\"@id\":\"https:\/\/iot.lostnfound.com\/fr\/shop\/terminal-opacus-avec-12-mois-de-service-liquidation\/#primaryimage\",\"url\":\"https:\/\/iot.lostnfound.com\/wp-content\/uploads\/sales_opacus_de.png\",\"contentUrl\":\"https:\/\/iot.lostnfound.com\/wp-content\/uploads\/sales_opacus_de.png\",\"width\":600,\"height\":293},{\"@type\":\"BreadcrumbList\",\"@id\":\"https:\/\/iot.lostnfound.com\/fr\/shop\/terminal-opacus-avec-12-mois-de-service-liquidation\/#breadcrumb\",\"itemListElement\":[{\"@type\":\"ListItem\",\"position\":1,\"name\":\"Home\",\"item\":\"https:\/\/iot.lostnfound.com\/fr\/\"},{\"@type\":\"ListItem\",\"position\":2,\"name\":\"Boutique\",\"item\":\"https:\/\/iot.lostnfound.com\/fr\/boutique\/\"},{\"@type\":\"ListItem\",\"position\":3,\"name\":\"Terminal OPACUS avec 12 mois de service (LIQUIDATION !)\"}]},{\"@type\":\"WebSite\",\"@id\":\"https:\/\/iot.lostnfound.com\/#website\",\"url\":\"https:\/\/iot.lostnfound.com\/\",\"name\":\"LOSTnFOUND\",\"description\":\"Telematic f\u00fcr das Internet der Dinge\",\"potentialAction\":[{\"@type\":\"SearchAction\",\"target\":{\"@type\":\"EntryPoint\",\"urlTemplate\":\"https:\/\/iot.lostnfound.com\/?s={search_term_string}\"},\"query-input\":{\"@type\":\"PropertyValueSpecification\",\"valueRequired\":true,\"valueName\":\"search_term_string\"}}],\"inLanguage\":\"fr-FR\"}]}<\/script>\n<!-- \/ Yoast SEO plugin. -->","yoast_head_json":{"title":"Terminal OPACUS avec 12 mois de service (LIQUIDATION !) - LOSTnFOUND","robots":{"index":"index","follow":"follow","max-snippet":"max-snippet:-1","max-image-preview":"max-image-preview:large","max-video-preview":"max-video-preview:-1"},"canonical":"https:\/\/iot.lostnfound.com\/fr\/shop\/terminal-opacus-avec-12-mois-de-service-liquidation\/","schema":{"@context":"https:\/\/schema.org","@graph":[{"@type":"WebPage","@id":"https:\/\/iot.lostnfound.com\/fr\/shop\/terminal-opacus-avec-12-mois-de-service-liquidation\/","url":"https:\/\/iot.lostnfound.com\/fr\/shop\/terminal-opacus-avec-12-mois-de-service-liquidation\/","name":"Terminal OPACUS avec 12 mois de service (LIQUIDATION !) - LOSTnFOUND","isPartOf":{"@id":"https:\/\/iot.lostnfound.com\/#website"},"primaryImageOfPage":{"@id":"https:\/\/iot.lostnfound.com\/fr\/shop\/terminal-opacus-avec-12-mois-de-service-liquidation\/#primaryimage"},"image":{"@id":"https:\/\/iot.lostnfound.com\/fr\/shop\/terminal-opacus-avec-12-mois-de-service-liquidation\/#primaryimage"},"thumbnailUrl":"https:\/\/iot.lostnfound.com\/wp-content\/uploads\/sales_opacus_de.png","datePublished":"2019-09-09T11:19:47+00:00","dateModified":"2019-09-12T08:42:04+00:00","breadcrumb":{"@id":"https:\/\/iot.lostnfound.com\/fr\/shop\/terminal-opacus-avec-12-mois-de-service-liquidation\/#breadcrumb"},"inLanguage":"fr-FR","potentialAction":[{"@type":"ReadAction","target":["https:\/\/iot.lostnfound.com\/fr\/shop\/terminal-opacus-avec-12-mois-de-service-liquidation\/"]}]},{"@type":"ImageObject","inLanguage":"fr-FR","@id":"https:\/\/iot.lostnfound.com\/fr\/shop\/terminal-opacus-avec-12-mois-de-service-liquidation\/#primaryimage","url":"https:\/\/iot.lostnfound.com\/wp-content\/uploads\/sales_opacus_de.png","contentUrl":"https:\/\/iot.lostnfound.com\/wp-content\/uploads\/sales_opacus_de.png","width":600,"height":293},{"@type":"BreadcrumbList","@id":"https:\/\/iot.lostnfound.com\/fr\/shop\/terminal-opacus-avec-12-mois-de-service-liquidation\/#breadcrumb","itemListElement":[{"@type":"ListItem","position":1,"name":"Home","item":"https:\/\/iot.lostnfound.com\/fr\/"},{"@type":"ListItem","position":2,"name":"Boutique","item":"https:\/\/iot.lostnfound.com\/fr\/boutique\/"},{"@type":"ListItem","position":3,"name":"Terminal OPACUS avec 12 mois de service (LIQUIDATION !)"}]},{"@type":"WebSite","@id":"https:\/\/iot.lostnfound.com\/#website","url":"https:\/\/iot.lostnfound.com\/","name":"LOSTnFOUND","description":"Telematic f\u00fcr das Internet der Dinge","potentialAction":[{"@type":"SearchAction","target":{"@type":"EntryPoint","urlTemplate":"https:\/\/iot.lostnfound.com\/?s={search_term_string}"},"query-input":{"@type":"PropertyValueSpecification","valueRequired":true,"valueName":"search_term_string"}}],"inLanguage":"fr-FR"}]}},"_links":{"self":[{"href":"https:\/\/iot.lostnfound.com\/fr\/wp-json\/wp\/v2\/product\/10232","targetHints":{"allow":["GET"]}}],"collection":[{"href":"https:\/\/iot.lostnfound.com\/fr\/wp-json\/wp\/v2\/product"}],"about":[{"href":"https:\/\/iot.lostnfound.com\/fr\/wp-json\/wp\/v2\/types\/product"}],"wp:featuredmedia":[{"embeddable":true,"href":"https:\/\/iot.lostnfound.com\/fr\/wp-json\/wp\/v2\/media\/10189"}],"wp:attachment":[{"href":"https:\/\/iot.lostnfound.com\/fr\/wp-json\/wp\/v2\/media?parent=10232"}],"wp:term":[{"taxonomy":"product_brand","embeddable":true,"href":"https:\/\/iot.lostnfound.com\/fr\/wp-json\/wp\/v2\/product_brand?post=10232"},{"taxonomy":"product_cat","embeddable":true,"href":"https:\/\/iot.lostnfound.com\/fr\/wp-json\/wp\/v2\/product_cat?post=10232"},{"taxonomy":"product_tag","embeddable":true,"href":"https:\/\/iot.lostnfound.com\/fr\/wp-json\/wp\/v2\/product_tag?post=10232"}],"curies":[{"name":"wp","href":"https:\/\/api.w.org\/{rel}","templated":true}]}}