{"id":10234,"date":"2019-09-09T12:24:38","date_gmt":"2019-09-09T11:24:38","guid":{"rendered":"https:\/\/iot.lostnfound.com\/shop\/robustes-4g-wifi-tablet-inkl-lkw-navigation-sale\/"},"modified":"2021-07-06T09:32:14","modified_gmt":"2021-07-06T08:32:14","slug":"tablette-4g-wifi-robuste-avec-navigation-camion-liquidation","status":"publish","type":"product","link":"https:\/\/iot.lostnfound.com\/fr\/shop\/tablette-4g-wifi-robuste-avec-navigation-camion-liquidation\/","title":{"rendered":"Tablette 4G \/ Wifi robuste avec navigation camion (LIQUIDATION !)"},"content":{"rendered":"<p>Comprim\u00e9 de 8\u00a0\u00bb. Sa conception robuste est parfaitement adapt\u00e9e aux conditions d&rsquo;utilisation difficiles en ext\u00e9rieur. S\u00e9curit\u00e9 antichute, protection contre les projections d&rsquo;eau, r\u00e9sistance \u00e0 la poussi\u00e8re, fiabilit\u00e9. Ecran 8 pouces en technologie IPS pour les grands angles de vue. Processeur quad-core \u00e0 faible consommation d&rsquo;\u00e9nergie, 2 Go de RAM et 16 Go de m\u00e9moire, emplacement pour carte microSD suppl\u00e9mentaire et module GPS. 4G (sans carte SIM). Suppl\u00e9mentaire avec APP pour la navigation des camions. Il d\u00e9tecte la hauteur des ponts, les passages \u00e9troits et les profils de danger et est donc particuli\u00e8rement adapt\u00e9 \u00e0 la navigation des camions. En outre, calcul d&rsquo;itin\u00e9raire tr\u00e8s rapide, affichage des fluides et bien plus encore. Maintenant dans le kit de liquidation du marteau, y compris l&rsquo;appareil terminal. 12 mois de garantie. Offre valable jusqu&rsquo;\u00e0 \u00e9puisement des stocks !<\/p>\n","protected":false},"excerpt":{"rendered":"<p>Tablette de 8&Prime; dans la navigation des camions (Android)<\/p>\n","protected":false},"featured_media":10757,"template":"","meta":{"_acf_changed":false,"inline_featured_image":false},"product_brand":[],"product_cat":[641],"product_tag":[],"class_list":{"0":"post-10234","1":"product","2":"type-product","3":"status-publish","4":"has-post-thumbnail","6":"product_cat-liquidation-totale-fr","8":"first","9":"instock","10":"sale","11":"taxable","12":"shipping-taxable","13":"purchasable","14":"product-type-simple"},"acf":[],"yoast_head":"<!-- This site is optimized with the Yoast SEO plugin v26.1.1 - https:\/\/yoast.com\/wordpress\/plugins\/seo\/ -->\n<title>Tablette 4G \/ Wifi robuste avec navigation camion (LIQUIDATION !) - LOSTnFOUND<\/title>\n<meta name=\"robots\" content=\"index, follow, max-snippet:-1, max-image-preview:large, max-video-preview:-1\" \/>\n<link rel=\"canonical\" href=\"https:\/\/iot.lostnfound.com\/fr\/shop\/tablette-4g-wifi-robuste-avec-navigation-camion-liquidation\/\" \/>\n<meta name=\"twitter:label1\" content=\"Dur\u00e9e de lecture estim\u00e9e\" \/>\n\t<meta name=\"twitter:data1\" content=\"1 minute\" \/>\n<script type=\"application\/ld+json\" class=\"yoast-schema-graph\">{\"@context\":\"https:\/\/schema.org\",\"@graph\":[{\"@type\":\"WebPage\",\"@id\":\"https:\/\/iot.lostnfound.com\/fr\/shop\/tablette-4g-wifi-robuste-avec-navigation-camion-liquidation\/\",\"url\":\"https:\/\/iot.lostnfound.com\/fr\/shop\/tablette-4g-wifi-robuste-avec-navigation-camion-liquidation\/\",\"name\":\"Tablette 4G \/ Wifi robuste avec navigation camion (LIQUIDATION !) - LOSTnFOUND\",\"isPartOf\":{\"@id\":\"https:\/\/iot.lostnfound.com\/#website\"},\"primaryImageOfPage\":{\"@id\":\"https:\/\/iot.lostnfound.com\/fr\/shop\/tablette-4g-wifi-robuste-avec-navigation-camion-liquidation\/#primaryimage\"},\"image\":{\"@id\":\"https:\/\/iot.lostnfound.com\/fr\/shop\/tablette-4g-wifi-robuste-avec-navigation-camion-liquidation\/#primaryimage\"},\"thumbnailUrl\":\"https:\/\/iot.lostnfound.com\/wp-content\/uploads\/TruckerAPP_FR_V3_8Zoll.png\",\"datePublished\":\"2019-09-09T11:24:38+00:00\",\"dateModified\":\"2021-07-06T08:32:14+00:00\",\"breadcrumb\":{\"@id\":\"https:\/\/iot.lostnfound.com\/fr\/shop\/tablette-4g-wifi-robuste-avec-navigation-camion-liquidation\/#breadcrumb\"},\"inLanguage\":\"fr-FR\",\"potentialAction\":[{\"@type\":\"ReadAction\",\"target\":[\"https:\/\/iot.lostnfound.com\/fr\/shop\/tablette-4g-wifi-robuste-avec-navigation-camion-liquidation\/\"]}]},{\"@type\":\"ImageObject\",\"inLanguage\":\"fr-FR\",\"@id\":\"https:\/\/iot.lostnfound.com\/fr\/shop\/tablette-4g-wifi-robuste-avec-navigation-camion-liquidation\/#primaryimage\",\"url\":\"https:\/\/iot.lostnfound.com\/wp-content\/uploads\/TruckerAPP_FR_V3_8Zoll.png\",\"contentUrl\":\"https:\/\/iot.lostnfound.com\/wp-content\/uploads\/TruckerAPP_FR_V3_8Zoll.png\",\"width\":600,\"height\":284},{\"@type\":\"BreadcrumbList\",\"@id\":\"https:\/\/iot.lostnfound.com\/fr\/shop\/tablette-4g-wifi-robuste-avec-navigation-camion-liquidation\/#breadcrumb\",\"itemListElement\":[{\"@type\":\"ListItem\",\"position\":1,\"name\":\"Home\",\"item\":\"https:\/\/iot.lostnfound.com\/fr\/\"},{\"@type\":\"ListItem\",\"position\":2,\"name\":\"Boutique\",\"item\":\"https:\/\/iot.lostnfound.com\/fr\/boutique\/\"},{\"@type\":\"ListItem\",\"position\":3,\"name\":\"Tablette 4G \/ Wifi robuste avec navigation camion (LIQUIDATION !)\"}]},{\"@type\":\"WebSite\",\"@id\":\"https:\/\/iot.lostnfound.com\/#website\",\"url\":\"https:\/\/iot.lostnfound.com\/\",\"name\":\"LOSTnFOUND\",\"description\":\"Telematic f\u00fcr das Internet der Dinge\",\"potentialAction\":[{\"@type\":\"SearchAction\",\"target\":{\"@type\":\"EntryPoint\",\"urlTemplate\":\"https:\/\/iot.lostnfound.com\/?s={search_term_string}\"},\"query-input\":{\"@type\":\"PropertyValueSpecification\",\"valueRequired\":true,\"valueName\":\"search_term_string\"}}],\"inLanguage\":\"fr-FR\"}]}<\/script>\n<!-- \/ Yoast SEO plugin. -->","yoast_head_json":{"title":"Tablette 4G \/ Wifi robuste avec navigation camion (LIQUIDATION !) - LOSTnFOUND","robots":{"index":"index","follow":"follow","max-snippet":"max-snippet:-1","max-image-preview":"max-image-preview:large","max-video-preview":"max-video-preview:-1"},"canonical":"https:\/\/iot.lostnfound.com\/fr\/shop\/tablette-4g-wifi-robuste-avec-navigation-camion-liquidation\/","twitter_misc":{"Dur\u00e9e de lecture estim\u00e9e":"1 minute"},"schema":{"@context":"https:\/\/schema.org","@graph":[{"@type":"WebPage","@id":"https:\/\/iot.lostnfound.com\/fr\/shop\/tablette-4g-wifi-robuste-avec-navigation-camion-liquidation\/","url":"https:\/\/iot.lostnfound.com\/fr\/shop\/tablette-4g-wifi-robuste-avec-navigation-camion-liquidation\/","name":"Tablette 4G \/ Wifi robuste avec navigation camion (LIQUIDATION !) - LOSTnFOUND","isPartOf":{"@id":"https:\/\/iot.lostnfound.com\/#website"},"primaryImageOfPage":{"@id":"https:\/\/iot.lostnfound.com\/fr\/shop\/tablette-4g-wifi-robuste-avec-navigation-camion-liquidation\/#primaryimage"},"image":{"@id":"https:\/\/iot.lostnfound.com\/fr\/shop\/tablette-4g-wifi-robuste-avec-navigation-camion-liquidation\/#primaryimage"},"thumbnailUrl":"https:\/\/iot.lostnfound.com\/wp-content\/uploads\/TruckerAPP_FR_V3_8Zoll.png","datePublished":"2019-09-09T11:24:38+00:00","dateModified":"2021-07-06T08:32:14+00:00","breadcrumb":{"@id":"https:\/\/iot.lostnfound.com\/fr\/shop\/tablette-4g-wifi-robuste-avec-navigation-camion-liquidation\/#breadcrumb"},"inLanguage":"fr-FR","potentialAction":[{"@type":"ReadAction","target":["https:\/\/iot.lostnfound.com\/fr\/shop\/tablette-4g-wifi-robuste-avec-navigation-camion-liquidation\/"]}]},{"@type":"ImageObject","inLanguage":"fr-FR","@id":"https:\/\/iot.lostnfound.com\/fr\/shop\/tablette-4g-wifi-robuste-avec-navigation-camion-liquidation\/#primaryimage","url":"https:\/\/iot.lostnfound.com\/wp-content\/uploads\/TruckerAPP_FR_V3_8Zoll.png","contentUrl":"https:\/\/iot.lostnfound.com\/wp-content\/uploads\/TruckerAPP_FR_V3_8Zoll.png","width":600,"height":284},{"@type":"BreadcrumbList","@id":"https:\/\/iot.lostnfound.com\/fr\/shop\/tablette-4g-wifi-robuste-avec-navigation-camion-liquidation\/#breadcrumb","itemListElement":[{"@type":"ListItem","position":1,"name":"Home","item":"https:\/\/iot.lostnfound.com\/fr\/"},{"@type":"ListItem","position":2,"name":"Boutique","item":"https:\/\/iot.lostnfound.com\/fr\/boutique\/"},{"@type":"ListItem","position":3,"name":"Tablette 4G \/ Wifi robuste avec navigation camion (LIQUIDATION !)"}]},{"@type":"WebSite","@id":"https:\/\/iot.lostnfound.com\/#website","url":"https:\/\/iot.lostnfound.com\/","name":"LOSTnFOUND","description":"Telematic f\u00fcr das Internet der Dinge","potentialAction":[{"@type":"SearchAction","target":{"@type":"EntryPoint","urlTemplate":"https:\/\/iot.lostnfound.com\/?s={search_term_string}"},"query-input":{"@type":"PropertyValueSpecification","valueRequired":true,"valueName":"search_term_string"}}],"inLanguage":"fr-FR"}]}},"_links":{"self":[{"href":"https:\/\/iot.lostnfound.com\/fr\/wp-json\/wp\/v2\/product\/10234","targetHints":{"allow":["GET"]}}],"collection":[{"href":"https:\/\/iot.lostnfound.com\/fr\/wp-json\/wp\/v2\/product"}],"about":[{"href":"https:\/\/iot.lostnfound.com\/fr\/wp-json\/wp\/v2\/types\/product"}],"wp:featuredmedia":[{"embeddable":true,"href":"https:\/\/iot.lostnfound.com\/fr\/wp-json\/wp\/v2\/media\/10757"}],"wp:attachment":[{"href":"https:\/\/iot.lostnfound.com\/fr\/wp-json\/wp\/v2\/media?parent=10234"}],"wp:term":[{"taxonomy":"product_brand","embeddable":true,"href":"https:\/\/iot.lostnfound.com\/fr\/wp-json\/wp\/v2\/product_brand?post=10234"},{"taxonomy":"product_cat","embeddable":true,"href":"https:\/\/iot.lostnfound.com\/fr\/wp-json\/wp\/v2\/product_cat?post=10234"},{"taxonomy":"product_tag","embeddable":true,"href":"https:\/\/iot.lostnfound.com\/fr\/wp-json\/wp\/v2\/product_tag?post=10234"}],"curies":[{"name":"wp","href":"https:\/\/api.w.org\/{rel}","templated":true}]}}