{"id":10343,"date":"2019-12-03T15:31:19","date_gmt":"2019-12-03T14:31:21","guid":{"rendered":"https:\/\/iot.lostnfound.com\/?post_type=product&#038;p=10343"},"modified":"2019-12-03T15:36:33","modified_gmt":"2019-12-03T14:36:33","slug":"appareil-terminal-lenticusrugged-avec-12-mois-de-service-vente","status":"publish","type":"product","link":"https:\/\/iot.lostnfound.com\/fr\/shop\/appareil-terminal-lenticusrugged-avec-12-mois-de-service-vente\/","title":{"rendered":"Appareil terminal LENTICUSrugged avec 12 mois de service (VENTE !)"},"content":{"rendered":"<p>Le LENTICUSrugged est l&rsquo;appareil final id\u00e9al si vous recherchez une solution \u00e9conomique et pr\u00e9cise qui r\u00e9pond \u00e9galement aux exigences d&rsquo;un environnement de travail difficile. Maintenant dans le kit de liquidation du marteau, y compris l&rsquo;appareil terminal, la carte SIM et 12 mois de service. Les dispositifs sont des retours des positions de d\u00e9monstration, de sorte que les dispositifs peuvent montrer de l\u00e9gers signes d&rsquo;utilisation. 12 mois de garantie. Offre valable jusqu&rsquo;\u00e0 \u00e9puisement des stocks !<\/p>\n","protected":false},"excerpt":{"rendered":"<p>Dispositif de suivi GPS pour engins de chantier<\/p>\n","protected":false},"featured_media":10356,"template":"","meta":{"_acf_changed":false,"inline_featured_image":false},"product_brand":[],"product_cat":[641],"product_tag":[],"class_list":{"0":"post-10343","1":"product","2":"type-product","3":"status-publish","4":"has-post-thumbnail","6":"product_cat-liquidation-totale-fr","8":"first","9":"instock","10":"sale","11":"taxable","12":"shipping-taxable","13":"purchasable","14":"product-type-simple"},"acf":[],"yoast_head":"<!-- This site is optimized with the Yoast SEO plugin v26.1.1 - https:\/\/yoast.com\/wordpress\/plugins\/seo\/ -->\n<title>Appareil terminal LENTICUSrugged avec 12 mois de service (VENTE !) - LOSTnFOUND<\/title>\n<meta name=\"robots\" content=\"index, follow, max-snippet:-1, max-image-preview:large, max-video-preview:-1\" \/>\n<link rel=\"canonical\" href=\"https:\/\/iot.lostnfound.com\/fr\/shop\/appareil-terminal-lenticusrugged-avec-12-mois-de-service-vente\/\" \/>\n<script type=\"application\/ld+json\" class=\"yoast-schema-graph\">{\"@context\":\"https:\/\/schema.org\",\"@graph\":[{\"@type\":\"WebPage\",\"@id\":\"https:\/\/iot.lostnfound.com\/fr\/shop\/appareil-terminal-lenticusrugged-avec-12-mois-de-service-vente\/\",\"url\":\"https:\/\/iot.lostnfound.com\/fr\/shop\/appareil-terminal-lenticusrugged-avec-12-mois-de-service-vente\/\",\"name\":\"Appareil terminal LENTICUSrugged avec 12 mois de service (VENTE !) - LOSTnFOUND\",\"isPartOf\":{\"@id\":\"https:\/\/iot.lostnfound.com\/#website\"},\"primaryImageOfPage\":{\"@id\":\"https:\/\/iot.lostnfound.com\/fr\/shop\/appareil-terminal-lenticusrugged-avec-12-mois-de-service-vente\/#primaryimage\"},\"image\":{\"@id\":\"https:\/\/iot.lostnfound.com\/fr\/shop\/appareil-terminal-lenticusrugged-avec-12-mois-de-service-vente\/#primaryimage\"},\"thumbnailUrl\":\"https:\/\/iot.lostnfound.com\/wp-content\/uploads\/Sales_LENTICUSrugged_fr.png\",\"datePublished\":\"2019-12-03T14:31:21+00:00\",\"dateModified\":\"2019-12-03T14:36:33+00:00\",\"breadcrumb\":{\"@id\":\"https:\/\/iot.lostnfound.com\/fr\/shop\/appareil-terminal-lenticusrugged-avec-12-mois-de-service-vente\/#breadcrumb\"},\"inLanguage\":\"fr-FR\",\"potentialAction\":[{\"@type\":\"ReadAction\",\"target\":[\"https:\/\/iot.lostnfound.com\/fr\/shop\/appareil-terminal-lenticusrugged-avec-12-mois-de-service-vente\/\"]}]},{\"@type\":\"ImageObject\",\"inLanguage\":\"fr-FR\",\"@id\":\"https:\/\/iot.lostnfound.com\/fr\/shop\/appareil-terminal-lenticusrugged-avec-12-mois-de-service-vente\/#primaryimage\",\"url\":\"https:\/\/iot.lostnfound.com\/wp-content\/uploads\/Sales_LENTICUSrugged_fr.png\",\"contentUrl\":\"https:\/\/iot.lostnfound.com\/wp-content\/uploads\/Sales_LENTICUSrugged_fr.png\",\"width\":2852,\"height\":1517},{\"@type\":\"BreadcrumbList\",\"@id\":\"https:\/\/iot.lostnfound.com\/fr\/shop\/appareil-terminal-lenticusrugged-avec-12-mois-de-service-vente\/#breadcrumb\",\"itemListElement\":[{\"@type\":\"ListItem\",\"position\":1,\"name\":\"Home\",\"item\":\"https:\/\/iot.lostnfound.com\/fr\/\"},{\"@type\":\"ListItem\",\"position\":2,\"name\":\"Boutique\",\"item\":\"https:\/\/iot.lostnfound.com\/fr\/boutique\/\"},{\"@type\":\"ListItem\",\"position\":3,\"name\":\"Appareil terminal LENTICUSrugged avec 12 mois de service (VENTE !)\"}]},{\"@type\":\"WebSite\",\"@id\":\"https:\/\/iot.lostnfound.com\/#website\",\"url\":\"https:\/\/iot.lostnfound.com\/\",\"name\":\"LOSTnFOUND\",\"description\":\"Telematic f\u00fcr das Internet der Dinge\",\"potentialAction\":[{\"@type\":\"SearchAction\",\"target\":{\"@type\":\"EntryPoint\",\"urlTemplate\":\"https:\/\/iot.lostnfound.com\/?s={search_term_string}\"},\"query-input\":{\"@type\":\"PropertyValueSpecification\",\"valueRequired\":true,\"valueName\":\"search_term_string\"}}],\"inLanguage\":\"fr-FR\"}]}<\/script>\n<!-- \/ Yoast SEO plugin. -->","yoast_head_json":{"title":"Appareil terminal LENTICUSrugged avec 12 mois de service (VENTE !) - LOSTnFOUND","robots":{"index":"index","follow":"follow","max-snippet":"max-snippet:-1","max-image-preview":"max-image-preview:large","max-video-preview":"max-video-preview:-1"},"canonical":"https:\/\/iot.lostnfound.com\/fr\/shop\/appareil-terminal-lenticusrugged-avec-12-mois-de-service-vente\/","schema":{"@context":"https:\/\/schema.org","@graph":[{"@type":"WebPage","@id":"https:\/\/iot.lostnfound.com\/fr\/shop\/appareil-terminal-lenticusrugged-avec-12-mois-de-service-vente\/","url":"https:\/\/iot.lostnfound.com\/fr\/shop\/appareil-terminal-lenticusrugged-avec-12-mois-de-service-vente\/","name":"Appareil terminal LENTICUSrugged avec 12 mois de service (VENTE !) - LOSTnFOUND","isPartOf":{"@id":"https:\/\/iot.lostnfound.com\/#website"},"primaryImageOfPage":{"@id":"https:\/\/iot.lostnfound.com\/fr\/shop\/appareil-terminal-lenticusrugged-avec-12-mois-de-service-vente\/#primaryimage"},"image":{"@id":"https:\/\/iot.lostnfound.com\/fr\/shop\/appareil-terminal-lenticusrugged-avec-12-mois-de-service-vente\/#primaryimage"},"thumbnailUrl":"https:\/\/iot.lostnfound.com\/wp-content\/uploads\/Sales_LENTICUSrugged_fr.png","datePublished":"2019-12-03T14:31:21+00:00","dateModified":"2019-12-03T14:36:33+00:00","breadcrumb":{"@id":"https:\/\/iot.lostnfound.com\/fr\/shop\/appareil-terminal-lenticusrugged-avec-12-mois-de-service-vente\/#breadcrumb"},"inLanguage":"fr-FR","potentialAction":[{"@type":"ReadAction","target":["https:\/\/iot.lostnfound.com\/fr\/shop\/appareil-terminal-lenticusrugged-avec-12-mois-de-service-vente\/"]}]},{"@type":"ImageObject","inLanguage":"fr-FR","@id":"https:\/\/iot.lostnfound.com\/fr\/shop\/appareil-terminal-lenticusrugged-avec-12-mois-de-service-vente\/#primaryimage","url":"https:\/\/iot.lostnfound.com\/wp-content\/uploads\/Sales_LENTICUSrugged_fr.png","contentUrl":"https:\/\/iot.lostnfound.com\/wp-content\/uploads\/Sales_LENTICUSrugged_fr.png","width":2852,"height":1517},{"@type":"BreadcrumbList","@id":"https:\/\/iot.lostnfound.com\/fr\/shop\/appareil-terminal-lenticusrugged-avec-12-mois-de-service-vente\/#breadcrumb","itemListElement":[{"@type":"ListItem","position":1,"name":"Home","item":"https:\/\/iot.lostnfound.com\/fr\/"},{"@type":"ListItem","position":2,"name":"Boutique","item":"https:\/\/iot.lostnfound.com\/fr\/boutique\/"},{"@type":"ListItem","position":3,"name":"Appareil terminal LENTICUSrugged avec 12 mois de service (VENTE !)"}]},{"@type":"WebSite","@id":"https:\/\/iot.lostnfound.com\/#website","url":"https:\/\/iot.lostnfound.com\/","name":"LOSTnFOUND","description":"Telematic f\u00fcr das Internet der Dinge","potentialAction":[{"@type":"SearchAction","target":{"@type":"EntryPoint","urlTemplate":"https:\/\/iot.lostnfound.com\/?s={search_term_string}"},"query-input":{"@type":"PropertyValueSpecification","valueRequired":true,"valueName":"search_term_string"}}],"inLanguage":"fr-FR"}]}},"_links":{"self":[{"href":"https:\/\/iot.lostnfound.com\/fr\/wp-json\/wp\/v2\/product\/10343","targetHints":{"allow":["GET"]}}],"collection":[{"href":"https:\/\/iot.lostnfound.com\/fr\/wp-json\/wp\/v2\/product"}],"about":[{"href":"https:\/\/iot.lostnfound.com\/fr\/wp-json\/wp\/v2\/types\/product"}],"wp:featuredmedia":[{"embeddable":true,"href":"https:\/\/iot.lostnfound.com\/fr\/wp-json\/wp\/v2\/media\/10356"}],"wp:attachment":[{"href":"https:\/\/iot.lostnfound.com\/fr\/wp-json\/wp\/v2\/media?parent=10343"}],"wp:term":[{"taxonomy":"product_brand","embeddable":true,"href":"https:\/\/iot.lostnfound.com\/fr\/wp-json\/wp\/v2\/product_brand?post=10343"},{"taxonomy":"product_cat","embeddable":true,"href":"https:\/\/iot.lostnfound.com\/fr\/wp-json\/wp\/v2\/product_cat?post=10343"},{"taxonomy":"product_tag","embeddable":true,"href":"https:\/\/iot.lostnfound.com\/fr\/wp-json\/wp\/v2\/product_tag?post=10343"}],"curies":[{"name":"wp","href":"https:\/\/api.w.org\/{rel}","templated":true}]}}