{"id":10511,"date":"2020-08-20T14:32:49","date_gmt":"2020-08-20T13:32:49","guid":{"rendered":"https:\/\/iot.lostnfound.com\/shop\/lostnfound-nimbo-ii-temp-bundle-inkl-6-monats-service\/"},"modified":"2020-08-20T18:32:37","modified_gmt":"2020-08-20T17:32:37","slug":"lostnfound-nimbo-ii-forfait-temporaire-avec-6-mois-de-service","status":"publish","type":"product","link":"https:\/\/iot.lostnfound.com\/fr\/shop\/lostnfound-nimbo-ii-forfait-temporaire-avec-6-mois-de-service\/","title":{"rendered":"LOSTnFOUND\u00ae NIMBO II Forfait temporaire avec 6 mois de service"},"content":{"rendered":"<p>Le NIMBO II, avec son capteur de temp\u00e9rature amovible, a \u00e9t\u00e9 d\u00e9velopp\u00e9 comme une solution \u00e9conomique pour les besoins sp\u00e9cifiques des applications logistiques sensibles \u00e0 la temp\u00e9rature. Gr\u00e2ce \u00e0 la carte SIM int\u00e9gr\u00e9e et \u00e0 la batterie rechargeable, les temp\u00e9ratures des exp\u00e9ditions ou des conteneurs peuvent \u00eatre suivies sur plusieurs semaines tout au long de la cha\u00eene d&rsquo;approvisionnement. En outre, le NIMBO II peut \u00eatre localis\u00e9 sur la base des informations de connexion des r\u00e9seaux GSM et WiFi (suivi). Contrairement \u00e0 la technologie GPS, une position approximative peut \u00eatre d\u00e9termin\u00e9e \u00e0 l&rsquo;int\u00e9rieur des b\u00e2timents pour autant qu&rsquo;une r\u00e9ception GSM ou WiFi 2\/3G soit disponible.<\/p>\n","protected":false},"excerpt":{"rendered":"<p>Enregistreur de temp\u00e9rature GSM<\/p>\n","protected":false},"featured_media":10506,"template":"","meta":{"_acf_changed":false,"inline_featured_image":false},"product_brand":[],"product_cat":[651],"product_tag":[],"class_list":{"0":"post-10511","1":"product","2":"type-product","3":"status-publish","4":"has-post-thumbnail","6":"product_cat-kit-de-demarrage","8":"first","9":"instock","10":"taxable","11":"shipping-taxable","12":"purchasable","13":"product-type-simple"},"acf":[],"yoast_head":"<!-- This site is optimized with the Yoast SEO plugin v26.1.1 - https:\/\/yoast.com\/wordpress\/plugins\/seo\/ -->\n<title>LOSTnFOUND\u00ae NIMBO II Forfait temporaire avec 6 mois de service - LOSTnFOUND<\/title>\n<meta name=\"robots\" content=\"index, follow, max-snippet:-1, max-image-preview:large, max-video-preview:-1\" \/>\n<link rel=\"canonical\" href=\"https:\/\/iot.lostnfound.com\/fr\/shop\/lostnfound-nimbo-ii-forfait-temporaire-avec-6-mois-de-service\/\" \/>\n<meta name=\"twitter:label1\" content=\"Dur\u00e9e de lecture estim\u00e9e\" \/>\n\t<meta name=\"twitter:data1\" content=\"1 minute\" \/>\n<script type=\"application\/ld+json\" class=\"yoast-schema-graph\">{\"@context\":\"https:\/\/schema.org\",\"@graph\":[{\"@type\":\"WebPage\",\"@id\":\"https:\/\/iot.lostnfound.com\/fr\/shop\/lostnfound-nimbo-ii-forfait-temporaire-avec-6-mois-de-service\/\",\"url\":\"https:\/\/iot.lostnfound.com\/fr\/shop\/lostnfound-nimbo-ii-forfait-temporaire-avec-6-mois-de-service\/\",\"name\":\"LOSTnFOUND\u00ae NIMBO II Forfait temporaire avec 6 mois de service - LOSTnFOUND\",\"isPartOf\":{\"@id\":\"https:\/\/iot.lostnfound.com\/#website\"},\"primaryImageOfPage\":{\"@id\":\"https:\/\/iot.lostnfound.com\/fr\/shop\/lostnfound-nimbo-ii-forfait-temporaire-avec-6-mois-de-service\/#primaryimage\"},\"image\":{\"@id\":\"https:\/\/iot.lostnfound.com\/fr\/shop\/lostnfound-nimbo-ii-forfait-temporaire-avec-6-mois-de-service\/#primaryimage\"},\"thumbnailUrl\":\"https:\/\/iot.lostnfound.com\/wp-content\/uploads\/NIMB0_II_B_FR.png\",\"datePublished\":\"2020-08-20T13:32:49+00:00\",\"dateModified\":\"2020-08-20T17:32:37+00:00\",\"breadcrumb\":{\"@id\":\"https:\/\/iot.lostnfound.com\/fr\/shop\/lostnfound-nimbo-ii-forfait-temporaire-avec-6-mois-de-service\/#breadcrumb\"},\"inLanguage\":\"fr-FR\",\"potentialAction\":[{\"@type\":\"ReadAction\",\"target\":[\"https:\/\/iot.lostnfound.com\/fr\/shop\/lostnfound-nimbo-ii-forfait-temporaire-avec-6-mois-de-service\/\"]}]},{\"@type\":\"ImageObject\",\"inLanguage\":\"fr-FR\",\"@id\":\"https:\/\/iot.lostnfound.com\/fr\/shop\/lostnfound-nimbo-ii-forfait-temporaire-avec-6-mois-de-service\/#primaryimage\",\"url\":\"https:\/\/iot.lostnfound.com\/wp-content\/uploads\/NIMB0_II_B_FR.png\",\"contentUrl\":\"https:\/\/iot.lostnfound.com\/wp-content\/uploads\/NIMB0_II_B_FR.png\",\"width\":600,\"height\":430},{\"@type\":\"BreadcrumbList\",\"@id\":\"https:\/\/iot.lostnfound.com\/fr\/shop\/lostnfound-nimbo-ii-forfait-temporaire-avec-6-mois-de-service\/#breadcrumb\",\"itemListElement\":[{\"@type\":\"ListItem\",\"position\":1,\"name\":\"Home\",\"item\":\"https:\/\/iot.lostnfound.com\/fr\/\"},{\"@type\":\"ListItem\",\"position\":2,\"name\":\"Boutique\",\"item\":\"https:\/\/iot.lostnfound.com\/fr\/boutique\/\"},{\"@type\":\"ListItem\",\"position\":3,\"name\":\"LOSTnFOUND\u00ae NIMBO II Forfait temporaire avec 6 mois de service\"}]},{\"@type\":\"WebSite\",\"@id\":\"https:\/\/iot.lostnfound.com\/#website\",\"url\":\"https:\/\/iot.lostnfound.com\/\",\"name\":\"LOSTnFOUND\",\"description\":\"Telematic f\u00fcr das Internet der Dinge\",\"potentialAction\":[{\"@type\":\"SearchAction\",\"target\":{\"@type\":\"EntryPoint\",\"urlTemplate\":\"https:\/\/iot.lostnfound.com\/?s={search_term_string}\"},\"query-input\":{\"@type\":\"PropertyValueSpecification\",\"valueRequired\":true,\"valueName\":\"search_term_string\"}}],\"inLanguage\":\"fr-FR\"}]}<\/script>\n<!-- \/ Yoast SEO plugin. -->","yoast_head_json":{"title":"LOSTnFOUND\u00ae NIMBO II Forfait temporaire avec 6 mois de service - LOSTnFOUND","robots":{"index":"index","follow":"follow","max-snippet":"max-snippet:-1","max-image-preview":"max-image-preview:large","max-video-preview":"max-video-preview:-1"},"canonical":"https:\/\/iot.lostnfound.com\/fr\/shop\/lostnfound-nimbo-ii-forfait-temporaire-avec-6-mois-de-service\/","twitter_misc":{"Dur\u00e9e de lecture estim\u00e9e":"1 minute"},"schema":{"@context":"https:\/\/schema.org","@graph":[{"@type":"WebPage","@id":"https:\/\/iot.lostnfound.com\/fr\/shop\/lostnfound-nimbo-ii-forfait-temporaire-avec-6-mois-de-service\/","url":"https:\/\/iot.lostnfound.com\/fr\/shop\/lostnfound-nimbo-ii-forfait-temporaire-avec-6-mois-de-service\/","name":"LOSTnFOUND\u00ae NIMBO II Forfait temporaire avec 6 mois de service - LOSTnFOUND","isPartOf":{"@id":"https:\/\/iot.lostnfound.com\/#website"},"primaryImageOfPage":{"@id":"https:\/\/iot.lostnfound.com\/fr\/shop\/lostnfound-nimbo-ii-forfait-temporaire-avec-6-mois-de-service\/#primaryimage"},"image":{"@id":"https:\/\/iot.lostnfound.com\/fr\/shop\/lostnfound-nimbo-ii-forfait-temporaire-avec-6-mois-de-service\/#primaryimage"},"thumbnailUrl":"https:\/\/iot.lostnfound.com\/wp-content\/uploads\/NIMB0_II_B_FR.png","datePublished":"2020-08-20T13:32:49+00:00","dateModified":"2020-08-20T17:32:37+00:00","breadcrumb":{"@id":"https:\/\/iot.lostnfound.com\/fr\/shop\/lostnfound-nimbo-ii-forfait-temporaire-avec-6-mois-de-service\/#breadcrumb"},"inLanguage":"fr-FR","potentialAction":[{"@type":"ReadAction","target":["https:\/\/iot.lostnfound.com\/fr\/shop\/lostnfound-nimbo-ii-forfait-temporaire-avec-6-mois-de-service\/"]}]},{"@type":"ImageObject","inLanguage":"fr-FR","@id":"https:\/\/iot.lostnfound.com\/fr\/shop\/lostnfound-nimbo-ii-forfait-temporaire-avec-6-mois-de-service\/#primaryimage","url":"https:\/\/iot.lostnfound.com\/wp-content\/uploads\/NIMB0_II_B_FR.png","contentUrl":"https:\/\/iot.lostnfound.com\/wp-content\/uploads\/NIMB0_II_B_FR.png","width":600,"height":430},{"@type":"BreadcrumbList","@id":"https:\/\/iot.lostnfound.com\/fr\/shop\/lostnfound-nimbo-ii-forfait-temporaire-avec-6-mois-de-service\/#breadcrumb","itemListElement":[{"@type":"ListItem","position":1,"name":"Home","item":"https:\/\/iot.lostnfound.com\/fr\/"},{"@type":"ListItem","position":2,"name":"Boutique","item":"https:\/\/iot.lostnfound.com\/fr\/boutique\/"},{"@type":"ListItem","position":3,"name":"LOSTnFOUND\u00ae NIMBO II Forfait temporaire avec 6 mois de service"}]},{"@type":"WebSite","@id":"https:\/\/iot.lostnfound.com\/#website","url":"https:\/\/iot.lostnfound.com\/","name":"LOSTnFOUND","description":"Telematic f\u00fcr das Internet der Dinge","potentialAction":[{"@type":"SearchAction","target":{"@type":"EntryPoint","urlTemplate":"https:\/\/iot.lostnfound.com\/?s={search_term_string}"},"query-input":{"@type":"PropertyValueSpecification","valueRequired":true,"valueName":"search_term_string"}}],"inLanguage":"fr-FR"}]}},"_links":{"self":[{"href":"https:\/\/iot.lostnfound.com\/fr\/wp-json\/wp\/v2\/product\/10511","targetHints":{"allow":["GET"]}}],"collection":[{"href":"https:\/\/iot.lostnfound.com\/fr\/wp-json\/wp\/v2\/product"}],"about":[{"href":"https:\/\/iot.lostnfound.com\/fr\/wp-json\/wp\/v2\/types\/product"}],"wp:featuredmedia":[{"embeddable":true,"href":"https:\/\/iot.lostnfound.com\/fr\/wp-json\/wp\/v2\/media\/10506"}],"wp:attachment":[{"href":"https:\/\/iot.lostnfound.com\/fr\/wp-json\/wp\/v2\/media?parent=10511"}],"wp:term":[{"taxonomy":"product_brand","embeddable":true,"href":"https:\/\/iot.lostnfound.com\/fr\/wp-json\/wp\/v2\/product_brand?post=10511"},{"taxonomy":"product_cat","embeddable":true,"href":"https:\/\/iot.lostnfound.com\/fr\/wp-json\/wp\/v2\/product_cat?post=10511"},{"taxonomy":"product_tag","embeddable":true,"href":"https:\/\/iot.lostnfound.com\/fr\/wp-json\/wp\/v2\/product_tag?post=10511"}],"curies":[{"name":"wp","href":"https:\/\/api.w.org\/{rel}","templated":true}]}}