{"id":10529,"date":"2020-08-20T15:07:32","date_gmt":"2020-08-20T14:07:32","guid":{"rendered":"https:\/\/iot.lostnfound.com\/shop\/lostnfound-velumplus-bundle-inkl-6-monats-service\/"},"modified":"2020-08-20T18:29:58","modified_gmt":"2020-08-20T17:29:58","slug":"offre-groupee-lostnfound-velumplus-avec-6-mois-de-service","status":"publish","type":"product","link":"https:\/\/iot.lostnfound.com\/fr\/shop\/offre-groupee-lostnfound-velumplus-avec-6-mois-de-service\/","title":{"rendered":"Offre group\u00e9e LOSTnFOUND\u00ae VELUMplus avec 6 mois de service"},"content":{"rendered":"<p>Gr\u00e2ce \u00e0 l&rsquo;unique ConnectedTrailer et au terminal VELUMplus, les marchandises mobiles telles que les remorques, les semi-remorques ou les machines de construction peuvent \u00eatre affich\u00e9es de mani\u00e8re transparente dans les processus op\u00e9rationnels avec une rentabilit\u00e9 sans pr\u00e9c\u00e9dent. Cela est possible parce que le VELUMplus fonctionne dans le r\u00e9seau dit 0G et dispose ainsi d&rsquo;un syst\u00e8me de gestion de l&rsquo;\u00e9nergie extr\u00eamement efficace, qui permet une autonomie de la batterie de plusieurs ann\u00e9es. D\u00e8s que le VELUMplus est fix\u00e9 \u00e0 l&rsquo;objet mobile, il d\u00e9tecte le mouvement de l&rsquo;objet et envoie une position de localisation une fois par heure. La pr\u00e9cision de la localisation et le nombre de positions re\u00e7ues d\u00e9pendent de la couverture dans la r\u00e9gion utilis\u00e9e. Id\u00e9alement, les objets \u00e9quip\u00e9s du VELUMplus peuvent \u00eatre localis\u00e9s avec une pr\u00e9cision allant jusqu&rsquo;\u00e0 10 m\u00e8tres.<\/p>\n<p>Les d\u00e9tails de la couverture dans la zone souhait\u00e9e peuvent \u00eatre trouv\u00e9s sous le lien suivant : <a href=\"https:\/\/www.sigfox.com\/de\/coverage\" target=\"_blank\" rel=\"noopener noreferrer\">https:\/\/www.sigfox.com\/de\/coverage<\/a>.<\/p>\n","protected":false},"excerpt":{"rendered":"<p>Dispositif de localisation<\/p>\n","protected":false},"featured_media":10525,"template":"","meta":{"_acf_changed":false,"inline_featured_image":false},"product_brand":[],"product_cat":[651],"product_tag":[],"class_list":{"0":"post-10529","1":"product","2":"type-product","3":"status-publish","4":"has-post-thumbnail","6":"product_cat-kit-de-demarrage","8":"first","9":"instock","10":"taxable","11":"shipping-taxable","12":"purchasable","13":"product-type-simple"},"acf":[],"yoast_head":"<!-- This site is optimized with the Yoast SEO plugin v26.1.1 - https:\/\/yoast.com\/wordpress\/plugins\/seo\/ -->\n<title>Offre group\u00e9e LOSTnFOUND\u00ae VELUMplus avec 6 mois de service - LOSTnFOUND<\/title>\n<meta name=\"robots\" content=\"index, follow, max-snippet:-1, max-image-preview:large, max-video-preview:-1\" \/>\n<link rel=\"canonical\" href=\"https:\/\/iot.lostnfound.com\/fr\/shop\/offre-groupee-lostnfound-velumplus-avec-6-mois-de-service\/\" \/>\n<meta name=\"twitter:label1\" content=\"Dur\u00e9e de lecture estim\u00e9e\" \/>\n\t<meta name=\"twitter:data1\" content=\"1 minute\" \/>\n<script type=\"application\/ld+json\" class=\"yoast-schema-graph\">{\"@context\":\"https:\/\/schema.org\",\"@graph\":[{\"@type\":\"WebPage\",\"@id\":\"https:\/\/iot.lostnfound.com\/fr\/shop\/offre-groupee-lostnfound-velumplus-avec-6-mois-de-service\/\",\"url\":\"https:\/\/iot.lostnfound.com\/fr\/shop\/offre-groupee-lostnfound-velumplus-avec-6-mois-de-service\/\",\"name\":\"Offre group\u00e9e LOSTnFOUND\u00ae VELUMplus avec 6 mois de service - LOSTnFOUND\",\"isPartOf\":{\"@id\":\"https:\/\/iot.lostnfound.com\/#website\"},\"primaryImageOfPage\":{\"@id\":\"https:\/\/iot.lostnfound.com\/fr\/shop\/offre-groupee-lostnfound-velumplus-avec-6-mois-de-service\/#primaryimage\"},\"image\":{\"@id\":\"https:\/\/iot.lostnfound.com\/fr\/shop\/offre-groupee-lostnfound-velumplus-avec-6-mois-de-service\/#primaryimage\"},\"thumbnailUrl\":\"https:\/\/iot.lostnfound.com\/wp-content\/uploads\/VELUMplus_B_FR.png\",\"datePublished\":\"2020-08-20T14:07:32+00:00\",\"dateModified\":\"2020-08-20T17:29:58+00:00\",\"breadcrumb\":{\"@id\":\"https:\/\/iot.lostnfound.com\/fr\/shop\/offre-groupee-lostnfound-velumplus-avec-6-mois-de-service\/#breadcrumb\"},\"inLanguage\":\"fr-FR\",\"potentialAction\":[{\"@type\":\"ReadAction\",\"target\":[\"https:\/\/iot.lostnfound.com\/fr\/shop\/offre-groupee-lostnfound-velumplus-avec-6-mois-de-service\/\"]}]},{\"@type\":\"ImageObject\",\"inLanguage\":\"fr-FR\",\"@id\":\"https:\/\/iot.lostnfound.com\/fr\/shop\/offre-groupee-lostnfound-velumplus-avec-6-mois-de-service\/#primaryimage\",\"url\":\"https:\/\/iot.lostnfound.com\/wp-content\/uploads\/VELUMplus_B_FR.png\",\"contentUrl\":\"https:\/\/iot.lostnfound.com\/wp-content\/uploads\/VELUMplus_B_FR.png\",\"width\":600,\"height\":430},{\"@type\":\"BreadcrumbList\",\"@id\":\"https:\/\/iot.lostnfound.com\/fr\/shop\/offre-groupee-lostnfound-velumplus-avec-6-mois-de-service\/#breadcrumb\",\"itemListElement\":[{\"@type\":\"ListItem\",\"position\":1,\"name\":\"Home\",\"item\":\"https:\/\/iot.lostnfound.com\/fr\/\"},{\"@type\":\"ListItem\",\"position\":2,\"name\":\"Boutique\",\"item\":\"https:\/\/iot.lostnfound.com\/fr\/boutique\/\"},{\"@type\":\"ListItem\",\"position\":3,\"name\":\"Offre group\u00e9e LOSTnFOUND\u00ae VELUMplus avec 6 mois de service\"}]},{\"@type\":\"WebSite\",\"@id\":\"https:\/\/iot.lostnfound.com\/#website\",\"url\":\"https:\/\/iot.lostnfound.com\/\",\"name\":\"LOSTnFOUND\",\"description\":\"Telematic f\u00fcr das Internet der Dinge\",\"potentialAction\":[{\"@type\":\"SearchAction\",\"target\":{\"@type\":\"EntryPoint\",\"urlTemplate\":\"https:\/\/iot.lostnfound.com\/?s={search_term_string}\"},\"query-input\":{\"@type\":\"PropertyValueSpecification\",\"valueRequired\":true,\"valueName\":\"search_term_string\"}}],\"inLanguage\":\"fr-FR\"}]}<\/script>\n<!-- \/ Yoast SEO plugin. -->","yoast_head_json":{"title":"Offre group\u00e9e LOSTnFOUND\u00ae VELUMplus avec 6 mois de service - LOSTnFOUND","robots":{"index":"index","follow":"follow","max-snippet":"max-snippet:-1","max-image-preview":"max-image-preview:large","max-video-preview":"max-video-preview:-1"},"canonical":"https:\/\/iot.lostnfound.com\/fr\/shop\/offre-groupee-lostnfound-velumplus-avec-6-mois-de-service\/","twitter_misc":{"Dur\u00e9e de lecture estim\u00e9e":"1 minute"},"schema":{"@context":"https:\/\/schema.org","@graph":[{"@type":"WebPage","@id":"https:\/\/iot.lostnfound.com\/fr\/shop\/offre-groupee-lostnfound-velumplus-avec-6-mois-de-service\/","url":"https:\/\/iot.lostnfound.com\/fr\/shop\/offre-groupee-lostnfound-velumplus-avec-6-mois-de-service\/","name":"Offre group\u00e9e LOSTnFOUND\u00ae VELUMplus avec 6 mois de service - LOSTnFOUND","isPartOf":{"@id":"https:\/\/iot.lostnfound.com\/#website"},"primaryImageOfPage":{"@id":"https:\/\/iot.lostnfound.com\/fr\/shop\/offre-groupee-lostnfound-velumplus-avec-6-mois-de-service\/#primaryimage"},"image":{"@id":"https:\/\/iot.lostnfound.com\/fr\/shop\/offre-groupee-lostnfound-velumplus-avec-6-mois-de-service\/#primaryimage"},"thumbnailUrl":"https:\/\/iot.lostnfound.com\/wp-content\/uploads\/VELUMplus_B_FR.png","datePublished":"2020-08-20T14:07:32+00:00","dateModified":"2020-08-20T17:29:58+00:00","breadcrumb":{"@id":"https:\/\/iot.lostnfound.com\/fr\/shop\/offre-groupee-lostnfound-velumplus-avec-6-mois-de-service\/#breadcrumb"},"inLanguage":"fr-FR","potentialAction":[{"@type":"ReadAction","target":["https:\/\/iot.lostnfound.com\/fr\/shop\/offre-groupee-lostnfound-velumplus-avec-6-mois-de-service\/"]}]},{"@type":"ImageObject","inLanguage":"fr-FR","@id":"https:\/\/iot.lostnfound.com\/fr\/shop\/offre-groupee-lostnfound-velumplus-avec-6-mois-de-service\/#primaryimage","url":"https:\/\/iot.lostnfound.com\/wp-content\/uploads\/VELUMplus_B_FR.png","contentUrl":"https:\/\/iot.lostnfound.com\/wp-content\/uploads\/VELUMplus_B_FR.png","width":600,"height":430},{"@type":"BreadcrumbList","@id":"https:\/\/iot.lostnfound.com\/fr\/shop\/offre-groupee-lostnfound-velumplus-avec-6-mois-de-service\/#breadcrumb","itemListElement":[{"@type":"ListItem","position":1,"name":"Home","item":"https:\/\/iot.lostnfound.com\/fr\/"},{"@type":"ListItem","position":2,"name":"Boutique","item":"https:\/\/iot.lostnfound.com\/fr\/boutique\/"},{"@type":"ListItem","position":3,"name":"Offre group\u00e9e LOSTnFOUND\u00ae VELUMplus avec 6 mois de service"}]},{"@type":"WebSite","@id":"https:\/\/iot.lostnfound.com\/#website","url":"https:\/\/iot.lostnfound.com\/","name":"LOSTnFOUND","description":"Telematic f\u00fcr das Internet der Dinge","potentialAction":[{"@type":"SearchAction","target":{"@type":"EntryPoint","urlTemplate":"https:\/\/iot.lostnfound.com\/?s={search_term_string}"},"query-input":{"@type":"PropertyValueSpecification","valueRequired":true,"valueName":"search_term_string"}}],"inLanguage":"fr-FR"}]}},"_links":{"self":[{"href":"https:\/\/iot.lostnfound.com\/fr\/wp-json\/wp\/v2\/product\/10529","targetHints":{"allow":["GET"]}}],"collection":[{"href":"https:\/\/iot.lostnfound.com\/fr\/wp-json\/wp\/v2\/product"}],"about":[{"href":"https:\/\/iot.lostnfound.com\/fr\/wp-json\/wp\/v2\/types\/product"}],"wp:featuredmedia":[{"embeddable":true,"href":"https:\/\/iot.lostnfound.com\/fr\/wp-json\/wp\/v2\/media\/10525"}],"wp:attachment":[{"href":"https:\/\/iot.lostnfound.com\/fr\/wp-json\/wp\/v2\/media?parent=10529"}],"wp:term":[{"taxonomy":"product_brand","embeddable":true,"href":"https:\/\/iot.lostnfound.com\/fr\/wp-json\/wp\/v2\/product_brand?post=10529"},{"taxonomy":"product_cat","embeddable":true,"href":"https:\/\/iot.lostnfound.com\/fr\/wp-json\/wp\/v2\/product_cat?post=10529"},{"taxonomy":"product_tag","embeddable":true,"href":"https:\/\/iot.lostnfound.com\/fr\/wp-json\/wp\/v2\/product_tag?post=10529"}],"curies":[{"name":"wp","href":"https:\/\/api.w.org\/{rel}","templated":true}]}}