{"id":9729,"date":"2019-03-05T17:41:29","date_gmt":"2019-03-05T16:41:29","guid":{"rendered":"http:\/\/lostnfound.firmennest.com\/shop\/velumplus\/"},"modified":"2019-08-29T18:32:38","modified_gmt":"2019-08-29T17:32:38","slug":"6-mois-paquet-connectedtrailer-velumplus","status":"publish","type":"product","link":"https:\/\/iot.lostnfound.com\/fr\/shop\/6-mois-paquet-connectedtrailer-velumplus\/","title":{"rendered":"ConnectedTrailer (VELUMplus)"},"content":{"rendered":"<p>Avec l\u2019unique VELUMplus, les marchandises mobiles telles que les remorques ou les Conteneurss peuvent d\u00e9sormais \u00eatre pr\u00e9sent\u00e9es de mani\u00e8re transparente dans les processus op\u00e9rationnels avec une rentabilit\u00e9 sans pr\u00e9c\u00e9dent. En plus de sa fonctionnalit\u00e9 de localisation, ce terminal unique offre \u00e9galement de nombreuses options de configuration telles que le bouton d\u2019urgence, le capteur magn\u00e9tique, de mouvement, de choc ou de temp\u00e9rature.<\/p>\n","protected":false},"excerpt":{"rendered":"<p>incl. 6-mois paquet<\/p>\n","protected":false},"featured_media":9793,"template":"","meta":{"_acf_changed":false,"inline_featured_image":false},"product_brand":[],"product_cat":[635],"product_tag":[],"class_list":{"0":"post-9729","1":"product","2":"type-product","3":"status-publish","4":"has-post-thumbnail","6":"product_cat-connectedtrailer-fr","8":"first","9":"instock","10":"taxable","11":"shipping-taxable","12":"purchasable","13":"product-type-simple"},"acf":[],"yoast_head":"<!-- This site is optimized with the Yoast SEO plugin v26.1.1 - https:\/\/yoast.com\/wordpress\/plugins\/seo\/ -->\n<title>ConnectedTrailer (VELUMplus) - LOSTnFOUND<\/title>\n<meta name=\"robots\" content=\"index, follow, max-snippet:-1, max-image-preview:large, max-video-preview:-1\" \/>\n<link rel=\"canonical\" href=\"https:\/\/iot.lostnfound.com\/fr\/shop\/6-mois-paquet-connectedtrailer-velumplus\/\" \/>\n<script type=\"application\/ld+json\" class=\"yoast-schema-graph\">{\"@context\":\"https:\/\/schema.org\",\"@graph\":[{\"@type\":\"WebPage\",\"@id\":\"https:\/\/iot.lostnfound.com\/fr\/shop\/6-mois-paquet-connectedtrailer-velumplus\/\",\"url\":\"https:\/\/iot.lostnfound.com\/fr\/shop\/6-mois-paquet-connectedtrailer-velumplus\/\",\"name\":\"ConnectedTrailer (VELUMplus) - LOSTnFOUND\",\"isPartOf\":{\"@id\":\"https:\/\/iot.lostnfound.com\/#website\"},\"primaryImageOfPage\":{\"@id\":\"https:\/\/iot.lostnfound.com\/fr\/shop\/6-mois-paquet-connectedtrailer-velumplus\/#primaryimage\"},\"image\":{\"@id\":\"https:\/\/iot.lostnfound.com\/fr\/shop\/6-mois-paquet-connectedtrailer-velumplus\/#primaryimage\"},\"thumbnailUrl\":\"https:\/\/iot.lostnfound.com\/wp-content\/uploads\/velum_screens-offer.jpg\",\"datePublished\":\"2019-03-05T16:41:29+00:00\",\"dateModified\":\"2019-08-29T17:32:38+00:00\",\"breadcrumb\":{\"@id\":\"https:\/\/iot.lostnfound.com\/fr\/shop\/6-mois-paquet-connectedtrailer-velumplus\/#breadcrumb\"},\"inLanguage\":\"fr-FR\",\"potentialAction\":[{\"@type\":\"ReadAction\",\"target\":[\"https:\/\/iot.lostnfound.com\/fr\/shop\/6-mois-paquet-connectedtrailer-velumplus\/\"]}]},{\"@type\":\"ImageObject\",\"inLanguage\":\"fr-FR\",\"@id\":\"https:\/\/iot.lostnfound.com\/fr\/shop\/6-mois-paquet-connectedtrailer-velumplus\/#primaryimage\",\"url\":\"https:\/\/iot.lostnfound.com\/wp-content\/uploads\/velum_screens-offer.jpg\",\"contentUrl\":\"https:\/\/iot.lostnfound.com\/wp-content\/uploads\/velum_screens-offer.jpg\",\"width\":500,\"height\":292,\"caption\":\"VELUMplus Angebot\"},{\"@type\":\"BreadcrumbList\",\"@id\":\"https:\/\/iot.lostnfound.com\/fr\/shop\/6-mois-paquet-connectedtrailer-velumplus\/#breadcrumb\",\"itemListElement\":[{\"@type\":\"ListItem\",\"position\":1,\"name\":\"Home\",\"item\":\"https:\/\/iot.lostnfound.com\/fr\/\"},{\"@type\":\"ListItem\",\"position\":2,\"name\":\"Boutique\",\"item\":\"https:\/\/iot.lostnfound.com\/fr\/boutique\/\"},{\"@type\":\"ListItem\",\"position\":3,\"name\":\"ConnectedTrailer (VELUMplus)\"}]},{\"@type\":\"WebSite\",\"@id\":\"https:\/\/iot.lostnfound.com\/#website\",\"url\":\"https:\/\/iot.lostnfound.com\/\",\"name\":\"LOSTnFOUND\",\"description\":\"Telematic f\u00fcr das Internet der Dinge\",\"potentialAction\":[{\"@type\":\"SearchAction\",\"target\":{\"@type\":\"EntryPoint\",\"urlTemplate\":\"https:\/\/iot.lostnfound.com\/?s={search_term_string}\"},\"query-input\":{\"@type\":\"PropertyValueSpecification\",\"valueRequired\":true,\"valueName\":\"search_term_string\"}}],\"inLanguage\":\"fr-FR\"}]}<\/script>\n<!-- \/ Yoast SEO plugin. -->","yoast_head_json":{"title":"ConnectedTrailer (VELUMplus) - LOSTnFOUND","robots":{"index":"index","follow":"follow","max-snippet":"max-snippet:-1","max-image-preview":"max-image-preview:large","max-video-preview":"max-video-preview:-1"},"canonical":"https:\/\/iot.lostnfound.com\/fr\/shop\/6-mois-paquet-connectedtrailer-velumplus\/","schema":{"@context":"https:\/\/schema.org","@graph":[{"@type":"WebPage","@id":"https:\/\/iot.lostnfound.com\/fr\/shop\/6-mois-paquet-connectedtrailer-velumplus\/","url":"https:\/\/iot.lostnfound.com\/fr\/shop\/6-mois-paquet-connectedtrailer-velumplus\/","name":"ConnectedTrailer (VELUMplus) - LOSTnFOUND","isPartOf":{"@id":"https:\/\/iot.lostnfound.com\/#website"},"primaryImageOfPage":{"@id":"https:\/\/iot.lostnfound.com\/fr\/shop\/6-mois-paquet-connectedtrailer-velumplus\/#primaryimage"},"image":{"@id":"https:\/\/iot.lostnfound.com\/fr\/shop\/6-mois-paquet-connectedtrailer-velumplus\/#primaryimage"},"thumbnailUrl":"https:\/\/iot.lostnfound.com\/wp-content\/uploads\/velum_screens-offer.jpg","datePublished":"2019-03-05T16:41:29+00:00","dateModified":"2019-08-29T17:32:38+00:00","breadcrumb":{"@id":"https:\/\/iot.lostnfound.com\/fr\/shop\/6-mois-paquet-connectedtrailer-velumplus\/#breadcrumb"},"inLanguage":"fr-FR","potentialAction":[{"@type":"ReadAction","target":["https:\/\/iot.lostnfound.com\/fr\/shop\/6-mois-paquet-connectedtrailer-velumplus\/"]}]},{"@type":"ImageObject","inLanguage":"fr-FR","@id":"https:\/\/iot.lostnfound.com\/fr\/shop\/6-mois-paquet-connectedtrailer-velumplus\/#primaryimage","url":"https:\/\/iot.lostnfound.com\/wp-content\/uploads\/velum_screens-offer.jpg","contentUrl":"https:\/\/iot.lostnfound.com\/wp-content\/uploads\/velum_screens-offer.jpg","width":500,"height":292,"caption":"VELUMplus Angebot"},{"@type":"BreadcrumbList","@id":"https:\/\/iot.lostnfound.com\/fr\/shop\/6-mois-paquet-connectedtrailer-velumplus\/#breadcrumb","itemListElement":[{"@type":"ListItem","position":1,"name":"Home","item":"https:\/\/iot.lostnfound.com\/fr\/"},{"@type":"ListItem","position":2,"name":"Boutique","item":"https:\/\/iot.lostnfound.com\/fr\/boutique\/"},{"@type":"ListItem","position":3,"name":"ConnectedTrailer (VELUMplus)"}]},{"@type":"WebSite","@id":"https:\/\/iot.lostnfound.com\/#website","url":"https:\/\/iot.lostnfound.com\/","name":"LOSTnFOUND","description":"Telematic f\u00fcr das Internet der Dinge","potentialAction":[{"@type":"SearchAction","target":{"@type":"EntryPoint","urlTemplate":"https:\/\/iot.lostnfound.com\/?s={search_term_string}"},"query-input":{"@type":"PropertyValueSpecification","valueRequired":true,"valueName":"search_term_string"}}],"inLanguage":"fr-FR"}]}},"_links":{"self":[{"href":"https:\/\/iot.lostnfound.com\/fr\/wp-json\/wp\/v2\/product\/9729","targetHints":{"allow":["GET"]}}],"collection":[{"href":"https:\/\/iot.lostnfound.com\/fr\/wp-json\/wp\/v2\/product"}],"about":[{"href":"https:\/\/iot.lostnfound.com\/fr\/wp-json\/wp\/v2\/types\/product"}],"wp:featuredmedia":[{"embeddable":true,"href":"https:\/\/iot.lostnfound.com\/fr\/wp-json\/wp\/v2\/media\/9793"}],"wp:attachment":[{"href":"https:\/\/iot.lostnfound.com\/fr\/wp-json\/wp\/v2\/media?parent=9729"}],"wp:term":[{"taxonomy":"product_brand","embeddable":true,"href":"https:\/\/iot.lostnfound.com\/fr\/wp-json\/wp\/v2\/product_brand?post=9729"},{"taxonomy":"product_cat","embeddable":true,"href":"https:\/\/iot.lostnfound.com\/fr\/wp-json\/wp\/v2\/product_cat?post=9729"},{"taxonomy":"product_tag","embeddable":true,"href":"https:\/\/iot.lostnfound.com\/fr\/wp-json\/wp\/v2\/product_tag?post=9729"}],"curies":[{"name":"wp","href":"https:\/\/api.w.org\/{rel}","templated":true}]}}